{"id":5414,"date":"2019-12-04T20:31:35","date_gmt":"2019-12-04T19:31:35","guid":{"rendered":"https:\/\/tranquilseas.two.testovaciverze.cz\/?page_id=5414"},"modified":"2019-12-07T16:35:25","modified_gmt":"2019-12-07T15:35:25","slug":"ubytovaci-rad","status":"publish","type":"page","link":"https:\/\/tranquilseas.two.testovaciverze.cz\/es\/reglas-de-alojamiento\/","title":{"rendered":"Reglas de alojamiento"},"content":{"rendered":"\t\t<div data-elementor-type=\"wp-post\" data-elementor-id=\"5414\" class=\"elementor elementor-5414 elementor-3240\" data-elementor-post-type=\"page\">\n\t\t\t\t\t\t<section class=\"elementor-section elementor-top-section elementor-element elementor-element-85fcd17 elementor-section-stretched elementor-section-content-middle elementor-section-boxed elementor-section-height-default elementor-section-height-default\" data-id=\"85fcd17\" data-element_type=\"section\" data-settings=\"{&quot;stretch_section&quot;:&quot;section-stretched&quot;,&quot;background_background&quot;:&quot;classic&quot;}\">\n\t\t\t\t\t\t<div class=\"elementor-container elementor-column-gap-default\">\n\t\t\t\t\t<div class=\"elementor-column elementor-col-100 elementor-top-column elementor-element elementor-element-bcb6ce4\" data-id=\"bcb6ce4\" data-element_type=\"column\">\n\t\t\t<div class=\"elementor-widget-wrap elementor-element-populated\">\n\t\t\t\t\t\t<div class=\"elementor-element elementor-element-8242977 elementor-invisible elementor-widget elementor-widget-heading\" data-id=\"8242977\" data-element_type=\"widget\" data-settings=\"{&quot;_animation&quot;:&quot;fadeInUp&quot;}\" data-widget_type=\"heading.default\">\n\t\t\t\t<div class=\"elementor-widget-container\">\n\t\t\t<h3 class=\"elementor-heading-title elementor-size-default\">REGLAS DE ALOJAMIENTO<\/h3>\t\t<\/div>\n\t\t\t\t<\/div>\n\t\t\t\t\t<\/div>\n\t\t<\/div>\n\t\t\t\t\t<\/div>\n\t\t<\/section>\n\t\t\t\t<section class=\"elementor-section elementor-top-section elementor-element elementor-element-f3ed859 elementor-section-stretched elementor-section-content-middle elementor-section-boxed elementor-section-height-default elementor-section-height-default\" data-id=\"f3ed859\" data-element_type=\"section\" data-settings=\"{&quot;stretch_section&quot;:&quot;section-stretched&quot;}\">\n\t\t\t\t\t\t<div class=\"elementor-container elementor-column-gap-default\">\n\t\t\t\t\t<div class=\"elementor-column elementor-col-100 elementor-top-column elementor-element elementor-element-5c6d435\" data-id=\"5c6d435\" data-element_type=\"column\">\n\t\t\t<div class=\"elementor-widget-wrap elementor-element-populated\">\n\t\t\t\t\t\t<div class=\"elementor-element elementor-element-39bbc1f elementor-invisible elementor-widget elementor-widget-text-editor\" data-id=\"39bbc1f\" data-element_type=\"widget\" data-settings=\"{&quot;_animation&quot;:&quot;fadeInUp&quot;}\" data-widget_type=\"text-editor.default\">\n\t\t\t\t<div class=\"elementor-widget-container\">\n\t\t\t\t\t\t\t<ol><li>Cada hu\u00e9sped est\u00e1 consciente que est\u00e1 estrictamente prohibido fumar en el hotel. Al violar esta regla, el hotel est\u00e1 autorizado a expulsar al hu\u00e9sped y pedir el gasto de la limpieza de la habitaci\u00f3n por importe de 300 USD.\u00a0\u00a0<\/li><li>El hotel est\u00e1 autorizado a alojar solamente hu\u00e9spedes que est\u00e1n registrados correctamente. Al llegar, los hu\u00e9spedes est\u00e1n obligados a presentar el carn\u00e9 de identidad v\u00e1lido, rellenar y firmar la tarjeta de registraci\u00f3n. Despu\u00e9s recibir\u00e1n la llave de la habitaci\u00f3n.\u00a0<\/li><li>En casos especiales, el hotel est\u00e1 autorizado a ofrecer al hu\u00e9sped otra habitaci\u00f3n de la que reserv\u00f3. Esta habitaci\u00f3n no puede diferenciarse notablemente de la habitaci\u00f3n reservada.<\/li><li>A base de reservaci\u00f3n sin garant\u00eda (autorizaci\u00f3n previa), el hotel reserva la habitaci\u00f3n hasta las 17 horas, si no fue acordado algo diferente.\u00a0<\/li><li>Si el hu\u00e9sped reserv\u00f3 la habitaci\u00f3n individual y su pedido fue confirmado por el hotel, se le cobrar\u00e1 el precio por la habitaci\u00f3n individual, aunque se le hubiera dado otra habitaci\u00f3n m\u00e1s grande.<\/li><li>Si no es posible prolongar la estancia del hu\u00e9sped en la habitaci\u00f3n en la que se aloj\u00f3 al llegar, el hotel le puede ofrecer otra habitaci\u00f3n.<\/li><li>El hotel NO es responsable de las propiedades de los hu\u00e9spedes y de los da\u00f1os de sus pertenencias.<\/li><li>Las visitas se aceptan en las salas comunes del hotel. En la parte del hotel donde est\u00e1n las habitaciones se pueden aceptar las visitas de 8 a 22 horas con el acuerdo del recepcionista y se tienen que apuntar en el libro de visitas. Fuera de este horario, en esta parte pueden entrar solamente los hu\u00e9spedes del hotel.\u00a0\u00a0<\/li><li>Los hu\u00e9spedes no pueden mover los muebles en los cuartos ni en las salas comunes del hotel.<\/li><li>En el hotel no se pueden usar electrodom\u00e9sticos propios. Esta regla no se refiere a los aparatos de la higiene personal (secadoras de pelo, rasuradoras, etc.), a los aparatos de computaci\u00f3n (computadora port\u00e1til) y cargadores para los aparatos de computaci\u00f3n y aparatos electr\u00f3nicos peque\u00f1os (computadora port\u00e1til, c\u00e1mara).<\/li><li>Los ni\u00f1os menores de diez a\u00f1os no pueden quedarse solos en la habitaci\u00f3n y en otros lugares del hotel sin vigilancia de una persona adulta por razones de seguridad. La persona adulta tiene plena responsabilidad de da\u00f1os causados por los ni\u00f1os.<\/li><li>Los perros y otros animales pueden compartir la habitaci\u00f3n si su due\u00f1o presenta el carn\u00e9 de vacunas del animal. Los perros y otros animales dom\u00e9sticos no pueden acostarse sobre las camas y otros inmuebles en el hotel y tambi\u00e9n les est\u00e1 prohibido entrar en el restaurante. Al hu\u00e9sped se le cobrar\u00e1 el gasto seg\u00fan la lista de precios v\u00e1lida.<\/li><li>De 22 a 7 horas los hu\u00e9spedes est\u00e1n obligados a guardar silencio.<\/li><li>Los hu\u00e9spedes son responsables de los da\u00f1os en la propiedad del hotel.<\/li><li>El hu\u00e9sped tiene que registrar su salida hasta las 12 horas del \u00faltimo d\u00eda de su estancia, si no fue acordado algo diferente. Si registra su salida despu\u00e9s de esta hora, se le cobrar\u00e1 una taza especial \u201cpor el uso de la habitaci\u00f3n de d\u00eda\u201d, o el importe de otro d\u00eda de la estancia.\u00a0\u00a0<\/li><li>Al salir de la habitaci\u00f3n, los hu\u00e9spedes tienen que cerrar grifos, ventanas, apagar la luz y cerrar la puerta de la habitaci\u00f3n. Al registrar la salida, tienen que entregar la llave en la recepci\u00f3n.<\/li><li>Al registrar la llegada, los hu\u00e9spedes pagan el suplemento por el alojamiento y servicios seg\u00fan la lista de precios v\u00e1lida. En caso de estancia m\u00e1s larga, el hu\u00e9sped tiene que pagar su cuenta en el restaurante cada tres d\u00edas como m\u00ednimo. Antes de la salida del hotel, cada hu\u00e9sped est\u00e1 obligado a registrar su salida y pagar su cuenta.\u00a0<\/li><li>Un hu\u00e9sped ebrio puede ser y ser\u00e1 expulsado del hotel.<\/li><li>Los hu\u00e9spedes est\u00e1n obligados a conocer las reglas de alojamiento. En caso de violaci\u00f3n de las reglas de alojamiento, la direcci\u00f3n del hotel tiene derecho a terminar el alojamiento del hu\u00e9sped antes del d\u00eda de salida acordado.<\/li><\/ol>\t\t\t\t\t\t<\/div>\n\t\t\t\t<\/div>\n\t\t\t\t\t<\/div>\n\t\t<\/div>\n\t\t\t\t\t<\/div>\n\t\t<\/section>\n\t\t\t\t<section class=\"elementor-section elementor-top-section elementor-element elementor-element-8dfa05a elementor-section-stretched elementor-section-content-middle elementor-section-boxed elementor-section-height-default elementor-section-height-default\" data-id=\"8dfa05a\" data-element_type=\"section\" data-settings=\"{&quot;stretch_section&quot;:&quot;section-stretched&quot;,&quot;background_background&quot;:&quot;classic&quot;}\">\n\t\t\t\t\t\t<div class=\"elementor-container elementor-column-gap-default\">\n\t\t\t\t\t<div class=\"elementor-column elementor-col-100 elementor-top-column elementor-element elementor-element-b96344a\" data-id=\"b96344a\" data-element_type=\"column\">\n\t\t\t<div class=\"elementor-widget-wrap elementor-element-populated\">\n\t\t\t\t\t\t<div class=\"elementor-element elementor-element-aa2fa65 elementor-invisible elementor-widget elementor-widget-heading\" data-id=\"aa2fa65\" data-element_type=\"widget\" data-settings=\"{&quot;_animation&quot;:&quot;fadeInUp&quot;}\" data-widget_type=\"heading.default\">\n\t\t\t\t<div class=\"elementor-widget-container\">\n\t\t\t<h5 class=\"elementor-heading-title elementor-size-default\">Estas reglas de alojamiento entran en vigor el d\u00eda 1 de DICIEMBRE de 2019.<\/h5>\t\t<\/div>\n\t\t\t\t<\/div>\n\t\t\t\t\t<\/div>\n\t\t<\/div>\n\t\t\t\t\t<\/div>\n\t\t<\/section>\n\t\t\t\t<\/div>\n\t\t","protected":false},"excerpt":{"rendered":"<p>REGLAS DE ALOJAMIENTO Cada hu\u00e9sped est\u00e1 consciente que est\u00e1 estrictamente prohibido fumar en el hotel. Al violar esta regla, el hotel est\u00e1 autorizado a expulsar al hu\u00e9sped y pedir el gasto de la limpieza de la habitaci\u00f3n por importe de 300 USD. El hotel est\u00e1 autorizado a alojar solamente hu\u00e9spedes que est\u00e1n registrados correctamente. Al&hellip;<\/p>\n","protected":false},"author":1,"featured_media":0,"parent":0,"menu_order":0,"comment_status":"closed","ping_status":"closed","template":"","meta":{"_acf_changed":false,"footnotes":""},"class_list":["post-5414","page","type-page","status-publish","hentry"],"acf":[],"yoast_head":"<!-- This site is optimized with the Yoast SEO plugin v25.0 - https:\/\/yoast.com\/wordpress\/plugins\/seo\/ -->\n<title>Reglas de alojamiento | Tranquilseas Hotel Resort Roatan<\/title>\n<meta name=\"description\" content=\"Reglas de alojamiento del hotel Tranquilseas en Roat\u00e1n en el Caribe. Resort familiar en la playa para vacaciones perfectas con buceo, yoga y pesca.\" \/>\n<meta name=\"robots\" content=\"noindex, nofollow\" \/>\n<meta property=\"og:locale\" content=\"es_ES\" \/>\n<meta property=\"og:type\" content=\"article\" \/>\n<meta property=\"og:title\" content=\"Reglas de alojamiento | Tranquilseas Hotel Resort Roatan\" \/>\n<meta property=\"og:description\" content=\"Reglas de alojamiento del hotel Tranquilseas en Roat\u00e1n en el Caribe. Resort familiar en la playa para vacaciones perfectas con buceo, yoga y pesca.\" \/>\n<meta property=\"og:url\" content=\"https:\/\/tranquilseas.two.testovaciverze.cz\/es\/reglas-de-alojamiento\/\" \/>\n<meta property=\"og:site_name\" content=\"Tranquilseas Hotel Resort Roatan\" \/>\n<meta property=\"article:publisher\" content=\"https:\/\/www.facebook.com\/tranquilseasecolodge\/\" \/>\n<meta property=\"article:modified_time\" content=\"2019-12-07T15:35:25+00:00\" \/>\n<meta name=\"twitter:card\" content=\"summary_large_image\" \/>\n<meta name=\"twitter:site\" content=\"@tranquilseas\" \/>\n<meta name=\"twitter:label1\" content=\"Tiempo de lectura\" \/>\n\t<meta name=\"twitter:data1\" content=\"4 minutos\" \/>\n<script type=\"application\/ld+json\" class=\"yoast-schema-graph\">{\"@context\":\"https:\/\/schema.org\",\"@graph\":[{\"@type\":\"WebPage\",\"@id\":\"https:\/\/tranquilseas.two.testovaciverze.cz\/es\/reglas-de-alojamiento\/\",\"url\":\"https:\/\/tranquilseas.two.testovaciverze.cz\/es\/reglas-de-alojamiento\/\",\"name\":\"Reglas de alojamiento | Tranquilseas Hotel Resort Roatan\",\"isPartOf\":{\"@id\":\"https:\/\/tranquilseas.two.testovaciverze.cz\/es\/#website\"},\"datePublished\":\"2019-12-04T19:31:35+00:00\",\"dateModified\":\"2019-12-07T15:35:25+00:00\",\"description\":\"Reglas de alojamiento del hotel Tranquilseas en Roat\u00e1n en el Caribe. Resort familiar en la playa para vacaciones perfectas con buceo, yoga y pesca.\",\"breadcrumb\":{\"@id\":\"https:\/\/tranquilseas.two.testovaciverze.cz\/es\/reglas-de-alojamiento\/#breadcrumb\"},\"inLanguage\":\"es\",\"potentialAction\":[{\"@type\":\"ReadAction\",\"target\":[\"https:\/\/tranquilseas.two.testovaciverze.cz\/es\/reglas-de-alojamiento\/\"]}]},{\"@type\":\"BreadcrumbList\",\"@id\":\"https:\/\/tranquilseas.two.testovaciverze.cz\/es\/reglas-de-alojamiento\/#breadcrumb\",\"itemListElement\":[{\"@type\":\"ListItem\",\"position\":1,\"name\":\"Inicio\",\"item\":\"https:\/\/tranquilseas.two.testovaciverze.cz\/es\/\"},{\"@type\":\"ListItem\",\"position\":2,\"name\":\"Reglas de alojamiento\"}]},{\"@type\":\"WebSite\",\"@id\":\"https:\/\/tranquilseas.two.testovaciverze.cz\/es\/#website\",\"url\":\"https:\/\/tranquilseas.two.testovaciverze.cz\/es\/\",\"name\":\"Tranquilseas Hotel Resort Roatan\",\"description\":\"\",\"publisher\":{\"@id\":\"https:\/\/tranquilseas.two.testovaciverze.cz\/es\/#organization\"},\"potentialAction\":[{\"@type\":\"SearchAction\",\"target\":{\"@type\":\"EntryPoint\",\"urlTemplate\":\"https:\/\/tranquilseas.two.testovaciverze.cz\/es\/?s={search_term_string}\"},\"query-input\":{\"@type\":\"PropertyValueSpecification\",\"valueRequired\":true,\"valueName\":\"search_term_string\"}}],\"inLanguage\":\"es\"},{\"@type\":\"Organization\",\"@id\":\"https:\/\/tranquilseas.two.testovaciverze.cz\/es\/#organization\",\"name\":\"Tranquilseas Hotel Resort\",\"url\":\"https:\/\/tranquilseas.two.testovaciverze.cz\/es\/\",\"logo\":{\"@type\":\"ImageObject\",\"inLanguage\":\"es\",\"@id\":\"https:\/\/tranquilseas.two.testovaciverze.cz\/es\/#\/schema\/logo\/image\/\",\"url\":\"https:\/\/tranquilseas.two.testovaciverze.cz\/wp-content\/uploads\/2019\/11\/tranquilseas-eco-lodge-and-dive-center-logo.jpg\",\"contentUrl\":\"https:\/\/tranquilseas.two.testovaciverze.cz\/wp-content\/uploads\/2019\/11\/tranquilseas-eco-lodge-and-dive-center-logo.jpg\",\"width\":320,\"height\":320,\"caption\":\"Tranquilseas Hotel Resort\"},\"image\":{\"@id\":\"https:\/\/tranquilseas.two.testovaciverze.cz\/es\/#\/schema\/logo\/image\/\"},\"sameAs\":[\"https:\/\/www.facebook.com\/tranquilseasecolodge\/\",\"https:\/\/x.com\/tranquilseas\"]}]}<\/script>\n<!-- \/ Yoast SEO plugin. -->","yoast_head_json":{"title":"Reglas de alojamiento | Tranquilseas Hotel Resort Roatan","description":"Reglas de alojamiento del hotel Tranquilseas en Roat\u00e1n en el Caribe. Resort familiar en la playa para vacaciones perfectas con buceo, yoga y pesca.","robots":{"index":"noindex","follow":"nofollow"},"og_locale":"es_ES","og_type":"article","og_title":"Reglas de alojamiento | Tranquilseas Hotel Resort Roatan","og_description":"Reglas de alojamiento del hotel Tranquilseas en Roat\u00e1n en el Caribe. Resort familiar en la playa para vacaciones perfectas con buceo, yoga y pesca.","og_url":"https:\/\/tranquilseas.two.testovaciverze.cz\/es\/reglas-de-alojamiento\/","og_site_name":"Tranquilseas Hotel Resort Roatan","article_publisher":"https:\/\/www.facebook.com\/tranquilseasecolodge\/","article_modified_time":"2019-12-07T15:35:25+00:00","twitter_card":"summary_large_image","twitter_site":"@tranquilseas","twitter_misc":{"Tiempo de lectura":"4 minutos"},"schema":{"@context":"https:\/\/schema.org","@graph":[{"@type":"WebPage","@id":"https:\/\/tranquilseas.two.testovaciverze.cz\/es\/reglas-de-alojamiento\/","url":"https:\/\/tranquilseas.two.testovaciverze.cz\/es\/reglas-de-alojamiento\/","name":"Reglas de alojamiento | Tranquilseas Hotel Resort Roatan","isPartOf":{"@id":"https:\/\/tranquilseas.two.testovaciverze.cz\/es\/#website"},"datePublished":"2019-12-04T19:31:35+00:00","dateModified":"2019-12-07T15:35:25+00:00","description":"Reglas de alojamiento del hotel Tranquilseas en Roat\u00e1n en el Caribe. Resort familiar en la playa para vacaciones perfectas con buceo, yoga y pesca.","breadcrumb":{"@id":"https:\/\/tranquilseas.two.testovaciverze.cz\/es\/reglas-de-alojamiento\/#breadcrumb"},"inLanguage":"es","potentialAction":[{"@type":"ReadAction","target":["https:\/\/tranquilseas.two.testovaciverze.cz\/es\/reglas-de-alojamiento\/"]}]},{"@type":"BreadcrumbList","@id":"https:\/\/tranquilseas.two.testovaciverze.cz\/es\/reglas-de-alojamiento\/#breadcrumb","itemListElement":[{"@type":"ListItem","position":1,"name":"Inicio","item":"https:\/\/tranquilseas.two.testovaciverze.cz\/es\/"},{"@type":"ListItem","position":2,"name":"Reglas de alojamiento"}]},{"@type":"WebSite","@id":"https:\/\/tranquilseas.two.testovaciverze.cz\/es\/#website","url":"https:\/\/tranquilseas.two.testovaciverze.cz\/es\/","name":"Tranquilseas Hotel Resort Roatan","description":"","publisher":{"@id":"https:\/\/tranquilseas.two.testovaciverze.cz\/es\/#organization"},"potentialAction":[{"@type":"SearchAction","target":{"@type":"EntryPoint","urlTemplate":"https:\/\/tranquilseas.two.testovaciverze.cz\/es\/?s={search_term_string}"},"query-input":{"@type":"PropertyValueSpecification","valueRequired":true,"valueName":"search_term_string"}}],"inLanguage":"es"},{"@type":"Organization","@id":"https:\/\/tranquilseas.two.testovaciverze.cz\/es\/#organization","name":"Tranquilseas Hotel Resort","url":"https:\/\/tranquilseas.two.testovaciverze.cz\/es\/","logo":{"@type":"ImageObject","inLanguage":"es","@id":"https:\/\/tranquilseas.two.testovaciverze.cz\/es\/#\/schema\/logo\/image\/","url":"https:\/\/tranquilseas.two.testovaciverze.cz\/wp-content\/uploads\/2019\/11\/tranquilseas-eco-lodge-and-dive-center-logo.jpg","contentUrl":"https:\/\/tranquilseas.two.testovaciverze.cz\/wp-content\/uploads\/2019\/11\/tranquilseas-eco-lodge-and-dive-center-logo.jpg","width":320,"height":320,"caption":"Tranquilseas Hotel Resort"},"image":{"@id":"https:\/\/tranquilseas.two.testovaciverze.cz\/es\/#\/schema\/logo\/image\/"},"sameAs":["https:\/\/www.facebook.com\/tranquilseasecolodge\/","https:\/\/x.com\/tranquilseas"]}]}},"_links":{"self":[{"href":"https:\/\/tranquilseas.two.testovaciverze.cz\/es\/wp-json\/wp\/v2\/pages\/5414","targetHints":{"allow":["GET"]}}],"collection":[{"href":"https:\/\/tranquilseas.two.testovaciverze.cz\/es\/wp-json\/wp\/v2\/pages"}],"about":[{"href":"https:\/\/tranquilseas.two.testovaciverze.cz\/es\/wp-json\/wp\/v2\/types\/page"}],"author":[{"embeddable":true,"href":"https:\/\/tranquilseas.two.testovaciverze.cz\/es\/wp-json\/wp\/v2\/users\/1"}],"replies":[{"embeddable":true,"href":"https:\/\/tranquilseas.two.testovaciverze.cz\/es\/wp-json\/wp\/v2\/comments?post=5414"}],"version-history":[{"count":1,"href":"https:\/\/tranquilseas.two.testovaciverze.cz\/es\/wp-json\/wp\/v2\/pages\/5414\/revisions"}],"predecessor-version":[{"id":5666,"href":"https:\/\/tranquilseas.two.testovaciverze.cz\/es\/wp-json\/wp\/v2\/pages\/5414\/revisions\/5666"}],"wp:attachment":[{"href":"https:\/\/tranquilseas.two.testovaciverze.cz\/es\/wp-json\/wp\/v2\/media?parent=5414"}],"curies":[{"name":"wp","href":"https:\/\/api.w.org\/{rel}","templated":true}]}}