{"id":5389,"date":"2019-12-04T19:49:35","date_gmt":"2019-12-04T18:49:35","guid":{"rendered":"https:\/\/tranquilseas.two.testovaciverze.cz\/?page_id=5389"},"modified":"2019-12-07T16:21:13","modified_gmt":"2019-12-07T15:21:13","slug":"eco-lodge","status":"publish","type":"page","link":"https:\/\/tranquilseas.two.testovaciverze.cz\/es\/eco-lodge\/","title":{"rendered":"Eco Lodge"},"content":{"rendered":"\t\t<div data-elementor-type=\"wp-post\" data-elementor-id=\"5389\" class=\"elementor elementor-5389 elementor-2524\" data-elementor-post-type=\"page\">\n\t\t\t\t\t\t<section class=\"elementor-section elementor-top-section elementor-element elementor-element-e3e2e47 elementor-section-height-min-height elementor-section-stretched elementor-section-boxed elementor-section-height-default elementor-section-items-middle\" data-id=\"e3e2e47\" data-element_type=\"section\" data-settings=\"{&quot;background_background&quot;:&quot;classic&quot;,&quot;stretch_section&quot;:&quot;section-stretched&quot;}\">\n\t\t\t\t\t\t\t<div class=\"elementor-background-overlay\"><\/div>\n\t\t\t\t\t\t\t<div class=\"elementor-container elementor-column-gap-default\">\n\t\t\t\t\t<div class=\"elementor-column elementor-col-100 elementor-top-column elementor-element elementor-element-02bd2bb\" data-id=\"02bd2bb\" data-element_type=\"column\">\n\t\t\t<div class=\"elementor-widget-wrap elementor-element-populated\">\n\t\t\t\t\t\t<div class=\"elementor-element elementor-element-dbf9c47 elementor-widget elementor-widget-spacer\" data-id=\"dbf9c47\" data-element_type=\"widget\" data-widget_type=\"spacer.default\">\n\t\t\t\t<div class=\"elementor-widget-container\">\n\t\t\t\t\t<div class=\"elementor-spacer\">\n\t\t\t<div class=\"elementor-spacer-inner\"><\/div>\n\t\t<\/div>\n\t\t\t\t<\/div>\n\t\t\t\t<\/div>\n\t\t\t\t<div class=\"elementor-element elementor-element-4a7bdb2 elementor-widget elementor-widget-heading\" data-id=\"4a7bdb2\" data-element_type=\"widget\" data-widget_type=\"heading.default\">\n\t\t\t\t<div class=\"elementor-widget-container\">\n\t\t\t<h1 class=\"elementor-heading-title elementor-size-default\">ECO LODGE<\/h1>\t\t<\/div>\n\t\t\t\t<\/div>\n\t\t\t\t<div class=\"elementor-element elementor-element-41f86fa elementor-widget elementor-widget-heading\" data-id=\"41f86fa\" data-element_type=\"widget\" data-widget_type=\"heading.default\">\n\t\t\t\t<div class=\"elementor-widget-container\">\n\t\t\t<p class=\"elementor-heading-title elementor-size-default\">Trabajamos para la naturaleza<\/p>\t\t<\/div>\n\t\t\t\t<\/div>\n\t\t\t\t<div class=\"elementor-element elementor-element-9633493 elementor-widget elementor-widget-image\" data-id=\"9633493\" data-element_type=\"widget\" data-widget_type=\"image.default\">\n\t\t\t\t<div class=\"elementor-widget-container\">\n\t\t\t\t\t\t\t\t\t\t\t\t\t<img decoding=\"async\" width=\"432\" height=\"38\" src=\"https:\/\/tranquilseas.two.testovaciverze.cz\/wp-content\/uploads\/2018\/03\/divider2.png\" class=\"attachment-large size-large wp-image-3951\" alt=\"\" srcset=\"https:\/\/tranquilseas.two.testovaciverze.cz\/wp-content\/uploads\/2018\/03\/divider2.png 432w, https:\/\/tranquilseas.two.testovaciverze.cz\/wp-content\/uploads\/2018\/03\/divider2-300x26.png 300w\" sizes=\"(max-width: 432px) 100vw, 432px\" \/>\t\t\t\t\t\t\t\t\t\t\t\t\t<\/div>\n\t\t\t\t<\/div>\n\t\t\t\t<div class=\"elementor-element elementor-element-271becb elementor-align-center elementor-widget elementor-widget-breadcrumbs\" data-id=\"271becb\" data-element_type=\"widget\" data-widget_type=\"breadcrumbs.default\">\n\t\t\t\t<div class=\"elementor-widget-container\">\n\t\t\t<div id=\"breadcrumbs\"><span><span><a href=\"https:\/\/tranquilseas.two.testovaciverze.cz\/es\/\">Inicio<\/a><\/span><\/span><\/div>\t\t<\/div>\n\t\t\t\t<\/div>\n\t\t\t\t<div class=\"elementor-element elementor-element-b84232d elementor-widget elementor-widget-spacer\" data-id=\"b84232d\" data-element_type=\"widget\" data-widget_type=\"spacer.default\">\n\t\t\t\t<div class=\"elementor-widget-container\">\n\t\t\t\t\t<div class=\"elementor-spacer\">\n\t\t\t<div class=\"elementor-spacer-inner\"><\/div>\n\t\t<\/div>\n\t\t\t\t<\/div>\n\t\t\t\t<\/div>\n\t\t\t\t\t<\/div>\n\t\t<\/div>\n\t\t\t\t\t<\/div>\n\t\t<\/section>\n\t\t\t\t<section class=\"elementor-section elementor-top-section elementor-element elementor-element-711e491 elementor-section-stretched elementor-section-boxed elementor-section-height-default elementor-section-height-default\" data-id=\"711e491\" data-element_type=\"section\" data-settings=\"{&quot;stretch_section&quot;:&quot;section-stretched&quot;}\">\n\t\t\t\t\t\t<div class=\"elementor-container elementor-column-gap-default\">\n\t\t\t\t\t<div class=\"elementor-column elementor-col-100 elementor-top-column elementor-element elementor-element-d7801ae\" data-id=\"d7801ae\" data-element_type=\"column\">\n\t\t\t<div class=\"elementor-widget-wrap elementor-element-populated\">\n\t\t\t\t\t\t<div class=\"elementor-element elementor-element-224e510 elementor-invisible elementor-widget elementor-widget-heading\" data-id=\"224e510\" data-element_type=\"widget\" data-settings=\"{&quot;_animation&quot;:&quot;fadeInUp&quot;}\" data-widget_type=\"heading.default\">\n\t\t\t\t<div class=\"elementor-widget-container\">\n\t\t\t<h3 class=\"elementor-heading-title elementor-size-default\">En Tranquilseas cada d\u00eda intentamos existir con el menor impacto a la isla, al mar y la gente local.<\/h3>\t\t<\/div>\n\t\t\t\t<\/div>\n\t\t\t\t\t<\/div>\n\t\t<\/div>\n\t\t\t\t\t<\/div>\n\t\t<\/section>\n\t\t\t\t<section class=\"elementor-section elementor-top-section elementor-element elementor-element-ea110b3 elementor-section-stretched elementor-section-content-middle elementor-section-boxed elementor-section-height-default elementor-section-height-default\" data-id=\"ea110b3\" data-element_type=\"section\" data-settings=\"{&quot;stretch_section&quot;:&quot;section-stretched&quot;,&quot;background_background&quot;:&quot;classic&quot;}\">\n\t\t\t\t\t\t<div class=\"elementor-container elementor-column-gap-default\">\n\t\t\t\t\t<div class=\"elementor-column elementor-col-100 elementor-top-column elementor-element elementor-element-7ca1207\" data-id=\"7ca1207\" data-element_type=\"column\">\n\t\t\t<div class=\"elementor-widget-wrap elementor-element-populated\">\n\t\t\t\t\t\t<div class=\"elementor-element elementor-element-da62ed8 elementor-invisible elementor-widget elementor-widget-text-editor\" data-id=\"da62ed8\" data-element_type=\"widget\" data-settings=\"{&quot;_animation&quot;:&quot;fadeInUp&quot;}\" data-widget_type=\"text-editor.default\">\n\t\t\t\t<div class=\"elementor-widget-container\">\n\t\t\t\t\t\t\t<p>Intentamos apoyar el desarrollo sostenible, el empleo, y mejorar conocimientos sobre ecolog\u00eda, enfoque a la naturaleza y recursos que la isla ofrece.<\/p><p>En Tranquilseas funcionan muchos tanques para el agua pluvial y un sistema sofisticado de depuradora de aguas residuales. Al mismo tiempo usamos detergentes capaces de desecharse biol\u00f3gicamente y no contaminar aguas subterr\u00e1neas. El agua residual purificada se usa para regar plantas en nuestro jard\u00edn. As\u00ed devolvemos lo que la naturaleza nos hab\u00eda prestado.<\/p><p>Todo el resort fue construido para usar al m\u00e1ximo el trabajo y el material de artesanos locales. As\u00ed apoyamos las comunidades locales y, al mismo tiempo, a nuestros hu\u00e9spedes les damos la sensaci\u00f3n de vivienda aut\u00e9ntica.<\/p><p>Intentamos disminuir nuestro consumo de energ\u00eda el\u00e9ctrica e instalar la propia planta solar en un futuro pr\u00f3ximo. Para calentar el agua usamos la energ\u00eda solar en forma de colectores solares en el techo de nuestro edificio principal.<\/p><p>Todas nuestras habitaciones y el restaurante est\u00e1n equipados de dispensadores de agua potable en envases recuperables. Despu\u00e9s de la llegada cada hu\u00e9sped recibe su propia botella de agua que se puede rellenar otra vez y usarla durante sus viajes en la isla. As\u00ed intentamos evitar generar millones de toneladas de residuos pl\u00e1sticos de envases de un solo uso. <\/p><p>Somos aficionados de Roatan Marine Park \u2013 el Parque Nacional Marino que educa activamente a la gente local e intenta, igual que nosotros, mantener Roat\u00e1n una isla hermosa llena de vegetaci\u00f3n, animales y gente alegre.<\/p>\t\t\t\t\t\t<\/div>\n\t\t\t\t<\/div>\n\t\t\t\t\t<\/div>\n\t\t<\/div>\n\t\t\t\t\t<\/div>\n\t\t<\/section>\n\t\t\t\t<section class=\"elementor-section elementor-top-section elementor-element elementor-element-b6769f8 elementor-section-stretched elementor-section-content-middle elementor-section-boxed elementor-section-height-default elementor-section-height-default\" data-id=\"b6769f8\" data-element_type=\"section\" data-settings=\"{&quot;stretch_section&quot;:&quot;section-stretched&quot;,&quot;background_background&quot;:&quot;classic&quot;}\">\n\t\t\t\t\t\t<div class=\"elementor-container elementor-column-gap-default\">\n\t\t\t\t\t<div class=\"elementor-column elementor-col-100 elementor-top-column elementor-element elementor-element-635fdf0\" data-id=\"635fdf0\" data-element_type=\"column\">\n\t\t\t<div class=\"elementor-widget-wrap elementor-element-populated\">\n\t\t\t\t\t\t<div class=\"elementor-element elementor-element-aeba768 elementor-invisible elementor-widget elementor-widget-heading\" data-id=\"aeba768\" data-element_type=\"widget\" data-settings=\"{&quot;_animation&quot;:&quot;fadeInUp&quot;}\" data-widget_type=\"heading.default\">\n\t\t\t\t<div class=\"elementor-widget-container\">\n\t\t\t<h4 class=\"elementor-heading-title elementor-size-default\">Limpieza de la playa local<\/h4>\t\t<\/div>\n\t\t\t\t<\/div>\n\t\t\t\t<div class=\"elementor-element elementor-element-ecc8af5 gallery-spacing-custom elementor-widget elementor-widget-image-gallery\" data-id=\"ecc8af5\" data-element_type=\"widget\" data-widget_type=\"image-gallery.default\">\n\t\t\t\t<div class=\"elementor-widget-container\">\n\t\t\t\t\t<div class=\"elementor-image-gallery\">\n\t\t\t<div id='gallery-1' class='gallery galleryid-5389 gallery-columns-3 gallery-size-blog-thumb-2'><figure class='gallery-item'>\n\t\t\t<div class='gallery-icon landscape'>\n\t\t\t\t<a data-elementor-open-lightbox=\"yes\" data-elementor-lightbox-slideshow=\"ecc8af5\" data-elementor-lightbox-title=\"eco lodge\" data-e-action-hash=\"#elementor-action%3Aaction%3Dlightbox%26settings%3DeyJpZCI6MzQyNSwidXJsIjoiaHR0cHM6XC9cL3RyYW5xdWlsc2Vhcy50d28udGVzdG92YWNpdmVyemUuY3pcL3dwLWNvbnRlbnRcL3VwbG9hZHNcLzIwMTlcLzExXC9lY28tbG9kZ2UuanBnIiwic2xpZGVzaG93IjoiZWNjOGFmNSJ9\" href='https:\/\/tranquilseas.two.testovaciverze.cz\/wp-content\/uploads\/2019\/11\/eco-lodge.jpg'><img fetchpriority=\"high\" decoding=\"async\" width=\"468\" height=\"468\" src=\"https:\/\/tranquilseas.two.testovaciverze.cz\/wp-content\/uploads\/2019\/11\/eco-lodge-468x468.jpg\" class=\"attachment-blog-thumb-2 size-blog-thumb-2\" alt=\"Eco Lodge\" srcset=\"https:\/\/tranquilseas.two.testovaciverze.cz\/wp-content\/uploads\/2019\/11\/eco-lodge-468x468.jpg 468w, https:\/\/tranquilseas.two.testovaciverze.cz\/wp-content\/uploads\/2019\/11\/eco-lodge-150x150.jpg 150w\" sizes=\"(max-width: 468px) 100vw, 468px\" \/><\/a>\n\t\t\t<\/div><\/figure><figure class='gallery-item'>\n\t\t\t<div class='gallery-icon landscape'>\n\t\t\t\t<a data-elementor-open-lightbox=\"yes\" data-elementor-lightbox-slideshow=\"ecc8af5\" data-elementor-lightbox-title=\"eco-lodge-2\" data-e-action-hash=\"#elementor-action%3Aaction%3Dlightbox%26settings%3DeyJpZCI6MzQyOSwidXJsIjoiaHR0cHM6XC9cL3RyYW5xdWlsc2Vhcy50d28udGVzdG92YWNpdmVyemUuY3pcL3dwLWNvbnRlbnRcL3VwbG9hZHNcLzIwMTlcLzExXC9lY28tbG9kZ2UtMi5qcGciLCJzbGlkZXNob3ciOiJlY2M4YWY1In0%3D\" href='https:\/\/tranquilseas.two.testovaciverze.cz\/wp-content\/uploads\/2019\/11\/eco-lodge-2.jpg'><img decoding=\"async\" width=\"468\" height=\"468\" src=\"https:\/\/tranquilseas.two.testovaciverze.cz\/wp-content\/uploads\/2019\/11\/eco-lodge-2-468x468.jpg\" class=\"attachment-blog-thumb-2 size-blog-thumb-2\" alt=\"\u00daklid m\u00edstn\u00ed pl\u00e1\u017ee\" srcset=\"https:\/\/tranquilseas.two.testovaciverze.cz\/wp-content\/uploads\/2019\/11\/eco-lodge-2-468x468.jpg 468w, https:\/\/tranquilseas.two.testovaciverze.cz\/wp-content\/uploads\/2019\/11\/eco-lodge-2-150x150.jpg 150w\" sizes=\"(max-width: 468px) 100vw, 468px\" \/><\/a>\n\t\t\t<\/div><\/figure><figure class='gallery-item'>\n\t\t\t<div class='gallery-icon landscape'>\n\t\t\t\t<a data-elementor-open-lightbox=\"yes\" data-elementor-lightbox-slideshow=\"ecc8af5\" data-elementor-lightbox-title=\"eco-lodge-3\" data-e-action-hash=\"#elementor-action%3Aaction%3Dlightbox%26settings%3DeyJpZCI6MzQzMywidXJsIjoiaHR0cHM6XC9cL3RyYW5xdWlsc2Vhcy50d28udGVzdG92YWNpdmVyemUuY3pcL3dwLWNvbnRlbnRcL3VwbG9hZHNcLzIwMTlcLzExXC9lY28tbG9kZ2UtMy5qcGciLCJzbGlkZXNob3ciOiJlY2M4YWY1In0%3D\" href='https:\/\/tranquilseas.two.testovaciverze.cz\/wp-content\/uploads\/2019\/11\/eco-lodge-3.jpg'><img loading=\"lazy\" decoding=\"async\" width=\"468\" height=\"468\" src=\"https:\/\/tranquilseas.two.testovaciverze.cz\/wp-content\/uploads\/2019\/11\/eco-lodge-3-468x468.jpg\" class=\"attachment-blog-thumb-2 size-blog-thumb-2\" alt=\"\u00daklid pl\u00e1\u017ee ECO LODGE\" srcset=\"https:\/\/tranquilseas.two.testovaciverze.cz\/wp-content\/uploads\/2019\/11\/eco-lodge-3-468x468.jpg 468w, https:\/\/tranquilseas.two.testovaciverze.cz\/wp-content\/uploads\/2019\/11\/eco-lodge-3-150x150.jpg 150w\" sizes=\"(max-width: 468px) 100vw, 468px\" \/><\/a>\n\t\t\t<\/div><\/figure>\n\t\t<\/div>\n\t\t<\/div>\n\t\t\t\t<\/div>\n\t\t\t\t<\/div>\n\t\t\t\t\t<\/div>\n\t\t<\/div>\n\t\t\t\t\t<\/div>\n\t\t<\/section>\n\t\t\t\t<\/div>\n\t\t","protected":false},"excerpt":{"rendered":"<p>ECO LODGE Trabajamos para la naturaleza En Tranquilseas cada d\u00eda intentamos existir con el menor impacto a la isla, al mar y la gente local. Intentamos apoyar el desarrollo sostenible, el empleo, y mejorar conocimientos sobre ecolog\u00eda, enfoque a la naturaleza y recursos que la isla ofrece. En Tranquilseas funcionan muchos tanques para el agua&hellip;<\/p>\n","protected":false},"author":1,"featured_media":0,"parent":5363,"menu_order":0,"comment_status":"closed","ping_status":"closed","template":"","meta":{"_acf_changed":false,"footnotes":""},"class_list":["post-5389","page","type-page","status-publish","hentry"],"acf":[],"yoast_head":"<!-- This site is optimized with the Yoast SEO plugin v25.0 - https:\/\/yoast.com\/wordpress\/plugins\/seo\/ -->\n<title>Eco Lodge | Tranquilseas Hotel Resort Roatan<\/title>\n<meta name=\"description\" content=\"\u00bfPlanean las vacaciones en el Caribe? Pueden pasarlas y no dejar ninguna huella en las hermosas islas caribe\u00f1as.\" \/>\n<meta name=\"robots\" content=\"noindex, follow, max-snippet:-1, max-image-preview:large, max-video-preview:-1\" \/>\n<meta property=\"og:locale\" content=\"es_ES\" \/>\n<meta property=\"og:type\" content=\"article\" \/>\n<meta property=\"og:title\" content=\"Eco Lodge | Tranquilseas Hotel Resort Roatan\" \/>\n<meta property=\"og:description\" content=\"\u00bfPlanean las vacaciones en el Caribe? Pueden pasarlas y no dejar ninguna huella en las hermosas islas caribe\u00f1as.\" \/>\n<meta property=\"og:url\" content=\"https:\/\/tranquilseas.two.testovaciverze.cz\/es\/eco-lodge\/\" \/>\n<meta property=\"og:site_name\" content=\"Tranquilseas Hotel Resort Roatan\" \/>\n<meta property=\"article:publisher\" content=\"https:\/\/www.facebook.com\/tranquilseasecolodge\/\" \/>\n<meta property=\"article:modified_time\" content=\"2019-12-07T15:21:13+00:00\" \/>\n<meta property=\"og:image\" content=\"https:\/\/tranquilseas.two.testovaciverze.cz\/wp-content\/uploads\/2018\/03\/divider2.png\" \/>\n<meta name=\"twitter:card\" content=\"summary_large_image\" \/>\n<meta name=\"twitter:site\" content=\"@tranquilseas\" \/>\n<meta name=\"twitter:label1\" content=\"Tiempo de lectura\" \/>\n\t<meta name=\"twitter:data1\" content=\"1 minuto\" \/>\n<script type=\"application\/ld+json\" class=\"yoast-schema-graph\">{\"@context\":\"https:\/\/schema.org\",\"@graph\":[{\"@type\":\"WebPage\",\"@id\":\"https:\/\/tranquilseas.two.testovaciverze.cz\/es\/eco-lodge\/\",\"url\":\"https:\/\/tranquilseas.two.testovaciverze.cz\/es\/eco-lodge\/\",\"name\":\"Eco Lodge | Tranquilseas Hotel Resort Roatan\",\"isPartOf\":{\"@id\":\"https:\/\/tranquilseas.two.testovaciverze.cz\/es\/#website\"},\"primaryImageOfPage\":{\"@id\":\"https:\/\/tranquilseas.two.testovaciverze.cz\/es\/eco-lodge\/#primaryimage\"},\"image\":{\"@id\":\"https:\/\/tranquilseas.two.testovaciverze.cz\/es\/eco-lodge\/#primaryimage\"},\"thumbnailUrl\":\"https:\/\/tranquilseas.two.testovaciverze.cz\/wp-content\/uploads\/2018\/03\/divider2.png\",\"datePublished\":\"2019-12-04T18:49:35+00:00\",\"dateModified\":\"2019-12-07T15:21:13+00:00\",\"description\":\"\u00bfPlanean las vacaciones en el Caribe? Pueden pasarlas y no dejar ninguna huella en las hermosas islas caribe\u00f1as.\",\"breadcrumb\":{\"@id\":\"https:\/\/tranquilseas.two.testovaciverze.cz\/es\/eco-lodge\/#breadcrumb\"},\"inLanguage\":\"es\",\"potentialAction\":[{\"@type\":\"ReadAction\",\"target\":[\"https:\/\/tranquilseas.two.testovaciverze.cz\/es\/eco-lodge\/\"]}]},{\"@type\":\"ImageObject\",\"inLanguage\":\"es\",\"@id\":\"https:\/\/tranquilseas.two.testovaciverze.cz\/es\/eco-lodge\/#primaryimage\",\"url\":\"https:\/\/tranquilseas.two.testovaciverze.cz\/wp-content\/uploads\/2018\/03\/divider2.png\",\"contentUrl\":\"https:\/\/tranquilseas.two.testovaciverze.cz\/wp-content\/uploads\/2018\/03\/divider2.png\"},{\"@type\":\"BreadcrumbList\",\"@id\":\"https:\/\/tranquilseas.two.testovaciverze.cz\/es\/eco-lodge\/#breadcrumb\",\"itemListElement\":[{\"@type\":\"ListItem\",\"position\":1,\"name\":\"Inicio\",\"item\":\"https:\/\/tranquilseas.two.testovaciverze.cz\/es\/\"},{\"@type\":\"ListItem\",\"position\":2,\"name\":\"Sobre nosotros\",\"item\":\"https:\/\/tranquilseas.two.testovaciverze.cz\/es\/sobre-nosotros\/\"},{\"@type\":\"ListItem\",\"position\":3,\"name\":\"Eco Lodge\"}]},{\"@type\":\"WebSite\",\"@id\":\"https:\/\/tranquilseas.two.testovaciverze.cz\/es\/#website\",\"url\":\"https:\/\/tranquilseas.two.testovaciverze.cz\/es\/\",\"name\":\"Tranquilseas Hotel Resort Roatan\",\"description\":\"\",\"publisher\":{\"@id\":\"https:\/\/tranquilseas.two.testovaciverze.cz\/es\/#organization\"},\"potentialAction\":[{\"@type\":\"SearchAction\",\"target\":{\"@type\":\"EntryPoint\",\"urlTemplate\":\"https:\/\/tranquilseas.two.testovaciverze.cz\/es\/?s={search_term_string}\"},\"query-input\":{\"@type\":\"PropertyValueSpecification\",\"valueRequired\":true,\"valueName\":\"search_term_string\"}}],\"inLanguage\":\"es\"},{\"@type\":\"Organization\",\"@id\":\"https:\/\/tranquilseas.two.testovaciverze.cz\/es\/#organization\",\"name\":\"Tranquilseas Hotel Resort\",\"url\":\"https:\/\/tranquilseas.two.testovaciverze.cz\/es\/\",\"logo\":{\"@type\":\"ImageObject\",\"inLanguage\":\"es\",\"@id\":\"https:\/\/tranquilseas.two.testovaciverze.cz\/es\/#\/schema\/logo\/image\/\",\"url\":\"https:\/\/tranquilseas.two.testovaciverze.cz\/wp-content\/uploads\/2019\/11\/tranquilseas-eco-lodge-and-dive-center-logo.jpg\",\"contentUrl\":\"https:\/\/tranquilseas.two.testovaciverze.cz\/wp-content\/uploads\/2019\/11\/tranquilseas-eco-lodge-and-dive-center-logo.jpg\",\"width\":320,\"height\":320,\"caption\":\"Tranquilseas Hotel Resort\"},\"image\":{\"@id\":\"https:\/\/tranquilseas.two.testovaciverze.cz\/es\/#\/schema\/logo\/image\/\"},\"sameAs\":[\"https:\/\/www.facebook.com\/tranquilseasecolodge\/\",\"https:\/\/x.com\/tranquilseas\"]}]}<\/script>\n<!-- \/ Yoast SEO plugin. -->","yoast_head_json":{"title":"Eco Lodge | Tranquilseas Hotel Resort Roatan","description":"\u00bfPlanean las vacaciones en el Caribe? Pueden pasarlas y no dejar ninguna huella en las hermosas islas caribe\u00f1as.","robots":{"index":"noindex","follow":"follow","max-snippet":"max-snippet:-1","max-image-preview":"max-image-preview:large","max-video-preview":"max-video-preview:-1"},"og_locale":"es_ES","og_type":"article","og_title":"Eco Lodge | Tranquilseas Hotel Resort Roatan","og_description":"\u00bfPlanean las vacaciones en el Caribe? Pueden pasarlas y no dejar ninguna huella en las hermosas islas caribe\u00f1as.","og_url":"https:\/\/tranquilseas.two.testovaciverze.cz\/es\/eco-lodge\/","og_site_name":"Tranquilseas Hotel Resort Roatan","article_publisher":"https:\/\/www.facebook.com\/tranquilseasecolodge\/","article_modified_time":"2019-12-07T15:21:13+00:00","og_image":[{"url":"https:\/\/tranquilseas.two.testovaciverze.cz\/wp-content\/uploads\/2018\/03\/divider2.png","type":"","width":"","height":""}],"twitter_card":"summary_large_image","twitter_site":"@tranquilseas","twitter_misc":{"Tiempo de lectura":"1 minuto"},"schema":{"@context":"https:\/\/schema.org","@graph":[{"@type":"WebPage","@id":"https:\/\/tranquilseas.two.testovaciverze.cz\/es\/eco-lodge\/","url":"https:\/\/tranquilseas.two.testovaciverze.cz\/es\/eco-lodge\/","name":"Eco Lodge | Tranquilseas Hotel Resort Roatan","isPartOf":{"@id":"https:\/\/tranquilseas.two.testovaciverze.cz\/es\/#website"},"primaryImageOfPage":{"@id":"https:\/\/tranquilseas.two.testovaciverze.cz\/es\/eco-lodge\/#primaryimage"},"image":{"@id":"https:\/\/tranquilseas.two.testovaciverze.cz\/es\/eco-lodge\/#primaryimage"},"thumbnailUrl":"https:\/\/tranquilseas.two.testovaciverze.cz\/wp-content\/uploads\/2018\/03\/divider2.png","datePublished":"2019-12-04T18:49:35+00:00","dateModified":"2019-12-07T15:21:13+00:00","description":"\u00bfPlanean las vacaciones en el Caribe? Pueden pasarlas y no dejar ninguna huella en las hermosas islas caribe\u00f1as.","breadcrumb":{"@id":"https:\/\/tranquilseas.two.testovaciverze.cz\/es\/eco-lodge\/#breadcrumb"},"inLanguage":"es","potentialAction":[{"@type":"ReadAction","target":["https:\/\/tranquilseas.two.testovaciverze.cz\/es\/eco-lodge\/"]}]},{"@type":"ImageObject","inLanguage":"es","@id":"https:\/\/tranquilseas.two.testovaciverze.cz\/es\/eco-lodge\/#primaryimage","url":"https:\/\/tranquilseas.two.testovaciverze.cz\/wp-content\/uploads\/2018\/03\/divider2.png","contentUrl":"https:\/\/tranquilseas.two.testovaciverze.cz\/wp-content\/uploads\/2018\/03\/divider2.png"},{"@type":"BreadcrumbList","@id":"https:\/\/tranquilseas.two.testovaciverze.cz\/es\/eco-lodge\/#breadcrumb","itemListElement":[{"@type":"ListItem","position":1,"name":"Inicio","item":"https:\/\/tranquilseas.two.testovaciverze.cz\/es\/"},{"@type":"ListItem","position":2,"name":"Sobre nosotros","item":"https:\/\/tranquilseas.two.testovaciverze.cz\/es\/sobre-nosotros\/"},{"@type":"ListItem","position":3,"name":"Eco Lodge"}]},{"@type":"WebSite","@id":"https:\/\/tranquilseas.two.testovaciverze.cz\/es\/#website","url":"https:\/\/tranquilseas.two.testovaciverze.cz\/es\/","name":"Tranquilseas Hotel Resort Roatan","description":"","publisher":{"@id":"https:\/\/tranquilseas.two.testovaciverze.cz\/es\/#organization"},"potentialAction":[{"@type":"SearchAction","target":{"@type":"EntryPoint","urlTemplate":"https:\/\/tranquilseas.two.testovaciverze.cz\/es\/?s={search_term_string}"},"query-input":{"@type":"PropertyValueSpecification","valueRequired":true,"valueName":"search_term_string"}}],"inLanguage":"es"},{"@type":"Organization","@id":"https:\/\/tranquilseas.two.testovaciverze.cz\/es\/#organization","name":"Tranquilseas Hotel Resort","url":"https:\/\/tranquilseas.two.testovaciverze.cz\/es\/","logo":{"@type":"ImageObject","inLanguage":"es","@id":"https:\/\/tranquilseas.two.testovaciverze.cz\/es\/#\/schema\/logo\/image\/","url":"https:\/\/tranquilseas.two.testovaciverze.cz\/wp-content\/uploads\/2019\/11\/tranquilseas-eco-lodge-and-dive-center-logo.jpg","contentUrl":"https:\/\/tranquilseas.two.testovaciverze.cz\/wp-content\/uploads\/2019\/11\/tranquilseas-eco-lodge-and-dive-center-logo.jpg","width":320,"height":320,"caption":"Tranquilseas Hotel Resort"},"image":{"@id":"https:\/\/tranquilseas.two.testovaciverze.cz\/es\/#\/schema\/logo\/image\/"},"sameAs":["https:\/\/www.facebook.com\/tranquilseasecolodge\/","https:\/\/x.com\/tranquilseas"]}]}},"_links":{"self":[{"href":"https:\/\/tranquilseas.two.testovaciverze.cz\/es\/wp-json\/wp\/v2\/pages\/5389","targetHints":{"allow":["GET"]}}],"collection":[{"href":"https:\/\/tranquilseas.two.testovaciverze.cz\/es\/wp-json\/wp\/v2\/pages"}],"about":[{"href":"https:\/\/tranquilseas.two.testovaciverze.cz\/es\/wp-json\/wp\/v2\/types\/page"}],"author":[{"embeddable":true,"href":"https:\/\/tranquilseas.two.testovaciverze.cz\/es\/wp-json\/wp\/v2\/users\/1"}],"replies":[{"embeddable":true,"href":"https:\/\/tranquilseas.two.testovaciverze.cz\/es\/wp-json\/wp\/v2\/comments?post=5389"}],"version-history":[{"count":1,"href":"https:\/\/tranquilseas.two.testovaciverze.cz\/es\/wp-json\/wp\/v2\/pages\/5389\/revisions"}],"predecessor-version":[{"id":5648,"href":"https:\/\/tranquilseas.two.testovaciverze.cz\/es\/wp-json\/wp\/v2\/pages\/5389\/revisions\/5648"}],"up":[{"embeddable":true,"href":"https:\/\/tranquilseas.two.testovaciverze.cz\/es\/wp-json\/wp\/v2\/pages\/5363"}],"wp:attachment":[{"href":"https:\/\/tranquilseas.two.testovaciverze.cz\/es\/wp-json\/wp\/v2\/media?parent=5389"}],"curies":[{"name":"wp","href":"https:\/\/api.w.org\/{rel}","templated":true}]}}