{"id":5346,"date":"2019-12-04T18:01:09","date_gmt":"2019-12-04T17:01:09","guid":{"rendered":"https:\/\/tranquilseas.two.testovaciverze.cz\/?page_id=5346"},"modified":"2025-01-31T15:46:58","modified_gmt":"2025-01-31T14:46:58","slug":"joga","status":"publish","type":"page","link":"https:\/\/tranquilseas.two.testovaciverze.cz\/es\/yoga\/","title":{"rendered":"Yoga"},"content":{"rendered":"\t\t<div data-elementor-type=\"wp-post\" data-elementor-id=\"5346\" class=\"elementor elementor-5346 elementor-2423\" data-elementor-post-type=\"page\">\n\t\t\t\t\t\t<section class=\"elementor-section elementor-top-section elementor-element elementor-element-635a99c elementor-section-height-min-height elementor-section-stretched elementor-section-boxed elementor-section-height-default elementor-section-items-middle\" data-id=\"635a99c\" data-element_type=\"section\" data-settings=\"{&quot;background_background&quot;:&quot;classic&quot;,&quot;stretch_section&quot;:&quot;section-stretched&quot;}\">\n\t\t\t\t\t\t\t<div class=\"elementor-background-overlay\"><\/div>\n\t\t\t\t\t\t\t<div class=\"elementor-container elementor-column-gap-default\">\n\t\t\t\t\t<div class=\"elementor-column elementor-col-100 elementor-top-column elementor-element elementor-element-00a0694\" data-id=\"00a0694\" data-element_type=\"column\">\n\t\t\t<div class=\"elementor-widget-wrap elementor-element-populated\">\n\t\t\t\t\t\t<div class=\"elementor-element elementor-element-7092a22 elementor-widget elementor-widget-spacer\" data-id=\"7092a22\" data-element_type=\"widget\" data-widget_type=\"spacer.default\">\n\t\t\t\t<div class=\"elementor-widget-container\">\n\t\t\t\t\t<div class=\"elementor-spacer\">\n\t\t\t<div class=\"elementor-spacer-inner\"><\/div>\n\t\t<\/div>\n\t\t\t\t<\/div>\n\t\t\t\t<\/div>\n\t\t\t\t<div class=\"elementor-element elementor-element-0db8b0f elementor-widget elementor-widget-heading\" data-id=\"0db8b0f\" data-element_type=\"widget\" data-widget_type=\"heading.default\">\n\t\t\t\t<div class=\"elementor-widget-container\">\n\t\t\t<h1 class=\"elementor-heading-title elementor-size-default\">J\u00d3GA<\/h1>\t\t<\/div>\n\t\t\t\t<\/div>\n\t\t\t\t<div class=\"elementor-element elementor-element-4778c87 elementor-widget elementor-widget-heading\" data-id=\"4778c87\" data-element_type=\"widget\" data-widget_type=\"heading.default\">\n\t\t\t\t<div class=\"elementor-widget-container\">\n\t\t\t<p class=\"elementor-heading-title elementor-size-default\">\u00danase otra vez con su yo interior\n<\/p>\t\t<\/div>\n\t\t\t\t<\/div>\n\t\t\t\t<div class=\"elementor-element elementor-element-2cb51cc elementor-widget elementor-widget-image\" data-id=\"2cb51cc\" data-element_type=\"widget\" data-widget_type=\"image.default\">\n\t\t\t\t<div class=\"elementor-widget-container\">\n\t\t\t\t\t\t\t\t\t\t\t\t\t<img decoding=\"async\" width=\"432\" height=\"38\" src=\"https:\/\/tranquilseas.two.testovaciverze.cz\/wp-content\/uploads\/2018\/03\/divider2.png\" class=\"attachment-large size-large wp-image-3951\" alt=\"\" srcset=\"https:\/\/tranquilseas.two.testovaciverze.cz\/wp-content\/uploads\/2018\/03\/divider2.png 432w, https:\/\/tranquilseas.two.testovaciverze.cz\/wp-content\/uploads\/2018\/03\/divider2-300x26.png 300w\" sizes=\"(max-width: 432px) 100vw, 432px\" \/>\t\t\t\t\t\t\t\t\t\t\t\t\t<\/div>\n\t\t\t\t<\/div>\n\t\t\t\t<div class=\"elementor-element elementor-element-095c9ac elementor-align-center elementor-widget elementor-widget-breadcrumbs\" data-id=\"095c9ac\" data-element_type=\"widget\" data-widget_type=\"breadcrumbs.default\">\n\t\t\t\t<div class=\"elementor-widget-container\">\n\t\t\t<div id=\"breadcrumbs\"><span><span><a href=\"https:\/\/tranquilseas.two.testovaciverze.cz\/es\/\">Inicio<\/a><\/span><\/span><\/div>\t\t<\/div>\n\t\t\t\t<\/div>\n\t\t\t\t<div class=\"elementor-element elementor-element-3947b2a elementor-widget elementor-widget-spacer\" data-id=\"3947b2a\" data-element_type=\"widget\" data-widget_type=\"spacer.default\">\n\t\t\t\t<div class=\"elementor-widget-container\">\n\t\t\t\t\t<div class=\"elementor-spacer\">\n\t\t\t<div class=\"elementor-spacer-inner\"><\/div>\n\t\t<\/div>\n\t\t\t\t<\/div>\n\t\t\t\t<\/div>\n\t\t\t\t\t<\/div>\n\t\t<\/div>\n\t\t\t\t\t<\/div>\n\t\t<\/section>\n\t\t\t\t<section class=\"elementor-section elementor-top-section elementor-element elementor-element-dbf2958 elementor-section-content-middle elementor-section-stretched elementor-section-boxed elementor-section-height-default elementor-section-height-default\" data-id=\"dbf2958\" data-element_type=\"section\" data-settings=\"{&quot;stretch_section&quot;:&quot;section-stretched&quot;}\">\n\t\t\t\t\t\t<div class=\"elementor-container elementor-column-gap-default\">\n\t\t\t\t\t<div class=\"elementor-column elementor-col-100 elementor-top-column elementor-element elementor-element-8f6d360\" data-id=\"8f6d360\" data-element_type=\"column\">\n\t\t\t<div class=\"elementor-widget-wrap elementor-element-populated\">\n\t\t\t\t\t\t<div class=\"elementor-element elementor-element-72cd064 elementor-invisible elementor-widget elementor-widget-heading\" data-id=\"72cd064\" data-element_type=\"widget\" data-settings=\"{&quot;_animation&quot;:&quot;fadeInUp&quot;}\" data-widget_type=\"heading.default\">\n\t\t\t\t<div class=\"elementor-widget-container\">\n\t\t\t<h4 class=\"elementor-heading-title elementor-size-default\">Las lecciones de yoga forman parte inseparable de las vacaciones en Tranquilseas.<\/h4>\t\t<\/div>\n\t\t\t\t<\/div>\n\t\t\t\t<div class=\"elementor-element elementor-element-f146c61 elementor-invisible elementor-widget elementor-widget-text-editor\" data-id=\"f146c61\" data-element_type=\"widget\" data-settings=\"{&quot;_animation&quot;:&quot;fadeInUp&quot;}\" data-widget_type=\"text-editor.default\">\n\t\t\t\t<div class=\"elementor-widget-container\">\n\t\t\t\t\t\t\t<p>Cada ejercicio le quita el estr\u00e9s y la prisa de vida cotidiana. Unir\u00e1 otra vez la mente y el cuerpo en una unidad.<\/p><p>Durante el ejercicio le refrescar\u00e1 la fresca brisa del mar porque cada lecci\u00f3n se hace en la planta m\u00e1s alta y abierta del edificio principal.<\/p>\t\t\t\t\t\t<\/div>\n\t\t\t\t<\/div>\n\t\t\t\t<div class=\"elementor-element elementor-element-535d189 elementor-invisible elementor-widget elementor-widget-heading\" data-id=\"535d189\" data-element_type=\"widget\" data-settings=\"{&quot;_animation&quot;:&quot;fadeInUp&quot;}\" data-widget_type=\"heading.default\">\n\t\t\t\t<div class=\"elementor-widget-container\">\n\t\t\t<h4 class=\"elementor-heading-title elementor-size-default\">Puede cerrar los ojos y sentir su coraz\u00f3n o disfrutar de las vistas a las lejan\u00edas del mar Caribe. Las lectoras con experiencia garantizar\u00e1n que su ejercicio ser\u00e1 eficaz y llevar\u00e1 su cuerpo y la mente en el estado equilibrado, en tranquilidad y paz.<\/h4>\t\t<\/div>\n\t\t\t\t<\/div>\n\t\t\t\t<div class=\"elementor-element elementor-element-07ef502 elementor-invisible elementor-widget elementor-widget-text-editor\" data-id=\"07ef502\" data-element_type=\"widget\" data-settings=\"{&quot;_animation&quot;:&quot;fadeInUp&quot;}\" data-widget_type=\"text-editor.default\">\n\t\t\t\t<div class=\"elementor-widget-container\">\n\t\t\t\t\t\t\t<p>Puede participar en lecciones de grupo y, a la vez, puede permitirse el tratamiento individual cuando la lectora va a dedicarse s\u00f3lo a usted.\u00a0<\/p>\t\t\t\t\t\t<\/div>\n\t\t\t\t<\/div>\n\t\t\t\t<div class=\"elementor-element elementor-element-d68b5b0 elementor-invisible elementor-widget elementor-widget-text-editor\" data-id=\"d68b5b0\" data-element_type=\"widget\" data-settings=\"{&quot;_animation&quot;:&quot;fadeInUp&quot;}\" data-widget_type=\"text-editor.default\">\n\t\t\t\t<div class=\"elementor-widget-container\">\n\t\t\t\t\t\t\t<p><strong>Para m\u00e1s informaci\u00f3n p\u00f3ngase en <a href=\"\/es\/contactos\/\">contacto<\/a> con nuestra recepci\u00f3n que le ense\u00f1ar\u00e1 el horario actual y la oferta de lecciones privadas.<\/strong><\/p><p><strong>\u00a0<\/strong><\/p>\t\t\t\t\t\t<\/div>\n\t\t\t\t<\/div>\n\t\t\t\t\t<\/div>\n\t\t<\/div>\n\t\t\t\t\t<\/div>\n\t\t<\/section>\n\t\t\t\t<section class=\"elementor-section elementor-top-section elementor-element elementor-element-8efc3ed elementor-section-stretched elementor-section-full_width elementor-section-height-default elementor-section-height-default\" data-id=\"8efc3ed\" data-element_type=\"section\" data-settings=\"{&quot;stretch_section&quot;:&quot;section-stretched&quot;}\">\n\t\t\t\t\t\t<div class=\"elementor-container elementor-column-gap-no\">\n\t\t\t\t\t<div class=\"elementor-column elementor-col-100 elementor-top-column elementor-element elementor-element-1ada00e\" data-id=\"1ada00e\" data-element_type=\"column\">\n\t\t\t<div class=\"elementor-widget-wrap elementor-element-populated\">\n\t\t\t\t\t\t<div class=\"elementor-element elementor-element-05d7a12 gallery-spacing-custom elementor-widget elementor-widget-image-gallery\" data-id=\"05d7a12\" data-element_type=\"widget\" data-widget_type=\"image-gallery.default\">\n\t\t\t\t<div class=\"elementor-widget-container\">\n\t\t\t\t\t<div class=\"elementor-image-gallery\">\n\t\t\t<div id='gallery-1' class='gallery galleryid-5346 gallery-columns-4 gallery-size-blog-thumb-2'><figure class='gallery-item'>\n\t\t\t<div class='gallery-icon portrait'>\n\t\t\t\t<a data-elementor-open-lightbox=\"yes\" data-elementor-lightbox-slideshow=\"05d7a12\" data-elementor-lightbox-title=\"yoga(1)\" data-e-action-hash=\"#elementor-action%3Aaction%3Dlightbox%26settings%3DeyJpZCI6ODAzMCwidXJsIjoiaHR0cHM6XC9cL3RyYW5xdWlsc2Vhcy50d28udGVzdG92YWNpdmVyemUuY3pcL3dwLWNvbnRlbnRcL3VwbG9hZHNcLzIwMjVcLzAxXC95b2dhMS1zY2FsZWQuanBnIiwic2xpZGVzaG93IjoiMDVkN2ExMiJ9\" href='https:\/\/tranquilseas.two.testovaciverze.cz\/wp-content\/uploads\/2025\/01\/yoga1-scaled.jpg'><img fetchpriority=\"high\" decoding=\"async\" width=\"468\" height=\"468\" src=\"https:\/\/tranquilseas.two.testovaciverze.cz\/wp-content\/uploads\/2025\/01\/yoga1-468x468.jpg\" class=\"attachment-blog-thumb-2 size-blog-thumb-2\" alt=\"\" srcset=\"https:\/\/tranquilseas.two.testovaciverze.cz\/wp-content\/uploads\/2025\/01\/yoga1-468x468.jpg 468w, https:\/\/tranquilseas.two.testovaciverze.cz\/wp-content\/uploads\/2025\/01\/yoga1-150x150.jpg 150w\" sizes=\"(max-width: 468px) 100vw, 468px\" \/><\/a>\n\t\t\t<\/div><\/figure><figure class='gallery-item'>\n\t\t\t<div class='gallery-icon portrait'>\n\t\t\t\t<a data-elementor-open-lightbox=\"yes\" data-elementor-lightbox-slideshow=\"05d7a12\" data-elementor-lightbox-title=\"yoga(5)\" data-e-action-hash=\"#elementor-action%3Aaction%3Dlightbox%26settings%3DeyJpZCI6ODAyMiwidXJsIjoiaHR0cHM6XC9cL3RyYW5xdWlsc2Vhcy50d28udGVzdG92YWNpdmVyemUuY3pcL3dwLWNvbnRlbnRcL3VwbG9hZHNcLzIwMjVcLzAxXC95b2dhNS1zY2FsZWQuanBnIiwic2xpZGVzaG93IjoiMDVkN2ExMiJ9\" href='https:\/\/tranquilseas.two.testovaciverze.cz\/wp-content\/uploads\/2025\/01\/yoga5-scaled.jpg'><img decoding=\"async\" width=\"468\" height=\"468\" src=\"https:\/\/tranquilseas.two.testovaciverze.cz\/wp-content\/uploads\/2025\/01\/yoga5-468x468.jpg\" class=\"attachment-blog-thumb-2 size-blog-thumb-2\" alt=\"\" srcset=\"https:\/\/tranquilseas.two.testovaciverze.cz\/wp-content\/uploads\/2025\/01\/yoga5-468x468.jpg 468w, https:\/\/tranquilseas.two.testovaciverze.cz\/wp-content\/uploads\/2025\/01\/yoga5-150x150.jpg 150w\" sizes=\"(max-width: 468px) 100vw, 468px\" \/><\/a>\n\t\t\t<\/div><\/figure><figure class='gallery-item'>\n\t\t\t<div class='gallery-icon landscape'>\n\t\t\t\t<a data-elementor-open-lightbox=\"yes\" data-elementor-lightbox-slideshow=\"05d7a12\" data-elementor-lightbox-title=\"yoga(4)\" data-e-action-hash=\"#elementor-action%3Aaction%3Dlightbox%26settings%3DeyJpZCI6ODAxOCwidXJsIjoiaHR0cHM6XC9cL3RyYW5xdWlsc2Vhcy50d28udGVzdG92YWNpdmVyemUuY3pcL3dwLWNvbnRlbnRcL3VwbG9hZHNcLzIwMjVcLzAxXC95b2dhNC5qcGciLCJzbGlkZXNob3ciOiIwNWQ3YTEyIn0%3D\" href='https:\/\/tranquilseas.two.testovaciverze.cz\/wp-content\/uploads\/2025\/01\/yoga4.jpg'><img loading=\"lazy\" decoding=\"async\" width=\"468\" height=\"468\" src=\"https:\/\/tranquilseas.two.testovaciverze.cz\/wp-content\/uploads\/2025\/01\/yoga4-468x468.jpg\" class=\"attachment-blog-thumb-2 size-blog-thumb-2\" alt=\"\" srcset=\"https:\/\/tranquilseas.two.testovaciverze.cz\/wp-content\/uploads\/2025\/01\/yoga4-468x468.jpg 468w, https:\/\/tranquilseas.two.testovaciverze.cz\/wp-content\/uploads\/2025\/01\/yoga4-150x150.jpg 150w\" sizes=\"(max-width: 468px) 100vw, 468px\" \/><\/a>\n\t\t\t<\/div><\/figure><figure class='gallery-item'>\n\t\t\t<div class='gallery-icon portrait'>\n\t\t\t\t<a data-elementor-open-lightbox=\"yes\" data-elementor-lightbox-slideshow=\"05d7a12\" data-elementor-lightbox-title=\"yoga(3)\" data-e-action-hash=\"#elementor-action%3Aaction%3Dlightbox%26settings%3DeyJpZCI6ODAxNCwidXJsIjoiaHR0cHM6XC9cL3RyYW5xdWlsc2Vhcy50d28udGVzdG92YWNpdmVyemUuY3pcL3dwLWNvbnRlbnRcL3VwbG9hZHNcLzIwMjVcLzAxXC95b2dhMy1zY2FsZWQuanBnIiwic2xpZGVzaG93IjoiMDVkN2ExMiJ9\" href='https:\/\/tranquilseas.two.testovaciverze.cz\/wp-content\/uploads\/2025\/01\/yoga3-scaled.jpg'><img loading=\"lazy\" decoding=\"async\" width=\"468\" height=\"468\" src=\"https:\/\/tranquilseas.two.testovaciverze.cz\/wp-content\/uploads\/2025\/01\/yoga3-468x468.jpg\" class=\"attachment-blog-thumb-2 size-blog-thumb-2\" alt=\"\" srcset=\"https:\/\/tranquilseas.two.testovaciverze.cz\/wp-content\/uploads\/2025\/01\/yoga3-468x468.jpg 468w, https:\/\/tranquilseas.two.testovaciverze.cz\/wp-content\/uploads\/2025\/01\/yoga3-150x150.jpg 150w\" sizes=\"(max-width: 468px) 100vw, 468px\" \/><\/a>\n\t\t\t<\/div><\/figure>\n\t\t<\/div>\n\t\t<\/div>\n\t\t\t\t<\/div>\n\t\t\t\t<\/div>\n\t\t\t\t\t<\/div>\n\t\t<\/div>\n\t\t\t\t\t<\/div>\n\t\t<\/section>\n\t\t\t\t<\/div>\n\t\t","protected":false},"excerpt":{"rendered":"<p>J\u00d3GA \u00danase otra vez con su yo interior Las lecciones de yoga forman parte inseparable de las vacaciones en Tranquilseas. Cada ejercicio le quita el estr\u00e9s y la prisa de vida cotidiana. Unir\u00e1 otra vez la mente y el cuerpo en una unidad. Durante el ejercicio le refrescar\u00e1 la fresca brisa del mar porque cada&hellip;<\/p>\n","protected":false},"author":1,"featured_media":0,"parent":5075,"menu_order":0,"comment_status":"closed","ping_status":"closed","template":"","meta":{"_acf_changed":false,"footnotes":""},"class_list":["post-5346","page","type-page","status-publish","hentry"],"acf":[],"yoast_head":"<!-- This site is optimized with the Yoast SEO plugin v25.0 - https:\/\/yoast.com\/wordpress\/plugins\/seo\/ -->\n<title>Yoga | Tranquilseas Hotel Resort Roatan<\/title>\n<meta name=\"description\" content=\"Yoga se practica en la planta de arriba en resort Tranquilseas en Roat\u00e1n con vistas al mar. Cada clase se convierte en una experiencia de toda la vida.\" \/>\n<meta name=\"robots\" content=\"noindex, follow, max-snippet:-1, max-image-preview:large, max-video-preview:-1\" \/>\n<meta property=\"og:locale\" content=\"es_ES\" \/>\n<meta property=\"og:type\" content=\"article\" \/>\n<meta property=\"og:title\" content=\"Yoga | Tranquilseas Hotel Resort Roatan\" \/>\n<meta property=\"og:description\" content=\"Yoga se practica en la planta de arriba en resort Tranquilseas en Roat\u00e1n con vistas al mar. Cada clase se convierte en una experiencia de toda la vida.\" \/>\n<meta property=\"og:url\" content=\"https:\/\/tranquilseas.two.testovaciverze.cz\/es\/yoga\/\" \/>\n<meta property=\"og:site_name\" content=\"Tranquilseas Hotel Resort Roatan\" \/>\n<meta property=\"article:publisher\" content=\"https:\/\/www.facebook.com\/tranquilseasecolodge\/\" \/>\n<meta property=\"article:modified_time\" content=\"2025-01-31T14:46:58+00:00\" \/>\n<meta property=\"og:image\" content=\"https:\/\/tranquilseas.two.testovaciverze.cz\/wp-content\/uploads\/2019\/11\/yoga_04.jpg\" \/>\n\t<meta property=\"og:image:width\" content=\"1000\" \/>\n\t<meta property=\"og:image:height\" content=\"714\" \/>\n\t<meta property=\"og:image:type\" content=\"image\/jpeg\" \/>\n<meta name=\"twitter:card\" content=\"summary_large_image\" \/>\n<meta name=\"twitter:site\" content=\"@tranquilseas\" \/>\n<meta name=\"twitter:label1\" content=\"Tiempo de lectura\" \/>\n\t<meta name=\"twitter:data1\" content=\"1 minuto\" \/>\n<script type=\"application\/ld+json\" class=\"yoast-schema-graph\">{\"@context\":\"https:\/\/schema.org\",\"@graph\":[{\"@type\":\"WebPage\",\"@id\":\"https:\/\/tranquilseas.two.testovaciverze.cz\/es\/yoga\/\",\"url\":\"https:\/\/tranquilseas.two.testovaciverze.cz\/es\/yoga\/\",\"name\":\"Yoga | Tranquilseas Hotel Resort Roatan\",\"isPartOf\":{\"@id\":\"https:\/\/tranquilseas.two.testovaciverze.cz\/es\/#website\"},\"primaryImageOfPage\":{\"@id\":\"https:\/\/tranquilseas.two.testovaciverze.cz\/es\/yoga\/#primaryimage\"},\"image\":{\"@id\":\"https:\/\/tranquilseas.two.testovaciverze.cz\/es\/yoga\/#primaryimage\"},\"thumbnailUrl\":\"https:\/\/tranquilseas.two.testovaciverze.cz\/wp-content\/uploads\/2018\/03\/divider2.png\",\"datePublished\":\"2019-12-04T17:01:09+00:00\",\"dateModified\":\"2025-01-31T14:46:58+00:00\",\"description\":\"Yoga se practica en la planta de arriba en resort Tranquilseas en Roat\u00e1n con vistas al mar. Cada clase se convierte en una experiencia de toda la vida.\",\"breadcrumb\":{\"@id\":\"https:\/\/tranquilseas.two.testovaciverze.cz\/es\/yoga\/#breadcrumb\"},\"inLanguage\":\"es\",\"potentialAction\":[{\"@type\":\"ReadAction\",\"target\":[\"https:\/\/tranquilseas.two.testovaciverze.cz\/es\/yoga\/\"]}]},{\"@type\":\"ImageObject\",\"inLanguage\":\"es\",\"@id\":\"https:\/\/tranquilseas.two.testovaciverze.cz\/es\/yoga\/#primaryimage\",\"url\":\"https:\/\/tranquilseas.two.testovaciverze.cz\/wp-content\/uploads\/2018\/03\/divider2.png\",\"contentUrl\":\"https:\/\/tranquilseas.two.testovaciverze.cz\/wp-content\/uploads\/2018\/03\/divider2.png\"},{\"@type\":\"BreadcrumbList\",\"@id\":\"https:\/\/tranquilseas.two.testovaciverze.cz\/es\/yoga\/#breadcrumb\",\"itemListElement\":[{\"@type\":\"ListItem\",\"position\":1,\"name\":\"Inicio\",\"item\":\"https:\/\/tranquilseas.two.testovaciverze.cz\/es\/\"},{\"@type\":\"ListItem\",\"position\":2,\"name\":\"Actividades\",\"item\":\"https:\/\/tranquilseas.two.testovaciverze.cz\/es\/actividades\/\"},{\"@type\":\"ListItem\",\"position\":3,\"name\":\"Yoga\"}]},{\"@type\":\"WebSite\",\"@id\":\"https:\/\/tranquilseas.two.testovaciverze.cz\/es\/#website\",\"url\":\"https:\/\/tranquilseas.two.testovaciverze.cz\/es\/\",\"name\":\"Tranquilseas Hotel Resort Roatan\",\"description\":\"\",\"publisher\":{\"@id\":\"https:\/\/tranquilseas.two.testovaciverze.cz\/es\/#organization\"},\"potentialAction\":[{\"@type\":\"SearchAction\",\"target\":{\"@type\":\"EntryPoint\",\"urlTemplate\":\"https:\/\/tranquilseas.two.testovaciverze.cz\/es\/?s={search_term_string}\"},\"query-input\":{\"@type\":\"PropertyValueSpecification\",\"valueRequired\":true,\"valueName\":\"search_term_string\"}}],\"inLanguage\":\"es\"},{\"@type\":\"Organization\",\"@id\":\"https:\/\/tranquilseas.two.testovaciverze.cz\/es\/#organization\",\"name\":\"Tranquilseas Hotel Resort\",\"url\":\"https:\/\/tranquilseas.two.testovaciverze.cz\/es\/\",\"logo\":{\"@type\":\"ImageObject\",\"inLanguage\":\"es\",\"@id\":\"https:\/\/tranquilseas.two.testovaciverze.cz\/es\/#\/schema\/logo\/image\/\",\"url\":\"https:\/\/tranquilseas.two.testovaciverze.cz\/wp-content\/uploads\/2019\/11\/tranquilseas-eco-lodge-and-dive-center-logo.jpg\",\"contentUrl\":\"https:\/\/tranquilseas.two.testovaciverze.cz\/wp-content\/uploads\/2019\/11\/tranquilseas-eco-lodge-and-dive-center-logo.jpg\",\"width\":320,\"height\":320,\"caption\":\"Tranquilseas Hotel Resort\"},\"image\":{\"@id\":\"https:\/\/tranquilseas.two.testovaciverze.cz\/es\/#\/schema\/logo\/image\/\"},\"sameAs\":[\"https:\/\/www.facebook.com\/tranquilseasecolodge\/\",\"https:\/\/x.com\/tranquilseas\"]}]}<\/script>\n<!-- \/ Yoast SEO plugin. -->","yoast_head_json":{"title":"Yoga | Tranquilseas Hotel Resort Roatan","description":"Yoga se practica en la planta de arriba en resort Tranquilseas en Roat\u00e1n con vistas al mar. Cada clase se convierte en una experiencia de toda la vida.","robots":{"index":"noindex","follow":"follow","max-snippet":"max-snippet:-1","max-image-preview":"max-image-preview:large","max-video-preview":"max-video-preview:-1"},"og_locale":"es_ES","og_type":"article","og_title":"Yoga | Tranquilseas Hotel Resort Roatan","og_description":"Yoga se practica en la planta de arriba en resort Tranquilseas en Roat\u00e1n con vistas al mar. Cada clase se convierte en una experiencia de toda la vida.","og_url":"https:\/\/tranquilseas.two.testovaciverze.cz\/es\/yoga\/","og_site_name":"Tranquilseas Hotel Resort Roatan","article_publisher":"https:\/\/www.facebook.com\/tranquilseasecolodge\/","article_modified_time":"2025-01-31T14:46:58+00:00","og_image":[{"width":1000,"height":714,"url":"https:\/\/tranquilseas.two.testovaciverze.cz\/wp-content\/uploads\/2019\/11\/yoga_04.jpg","type":"image\/jpeg"}],"twitter_card":"summary_large_image","twitter_site":"@tranquilseas","twitter_misc":{"Tiempo de lectura":"1 minuto"},"schema":{"@context":"https:\/\/schema.org","@graph":[{"@type":"WebPage","@id":"https:\/\/tranquilseas.two.testovaciverze.cz\/es\/yoga\/","url":"https:\/\/tranquilseas.two.testovaciverze.cz\/es\/yoga\/","name":"Yoga | Tranquilseas Hotel Resort Roatan","isPartOf":{"@id":"https:\/\/tranquilseas.two.testovaciverze.cz\/es\/#website"},"primaryImageOfPage":{"@id":"https:\/\/tranquilseas.two.testovaciverze.cz\/es\/yoga\/#primaryimage"},"image":{"@id":"https:\/\/tranquilseas.two.testovaciverze.cz\/es\/yoga\/#primaryimage"},"thumbnailUrl":"https:\/\/tranquilseas.two.testovaciverze.cz\/wp-content\/uploads\/2018\/03\/divider2.png","datePublished":"2019-12-04T17:01:09+00:00","dateModified":"2025-01-31T14:46:58+00:00","description":"Yoga se practica en la planta de arriba en resort Tranquilseas en Roat\u00e1n con vistas al mar. Cada clase se convierte en una experiencia de toda la vida.","breadcrumb":{"@id":"https:\/\/tranquilseas.two.testovaciverze.cz\/es\/yoga\/#breadcrumb"},"inLanguage":"es","potentialAction":[{"@type":"ReadAction","target":["https:\/\/tranquilseas.two.testovaciverze.cz\/es\/yoga\/"]}]},{"@type":"ImageObject","inLanguage":"es","@id":"https:\/\/tranquilseas.two.testovaciverze.cz\/es\/yoga\/#primaryimage","url":"https:\/\/tranquilseas.two.testovaciverze.cz\/wp-content\/uploads\/2018\/03\/divider2.png","contentUrl":"https:\/\/tranquilseas.two.testovaciverze.cz\/wp-content\/uploads\/2018\/03\/divider2.png"},{"@type":"BreadcrumbList","@id":"https:\/\/tranquilseas.two.testovaciverze.cz\/es\/yoga\/#breadcrumb","itemListElement":[{"@type":"ListItem","position":1,"name":"Inicio","item":"https:\/\/tranquilseas.two.testovaciverze.cz\/es\/"},{"@type":"ListItem","position":2,"name":"Actividades","item":"https:\/\/tranquilseas.two.testovaciverze.cz\/es\/actividades\/"},{"@type":"ListItem","position":3,"name":"Yoga"}]},{"@type":"WebSite","@id":"https:\/\/tranquilseas.two.testovaciverze.cz\/es\/#website","url":"https:\/\/tranquilseas.two.testovaciverze.cz\/es\/","name":"Tranquilseas Hotel Resort Roatan","description":"","publisher":{"@id":"https:\/\/tranquilseas.two.testovaciverze.cz\/es\/#organization"},"potentialAction":[{"@type":"SearchAction","target":{"@type":"EntryPoint","urlTemplate":"https:\/\/tranquilseas.two.testovaciverze.cz\/es\/?s={search_term_string}"},"query-input":{"@type":"PropertyValueSpecification","valueRequired":true,"valueName":"search_term_string"}}],"inLanguage":"es"},{"@type":"Organization","@id":"https:\/\/tranquilseas.two.testovaciverze.cz\/es\/#organization","name":"Tranquilseas Hotel Resort","url":"https:\/\/tranquilseas.two.testovaciverze.cz\/es\/","logo":{"@type":"ImageObject","inLanguage":"es","@id":"https:\/\/tranquilseas.two.testovaciverze.cz\/es\/#\/schema\/logo\/image\/","url":"https:\/\/tranquilseas.two.testovaciverze.cz\/wp-content\/uploads\/2019\/11\/tranquilseas-eco-lodge-and-dive-center-logo.jpg","contentUrl":"https:\/\/tranquilseas.two.testovaciverze.cz\/wp-content\/uploads\/2019\/11\/tranquilseas-eco-lodge-and-dive-center-logo.jpg","width":320,"height":320,"caption":"Tranquilseas Hotel Resort"},"image":{"@id":"https:\/\/tranquilseas.two.testovaciverze.cz\/es\/#\/schema\/logo\/image\/"},"sameAs":["https:\/\/www.facebook.com\/tranquilseasecolodge\/","https:\/\/x.com\/tranquilseas"]}]}},"_links":{"self":[{"href":"https:\/\/tranquilseas.two.testovaciverze.cz\/es\/wp-json\/wp\/v2\/pages\/5346","targetHints":{"allow":["GET"]}}],"collection":[{"href":"https:\/\/tranquilseas.two.testovaciverze.cz\/es\/wp-json\/wp\/v2\/pages"}],"about":[{"href":"https:\/\/tranquilseas.two.testovaciverze.cz\/es\/wp-json\/wp\/v2\/types\/page"}],"author":[{"embeddable":true,"href":"https:\/\/tranquilseas.two.testovaciverze.cz\/es\/wp-json\/wp\/v2\/users\/1"}],"replies":[{"embeddable":true,"href":"https:\/\/tranquilseas.two.testovaciverze.cz\/es\/wp-json\/wp\/v2\/comments?post=5346"}],"version-history":[{"count":5,"href":"https:\/\/tranquilseas.two.testovaciverze.cz\/es\/wp-json\/wp\/v2\/pages\/5346\/revisions"}],"predecessor-version":[{"id":8039,"href":"https:\/\/tranquilseas.two.testovaciverze.cz\/es\/wp-json\/wp\/v2\/pages\/5346\/revisions\/8039"}],"up":[{"embeddable":true,"href":"https:\/\/tranquilseas.two.testovaciverze.cz\/es\/wp-json\/wp\/v2\/pages\/5075"}],"wp:attachment":[{"href":"https:\/\/tranquilseas.two.testovaciverze.cz\/es\/wp-json\/wp\/v2\/media?parent=5346"}],"curies":[{"name":"wp","href":"https:\/\/api.w.org\/{rel}","templated":true}]}}