{"id":7325,"date":"2023-07-04T21:28:36","date_gmt":"2023-07-04T19:28:36","guid":{"rendered":"https:\/\/tranquilseas.two.testovaciverze.cz\/allgemeine-bedingungen-und-konditionen\/"},"modified":"2023-07-04T21:42:37","modified_gmt":"2023-07-04T19:42:37","slug":"allgemeine-bedingungen-und-konditionen","status":"publish","type":"page","link":"https:\/\/tranquilseas.two.testovaciverze.cz\/de\/allgemeine-geschaeftsbedingungen","title":{"rendered":"ALLGEMEINE GESCH\u00c4FTSBEDINGUNGEN"},"content":{"rendered":"\t\t<div data-elementor-type=\"wp-page\" data-elementor-id=\"7325\" class=\"elementor elementor-7325 elementor-7081\" data-elementor-post-type=\"page\">\n\t\t\t\t\t\t<section class=\"elementor-section elementor-top-section elementor-element elementor-element-01d44ae elementor-section-stretched elementor-section-content-middle elementor-section-boxed elementor-section-height-default elementor-section-height-default\" data-id=\"01d44ae\" data-element_type=\"section\" data-settings=\"{&quot;stretch_section&quot;:&quot;section-stretched&quot;,&quot;background_background&quot;:&quot;classic&quot;}\">\n\t\t\t\t\t\t<div class=\"elementor-container elementor-column-gap-default\">\n\t\t\t\t\t<div class=\"elementor-column elementor-col-100 elementor-top-column elementor-element elementor-element-66328fe\" data-id=\"66328fe\" data-element_type=\"column\">\n\t\t\t<div class=\"elementor-widget-wrap elementor-element-populated\">\n\t\t\t\t\t\t\t<\/div>\n\t\t<\/div>\n\t\t\t\t\t<\/div>\n\t\t<\/section>\n\t\t\t\t<section class=\"elementor-section elementor-top-section elementor-element elementor-element-32e3c5b7 elementor-section-content-middle elementor-section-stretched elementor-section-boxed elementor-section-height-default elementor-section-height-default\" data-id=\"32e3c5b7\" data-element_type=\"section\" data-settings=\"{&quot;stretch_section&quot;:&quot;section-stretched&quot;}\">\n\t\t\t\t\t\t<div class=\"elementor-container elementor-column-gap-default\">\n\t\t\t\t\t<div class=\"elementor-column elementor-col-100 elementor-top-column elementor-element elementor-element-18d32dd4\" data-id=\"18d32dd4\" data-element_type=\"column\">\n\t\t\t<div class=\"elementor-widget-wrap elementor-element-populated\">\n\t\t\t\t\t\t<div class=\"elementor-element elementor-element-27f85d0 elementor-widget elementor-widget-text-editor\" data-id=\"27f85d0\" data-element_type=\"widget\" data-widget_type=\"text-editor.default\">\n\t\t\t\t<div class=\"elementor-widget-container\">\n\t\t\t\t\t\t\t<h2 class=\"p1\">VERTRAGSPARTEIEN<\/h2>\r\n<ul class=\"ul1\">\r\n \t<li class=\"li3\">Die Gesellschaft Tranquil Seas Reservations s.r.o. mit Sitz in V\u00a0Alej\u00ed\u010dk\u00e1ch 129, CZ-250\u00a065\u00a0Bo\u0159anovice, eingetragen im Handelsregister beim Bezirksgericht in\u00a0Prag, Abschnitt C, Einlage 379261 (nachstehend nur \u201eHotel\u201c)<\/li>\r\n \t<li class=\"li3\">Gast \u2013 als nat\u00fcrliche oder juristische Person (nachstehend nur \u201eGast\u201c). Diese Gesch\u00e4ftsbedingungen sind allgemein g\u00fcltig f\u00fcr alle Hotelg\u00e4ste und Agenturen, mit denen kein schriftlicher Vertrag \u00fcber die Erbringung von Dienstleistungen geschlossen wurde.<\/li>\r\n<\/ul>\r\n<h2 class=\"p2\">RESERVIERUNG VON UNTERK\u00dcNFTEN UND DIENSTLEISTUNGEN:<\/h2>\r\n<ul class=\"ul1\">\r\n \t<li class=\"li3\">Die Reservierung von Unterk\u00fcnften und anderen Dienstleistungen im Hotel und die Best\u00e4tigung dieser Reservierung durch das Hotel ist schriftlich per E-Mail, oder telefonisch m\u00f6glich.<\/li>\r\n \t<li class=\"li3\">Eine Reservierung gilt als g\u00fcltig und verbindlich, wenn das Hotel dem Gast die vorgenommene Reservierung schriftlich per E-Mail, oder durch eine automatische E-Mail-Best\u00e4tigung, die vom jeweiligen Online-Reservierungssystem generiert wird, best\u00e4tigt.<\/li>\r\n \t<li class=\"li3\">Die Reservierung erfolgt per Kreditkarte oder durch Zahlung einer Anzahlung in H\u00f6he der bestellten Unterkunft und Dienstleistungen. Es k\u00f6nnen individuelle Bedingungen festgelegt werden.<\/li>\r\n \t<li class=\"li3\">F\u00fcr den Fall, dass das Hotel oder der Gast die in Punkt 3. genannten Bedingungen nicht erf\u00fcllt, ist das Hotel nicht verpflichtet, Unterkunft und Dienstleistungen zu erbringen.<\/li>\r\n \t<li class=\"li3\">Die auf der Buchungsbest\u00e4tigung aufgef\u00fchrten Angaben sind f\u00fcr beide Parteien verbindlich.<\/li>\r\n<\/ul>\r\n<h2 class=\"p2\">PREISE, STORNIERUNGS- UND ZAHLUNGSBEDINGUNGEN:<\/h2>\r\n<ul class=\"ul1\">\r\n \t<li class=\"li3\">Der Preis versteht sich pro Zimmer f\u00fcr eine Nacht inklusive Fr\u00fchst\u00fcck, es sei denn, der Gast w\u00e4hlt etwas anderes.<\/li>\r\n \t<li class=\"li3\">Im Preis f\u00fcr die Unterkunft ist die Mehrwertsteuer in gesetzlich festgelegter H\u00f6he enthalten.<\/li>\r\n \t<li class=\"li3\">Die Stornierung einer best\u00e4tigten Reservierung kann nur schriftlich per E-Mail, erfolgen. Die genaue Art der Stornierung einer Reservierung wird durch das Reservierungssystem bestimmt, das f\u00fcr die Reservierung verwendet wird.<\/li>\r\n \t<li class=\"li3\">Bei der Stornierung einer Reservierung, die \u00fcber einen externen Anbieter (z.\u00a0B. booking.com) vorgenommen wurde, ist es erforderlich, die Reservierung ebenfalls \u00fcber diesen Anbieter in der vom Anbieter geforderten Weise und gem\u00e4\u00df den Bedingungen der Reservierung zu stornieren.<\/li>\r\n \t<li class=\"li3\">Die \u00c4nderung der Reservierung, d.\u00a0h. die Verschiebung der bestellten Dienstleistungen auf ein anderes Datum, gilt als Stornierung der urspr\u00fcnglichen Reservierung und unterliegt der gleichen Regelung wie die Stornierung der Reservierung.<\/li>\r\n \t<li class=\"li3\">Die Unterkunft kann in bar bezahlt werden, wir akzeptieren die W\u00e4hrung en CZK und USD. Bei Zahlung per Kredit-\/Zahlungskarte wird der Betrag in USD abgebucht.<\/li>\r\n \t<li class=\"li3\">Nach dem Gesetz \u00fcber die Einnahmenevidenz ist das Hotel verpflichtet, dem Gast eine Quittung auszustellen. Gleichzeitig ist es verpflichtet, die erhaltenen Einnahmen bei der Steuerverwaltung online zu registrieren, im Falle eines technischen Ausfalls sp\u00e4testens innerhalb von 48 Stunden.<\/li>\r\n \t<li class=\"li3\">Das Hotel beh\u00e4lt sich das Recht vor, die Kreditkarte des Gastes bis zur H\u00f6he des Gesamtbetrags der Unterkunft vorl\u00e4ufig im Voraus zu autorisieren.<\/li>\r\n \t<li class=\"li3\">Bei einer Stornierung der Reservierung 14 Tage vor Anreise (im Falle einer Standardbuchung) wird keine Stornogeb\u00fchr erhoben.<\/li>\r\n \t<li class=\"li3\">Im Falle einer nicht erstattungsf\u00e4higen Reservierung ist das Hotel berechtigt, jederzeit nach erfolgter Buchung 100\u00a0% des Unterkunftspreises in Rechnung zu stellen.<\/li>\r\n \t<li class=\"li3\">Bei Nichterscheinen des Gastes wird die Reservierung storniert und das Hotel ist berechtigt, die Kosten f\u00fcr den gesamten Aufenthalt des Gastes in Rechnung zu stellen.<\/li>\r\n<\/ul>\r\n<h2 class=\"p2\">RECHTE UND PFLICHTEN DES GASTES:<\/h2>\r\n<ul class=\"ul1\">\r\n \t<li class=\"li3\">Der Gast hat das Recht, die reservierten R\u00e4umlichkeiten und deren Ausstattung sowie die Gemeinschaftsr\u00e4ume mit ihrer Ausstattung zu nutzen.<\/li>\r\n \t<li class=\"li3\">Der Gast haftet f\u00fcr alle Sch\u00e4den, die w\u00e4hrend seines Aufenthalts im Zimmer verursacht werden, und verpflichtet sich, alle eventuellen Kosten f\u00fcr Reparaturen, Ersatz oder Sonderreinigung zu \u00fcbernehmen. Die H\u00f6he der Zahlung wird vom Hotel festgelegt.<\/li>\r\n \t<li class=\"li3\">Der Gast ist verpflichtet, alle St\u00f6rungen und m\u00f6gliche M\u00e4ngel w\u00e4hrend seines Aufenthalts im Hotel zu beanstanden, damit sofort f\u00fcr Abhilfe gesorgt werden kann.<\/li>\r\n \t<li class=\"li3\">Der Gast ist verpflichtet, die mit der Inanspruchnahme der Unterkunftsdienstleistungen des Hotels verbundenen Kosten sp\u00e4testens am Anreisetag zu bezahlen und sp\u00e4testens am Abreisetag ist der Gast verpflichtet, andere Kosten \u2013 zus\u00e4tzliche Dienstleistungen (Sauna, Restaurantdienstleistungen und andere Hoteldienstleistungen) zu bezahlen, sofern nichts anderes vereinbart wurde. Im Falle der Nichtzahlung des Betrags ist das Hotel berechtigt, den entsprechenden Betrag von der Zahlungskarte des Gastes nach dessen Abreise abzubuchen.<\/li>\r\n \t<li class=\"li3\">Der Gast kann aufgrund von Stornierungsbedingungen vom Vertrag zur\u00fccktreten, oder wenn das Hotel dem Gast nicht die im Voraus vereinbarten Dienstleistungen erbracht hat, die dem Standard des Hotels entsprechen.<\/li>\r\n \t<li class=\"li3\">Der Check-in im Hotel ist ab 14:00 Uhr am Anreisetag m\u00f6glich. Ein fr\u00fcherer Check-in ist nur nach Absprache mit dem Hotel m\u00f6glich und kann mit einer Geb\u00fchr belegt werden.<\/li>\r\n \t<li class=\"li3\">Der Check-out ist bis 10:00 Uhr am Abreisetag m\u00f6glich. Ein sp\u00e4terer Check-out ist nur nach Absprache mit dem Hotel m\u00f6glich und kann mit einer Geb\u00fchr belegt werden<\/li>\r\n \t<li class=\"li3\">Das gesamte Hotel ist rauchfrei. Ein Versto\u00df gegen diese Verordnung und das Rauchen im Zimmer oder in den R\u00e4umlichkeiten des Hotels berechtigt das Hotel, dem Gast eine Geldstrafe in H\u00f6he von 200 USD f\u00fcr die Reinigung des Zimmers oder der R\u00e4umlichkeiten des Hotels in Rechnung zu stellen. Das Rauchen ist nur vor dem Hotel an der daf\u00fcr vorgesehenen Stelle gestattet.<\/li>\r\n \t<li class=\"li3\">In der Zeit von 22:00 bis 6:00 Uhr herrscht im Hotel Nachtruhe. Verhalten, das zu einer St\u00f6rung anderer G\u00e4ste w\u00e4hrend der Ruhezeiten f\u00fchrt (einschlie\u00dflich lautem Musikh\u00f6ren, Fernsehen, Schreien in Zimmern, Fluren und anderem st\u00f6renden Benehmen), ist strengstens untersagt. Bei schwerwiegenden Verst\u00f6\u00dfen gegen diese Regel kann das Hotel den G\u00e4sten eine Geldstrafe bis zu 400 EUR auflegen oder, falls ben\u00f6tigt, die Polizei anrufen.<\/li>\r\n \t<li class=\"li3\">Hunde k\u00f6nnen, nachdem es durch das Hotel best\u00e4tigt worden ist, im Hotel kostenlos untergebracht werden.<\/li>\r\n<\/ul>\r\n<h2 class=\"p2\">RECHTE UND PFLICHTEN DES HOTELS:<\/h2>\r\n<ul class=\"ul1\">\r\n \t<li class=\"li3\">Das Hotel ist verpflichtet, dem Gast Unterkunft auf der Grundlage von vorher vereinbarten Dienstleistungen zur Verf\u00fcgung zu stellen, die dem Standard des Hotels entsprechen.<\/li>\r\n \t<li class=\"li3\">F\u00fcr den Fall, dass das Hotel den Gast auf der Grundlage einer im Voraus vorgenommenen und best\u00e4tigten Reservierung nicht unterbringen kann, ist das Hotel verpflichtet, dem Gast eine angemessene alternative Unterkunft in einer anderen Einrichtung zu gew\u00e4hrleisten.<\/li>\r\n<\/ul>\r\n<h2 class=\"p2\">SCHLUSSBESTIMMUNGEN:<\/h2>\r\n<ul class=\"ul1\">\r\n \t<li class=\"li3\">Diese Gesch\u00e4ftsbedingungen gelten ab dem 1.11.2023 und das Hotel beh\u00e4lt sich das Recht vor, sie zu \u00e4ndern, und der Gast ist verpflichtet, diese vorliegenden Gesch\u00e4ftsbedingungen zu befolgen.<\/li>\r\n \t<li class=\"li3\">Das Hotel erhebt die personenbezogenen Daten des Gastes nur f\u00fcr die Zeit, die bis zur Beendigung der Erbringung der vereinbarten Dienstleistungen erforderlich ist, und gibt diese Daten nicht an andere Personen weiter.<\/li>\r\n<\/ul>\t\t\t\t\t\t<\/div>\n\t\t\t\t<\/div>\n\t\t\t\t\t<\/div>\n\t\t<\/div>\n\t\t\t\t\t<\/div>\n\t\t<\/section>\n\t\t\t\t<\/div>\n\t\t","protected":false},"excerpt":{"rendered":"<p>VERTRAGSPARTEIEN Die Gesellschaft Tranquil Seas Reservations s.r.o. mit Sitz in V\u00a0Alej\u00ed\u010dk\u00e1ch 129, CZ-250\u00a065\u00a0Bo\u0159anovice, eingetragen im Handelsregister beim Bezirksgericht in\u00a0Prag, Abschnitt C, Einlage 379261 (nachstehend nur \u201eHotel\u201c) Gast \u2013 als nat\u00fcrliche oder juristische Person (nachstehend nur \u201eGast\u201c). Diese Gesch\u00e4ftsbedingungen sind allgemein g\u00fcltig f\u00fcr alle Hotelg\u00e4ste und Agenturen, mit denen kein schriftlicher Vertrag \u00fcber die Erbringung von&hellip;<\/p>\n","protected":false},"author":1,"featured_media":0,"parent":0,"menu_order":0,"comment_status":"closed","ping_status":"closed","template":"","meta":{"_acf_changed":false,"footnotes":""},"class_list":["post-7325","page","type-page","status-publish","hentry"],"acf":[],"yoast_head":"<!-- This site is optimized with the Yoast SEO plugin v25.0 - https:\/\/yoast.com\/wordpress\/plugins\/seo\/ -->\n<title>ALLGEMEINE GESCH\u00c4FTSBEDINGUNGEN | Tranquilseas Hotel Resort Roatan<\/title>\n<meta name=\"description\" content=\"Allgemeine Gesch\u00e4ftsbedingungen der Tranquil Seas Reservations s.r.o. mit Sitz in V Alej\u00ed\u010dk\u00e1ch 129, 250 65 Bo\u0159anovice.\" \/>\n<meta name=\"robots\" content=\"noindex, nofollow\" \/>\n<meta property=\"og:locale\" content=\"de_DE\" \/>\n<meta property=\"og:type\" content=\"article\" \/>\n<meta property=\"og:title\" content=\"ALLGEMEINE GESCH\u00c4FTSBEDINGUNGEN | Tranquilseas Hotel Resort Roatan\" \/>\n<meta property=\"og:description\" content=\"Allgemeine Gesch\u00e4ftsbedingungen der Tranquil Seas Reservations s.r.o. mit Sitz in V Alej\u00ed\u010dk\u00e1ch 129, 250 65 Bo\u0159anovice.\" \/>\n<meta property=\"og:url\" content=\"https:\/\/tranquilseas.two.testovaciverze.cz\/de\/allgemeine-geschaeftsbedingungen\" \/>\n<meta property=\"og:site_name\" content=\"Tranquilseas Hotel Resort Roatan\" \/>\n<meta property=\"article:publisher\" content=\"https:\/\/www.facebook.com\/tranquilseasecolodge\/\" \/>\n<meta property=\"article:modified_time\" content=\"2023-07-04T19:42:37+00:00\" \/>\n<meta name=\"twitter:card\" content=\"summary_large_image\" \/>\n<meta name=\"twitter:site\" content=\"@tranquilseas\" \/>\n<meta name=\"twitter:label1\" content=\"Gesch\u00e4tzte Lesezeit\" \/>\n\t<meta name=\"twitter:data1\" content=\"6\u00a0Minuten\" \/>\n<script type=\"application\/ld+json\" class=\"yoast-schema-graph\">{\"@context\":\"https:\/\/schema.org\",\"@graph\":[{\"@type\":\"WebPage\",\"@id\":\"https:\/\/tranquilseas.two.testovaciverze.cz\/de\/allgemeine-geschaeftsbedingungen\",\"url\":\"https:\/\/tranquilseas.two.testovaciverze.cz\/de\/allgemeine-geschaeftsbedingungen\",\"name\":\"ALLGEMEINE GESCH\u00c4FTSBEDINGUNGEN | Tranquilseas Hotel Resort Roatan\",\"isPartOf\":{\"@id\":\"https:\/\/tranquilseas.two.testovaciverze.cz\/de\/#website\"},\"datePublished\":\"2023-07-04T19:28:36+00:00\",\"dateModified\":\"2023-07-04T19:42:37+00:00\",\"description\":\"Allgemeine Gesch\u00e4ftsbedingungen der Tranquil Seas Reservations s.r.o. mit Sitz in V Alej\u00ed\u010dk\u00e1ch 129, 250 65 Bo\u0159anovice.\",\"breadcrumb\":{\"@id\":\"https:\/\/tranquilseas.two.testovaciverze.cz\/de\/allgemeine-geschaeftsbedingungen#breadcrumb\"},\"inLanguage\":\"de\",\"potentialAction\":[{\"@type\":\"ReadAction\",\"target\":[\"https:\/\/tranquilseas.two.testovaciverze.cz\/de\/allgemeine-geschaeftsbedingungen\"]}]},{\"@type\":\"BreadcrumbList\",\"@id\":\"https:\/\/tranquilseas.two.testovaciverze.cz\/de\/allgemeine-geschaeftsbedingungen#breadcrumb\",\"itemListElement\":[{\"@type\":\"ListItem\",\"position\":1,\"name\":\"Home\",\"item\":\"https:\/\/tranquilseas.two.testovaciverze.cz\/de\/\"},{\"@type\":\"ListItem\",\"position\":2,\"name\":\"ALLGEMEINE GESCH\u00c4FTSBEDINGUNGEN\"}]},{\"@type\":\"WebSite\",\"@id\":\"https:\/\/tranquilseas.two.testovaciverze.cz\/de\/#website\",\"url\":\"https:\/\/tranquilseas.two.testovaciverze.cz\/de\/\",\"name\":\"Tranquilseas Hotel Resort Roatan\",\"description\":\"\",\"publisher\":{\"@id\":\"https:\/\/tranquilseas.two.testovaciverze.cz\/de\/#organization\"},\"potentialAction\":[{\"@type\":\"SearchAction\",\"target\":{\"@type\":\"EntryPoint\",\"urlTemplate\":\"https:\/\/tranquilseas.two.testovaciverze.cz\/de\/?s={search_term_string}\"},\"query-input\":{\"@type\":\"PropertyValueSpecification\",\"valueRequired\":true,\"valueName\":\"search_term_string\"}}],\"inLanguage\":\"de\"},{\"@type\":\"Organization\",\"@id\":\"https:\/\/tranquilseas.two.testovaciverze.cz\/de\/#organization\",\"name\":\"Tranquilseas Hotel Resort\",\"url\":\"https:\/\/tranquilseas.two.testovaciverze.cz\/de\/\",\"logo\":{\"@type\":\"ImageObject\",\"inLanguage\":\"de\",\"@id\":\"https:\/\/tranquilseas.two.testovaciverze.cz\/de\/#\/schema\/logo\/image\/\",\"url\":\"https:\/\/tranquilseas.two.testovaciverze.cz\/wp-content\/uploads\/2019\/11\/tranquilseas-eco-lodge-and-dive-center-logo.jpg\",\"contentUrl\":\"https:\/\/tranquilseas.two.testovaciverze.cz\/wp-content\/uploads\/2019\/11\/tranquilseas-eco-lodge-and-dive-center-logo.jpg\",\"width\":320,\"height\":320,\"caption\":\"Tranquilseas Hotel Resort\"},\"image\":{\"@id\":\"https:\/\/tranquilseas.two.testovaciverze.cz\/de\/#\/schema\/logo\/image\/\"},\"sameAs\":[\"https:\/\/www.facebook.com\/tranquilseasecolodge\/\",\"https:\/\/x.com\/tranquilseas\"]}]}<\/script>\n<!-- \/ Yoast SEO plugin. -->","yoast_head_json":{"title":"ALLGEMEINE GESCH\u00c4FTSBEDINGUNGEN | Tranquilseas Hotel Resort Roatan","description":"Allgemeine Gesch\u00e4ftsbedingungen der Tranquil Seas Reservations s.r.o. mit Sitz in V Alej\u00ed\u010dk\u00e1ch 129, 250 65 Bo\u0159anovice.","robots":{"index":"noindex","follow":"nofollow"},"og_locale":"de_DE","og_type":"article","og_title":"ALLGEMEINE GESCH\u00c4FTSBEDINGUNGEN | Tranquilseas Hotel Resort Roatan","og_description":"Allgemeine Gesch\u00e4ftsbedingungen der Tranquil Seas Reservations s.r.o. mit Sitz in V Alej\u00ed\u010dk\u00e1ch 129, 250 65 Bo\u0159anovice.","og_url":"https:\/\/tranquilseas.two.testovaciverze.cz\/de\/allgemeine-geschaeftsbedingungen","og_site_name":"Tranquilseas Hotel Resort Roatan","article_publisher":"https:\/\/www.facebook.com\/tranquilseasecolodge\/","article_modified_time":"2023-07-04T19:42:37+00:00","twitter_card":"summary_large_image","twitter_site":"@tranquilseas","twitter_misc":{"Gesch\u00e4tzte Lesezeit":"6\u00a0Minuten"},"schema":{"@context":"https:\/\/schema.org","@graph":[{"@type":"WebPage","@id":"https:\/\/tranquilseas.two.testovaciverze.cz\/de\/allgemeine-geschaeftsbedingungen","url":"https:\/\/tranquilseas.two.testovaciverze.cz\/de\/allgemeine-geschaeftsbedingungen","name":"ALLGEMEINE GESCH\u00c4FTSBEDINGUNGEN | Tranquilseas Hotel Resort Roatan","isPartOf":{"@id":"https:\/\/tranquilseas.two.testovaciverze.cz\/de\/#website"},"datePublished":"2023-07-04T19:28:36+00:00","dateModified":"2023-07-04T19:42:37+00:00","description":"Allgemeine Gesch\u00e4ftsbedingungen der Tranquil Seas Reservations s.r.o. mit Sitz in V Alej\u00ed\u010dk\u00e1ch 129, 250 65 Bo\u0159anovice.","breadcrumb":{"@id":"https:\/\/tranquilseas.two.testovaciverze.cz\/de\/allgemeine-geschaeftsbedingungen#breadcrumb"},"inLanguage":"de","potentialAction":[{"@type":"ReadAction","target":["https:\/\/tranquilseas.two.testovaciverze.cz\/de\/allgemeine-geschaeftsbedingungen"]}]},{"@type":"BreadcrumbList","@id":"https:\/\/tranquilseas.two.testovaciverze.cz\/de\/allgemeine-geschaeftsbedingungen#breadcrumb","itemListElement":[{"@type":"ListItem","position":1,"name":"Home","item":"https:\/\/tranquilseas.two.testovaciverze.cz\/de\/"},{"@type":"ListItem","position":2,"name":"ALLGEMEINE GESCH\u00c4FTSBEDINGUNGEN"}]},{"@type":"WebSite","@id":"https:\/\/tranquilseas.two.testovaciverze.cz\/de\/#website","url":"https:\/\/tranquilseas.two.testovaciverze.cz\/de\/","name":"Tranquilseas Hotel Resort Roatan","description":"","publisher":{"@id":"https:\/\/tranquilseas.two.testovaciverze.cz\/de\/#organization"},"potentialAction":[{"@type":"SearchAction","target":{"@type":"EntryPoint","urlTemplate":"https:\/\/tranquilseas.two.testovaciverze.cz\/de\/?s={search_term_string}"},"query-input":{"@type":"PropertyValueSpecification","valueRequired":true,"valueName":"search_term_string"}}],"inLanguage":"de"},{"@type":"Organization","@id":"https:\/\/tranquilseas.two.testovaciverze.cz\/de\/#organization","name":"Tranquilseas Hotel Resort","url":"https:\/\/tranquilseas.two.testovaciverze.cz\/de\/","logo":{"@type":"ImageObject","inLanguage":"de","@id":"https:\/\/tranquilseas.two.testovaciverze.cz\/de\/#\/schema\/logo\/image\/","url":"https:\/\/tranquilseas.two.testovaciverze.cz\/wp-content\/uploads\/2019\/11\/tranquilseas-eco-lodge-and-dive-center-logo.jpg","contentUrl":"https:\/\/tranquilseas.two.testovaciverze.cz\/wp-content\/uploads\/2019\/11\/tranquilseas-eco-lodge-and-dive-center-logo.jpg","width":320,"height":320,"caption":"Tranquilseas Hotel Resort"},"image":{"@id":"https:\/\/tranquilseas.two.testovaciverze.cz\/de\/#\/schema\/logo\/image\/"},"sameAs":["https:\/\/www.facebook.com\/tranquilseasecolodge\/","https:\/\/x.com\/tranquilseas"]}]}},"_links":{"self":[{"href":"https:\/\/tranquilseas.two.testovaciverze.cz\/de\/wp-json\/wp\/v2\/pages\/7325","targetHints":{"allow":["GET"]}}],"collection":[{"href":"https:\/\/tranquilseas.two.testovaciverze.cz\/de\/wp-json\/wp\/v2\/pages"}],"about":[{"href":"https:\/\/tranquilseas.two.testovaciverze.cz\/de\/wp-json\/wp\/v2\/types\/page"}],"author":[{"embeddable":true,"href":"https:\/\/tranquilseas.two.testovaciverze.cz\/de\/wp-json\/wp\/v2\/users\/1"}],"replies":[{"embeddable":true,"href":"https:\/\/tranquilseas.two.testovaciverze.cz\/de\/wp-json\/wp\/v2\/comments?post=7325"}],"version-history":[{"count":3,"href":"https:\/\/tranquilseas.two.testovaciverze.cz\/de\/wp-json\/wp\/v2\/pages\/7325\/revisions"}],"predecessor-version":[{"id":7330,"href":"https:\/\/tranquilseas.two.testovaciverze.cz\/de\/wp-json\/wp\/v2\/pages\/7325\/revisions\/7330"}],"wp:attachment":[{"href":"https:\/\/tranquilseas.two.testovaciverze.cz\/de\/wp-json\/wp\/v2\/media?parent=7325"}],"curies":[{"name":"wp","href":"https:\/\/api.w.org\/{rel}","templated":true}]}}