{"id":3722,"date":"2019-11-28T16:17:40","date_gmt":"2019-11-28T15:17:40","guid":{"rendered":"https:\/\/tranquilseas.two.testovaciverze.cz\/?page_id=3722"},"modified":"2019-12-07T16:34:58","modified_gmt":"2019-12-07T15:34:58","slug":"ubytovaci-rad","status":"publish","type":"page","link":"https:\/\/tranquilseas.two.testovaciverze.cz\/de\/hausordnung\/","title":{"rendered":"Hausordnung"},"content":{"rendered":"\t\t<div data-elementor-type=\"wp-post\" data-elementor-id=\"3722\" class=\"elementor elementor-3722 elementor-3240\" data-elementor-post-type=\"page\">\n\t\t\t\t\t\t<section class=\"elementor-section elementor-top-section elementor-element elementor-element-85fcd17 elementor-section-stretched elementor-section-content-middle elementor-section-boxed elementor-section-height-default elementor-section-height-default\" data-id=\"85fcd17\" data-element_type=\"section\" data-settings=\"{&quot;stretch_section&quot;:&quot;section-stretched&quot;,&quot;background_background&quot;:&quot;classic&quot;}\">\n\t\t\t\t\t\t<div class=\"elementor-container elementor-column-gap-default\">\n\t\t\t\t\t<div class=\"elementor-column elementor-col-100 elementor-top-column elementor-element elementor-element-bcb6ce4\" data-id=\"bcb6ce4\" data-element_type=\"column\">\n\t\t\t<div class=\"elementor-widget-wrap elementor-element-populated\">\n\t\t\t\t\t\t<div class=\"elementor-element elementor-element-8242977 elementor-invisible elementor-widget elementor-widget-heading\" data-id=\"8242977\" data-element_type=\"widget\" data-settings=\"{&quot;_animation&quot;:&quot;fadeInUp&quot;}\" data-widget_type=\"heading.default\">\n\t\t\t\t<div class=\"elementor-widget-container\">\n\t\t\t<h3 class=\"elementor-heading-title elementor-size-default\">HAUSORDNUNG<\/h3>\t\t<\/div>\n\t\t\t\t<\/div>\n\t\t\t\t\t<\/div>\n\t\t<\/div>\n\t\t\t\t\t<\/div>\n\t\t<\/section>\n\t\t\t\t<section class=\"elementor-section elementor-top-section elementor-element elementor-element-f3ed859 elementor-section-stretched elementor-section-content-middle elementor-section-boxed elementor-section-height-default elementor-section-height-default\" data-id=\"f3ed859\" data-element_type=\"section\" data-settings=\"{&quot;stretch_section&quot;:&quot;section-stretched&quot;}\">\n\t\t\t\t\t\t<div class=\"elementor-container elementor-column-gap-default\">\n\t\t\t\t\t<div class=\"elementor-column elementor-col-100 elementor-top-column elementor-element elementor-element-5c6d435\" data-id=\"5c6d435\" data-element_type=\"column\">\n\t\t\t<div class=\"elementor-widget-wrap elementor-element-populated\">\n\t\t\t\t\t\t<div class=\"elementor-element elementor-element-39bbc1f elementor-invisible elementor-widget elementor-widget-text-editor\" data-id=\"39bbc1f\" data-element_type=\"widget\" data-settings=\"{&quot;_animation&quot;:&quot;fadeInUp&quot;}\" data-widget_type=\"text-editor.default\">\n\t\t\t\t<div class=\"elementor-widget-container\">\n\t\t\t\t\t\t\t<ol><li>Jeder Gast nimmt zur Kenntnis, dass im gesamten Hotel striktes Rauchverbot herrscht. Bei einer Missachtung dieses Verbots ist das Hotel berechtigt, den Gast Hausverbot zu erteilen und eine Geb\u00fchr f\u00fcr die Reinigung des Zimmers in H\u00f6he von 300 USD in Rechnung zu stellen.<\/li><li>Das Hotel ist nur zur Unterbringung von G\u00e4sten berechtigt, die sich ordnungsgem\u00e4\u00df registrieren. Unsere G\u00e4ste sind bei der Ankunft zur Vorlage ihres Identit\u00e4tsnachweises sowie zum Ausf\u00fcllen und Unterschreiben des Registrierungsformulars verpflichtet. Erst dann k\u00f6nnen wir den Zimmerschl\u00fcssel aush\u00e4ndigen.<\/li><li>In Ausnahmef\u00e4llen ist das Hotel berechtigt, Ihnen eine andere Unterkunft als die gebuchte anzubieten. Diese darf sich jedoch nicht wesentlich von der urspr\u00fcnglich best\u00e4tigten unterscheiden.<\/li><li>Auf Grundlage Ihrer Reservierung reservieren wir Ihr Zimmer ohne Gew\u00e4hrung einer Garantie f\u00fcr bis zu 17 Stunden, soweit nicht anders vereinbart.<\/li><li>F\u00fcr den Fall, dass Sie ein Einbettzimmer gebucht haben und dies von uns best\u00e4tigt wurde, wird der Preis f\u00fcr das Einbettzimmer auch in dem Fall berechnet, dass wir Sie in einem gr\u00f6\u00dferen Zimmer unterbringen m\u00fcssen.<\/li><li>Wenn die Verl\u00e4ngerung Ihres Aufenthaltes nicht in Ihrem Zimmer m\u00f6glich ist, sind wir berechtigt, Ihnen ein anderes Zimmer anzubieten.<\/li><li>Das Hotel haftet NICHT f\u00fcr den Besitz der G\u00e4ste oder f\u00fcr Sch\u00e4den an ihren Sachen.<\/li><li>F\u00fcr den Empfang von Besuchen dienen die Gemeinschaftsr\u00e4ume des Hotels. Im Wohnbereich k\u00f6nnen Besuche nur zwischen 8:00 und 22:00 Uhr mit der Zustimmung des Mitarbeiters der Rezeption und nach Eintragung ins Besucherbuch empfangen werden. Au\u00dferhalb dieser Zeiten haben nur untergebrachte G\u00e4ste Zutritt zum Wohnbereich.<\/li><li>Ohne die Zustimmung des Hotelmanagements d\u00fcrfen keine M\u00f6bel in den Zimmern oder den Gemeinschaftsr\u00e4umen verstellt werden.<\/li><li>Im Hotel d\u00fcrfen keine eigenen Elektroger\u00e4te verwendet werden. Dieses Verbot gilt nicht f\u00fcr Ger\u00e4te zur pers\u00f6nlichen Hygiene (Haartrockner, Rasierapparate usw.), f\u00fcr Computer (Notebook) und f\u00fcr Ladeger\u00e4te und Kleinger\u00e4te (Smartphone, Fotoapparat).<\/li><li>Kinder unter zehn Jahren d\u00fcrfen sich aus Sicherheitsgr\u00fcnden nur mit einem\/r Erwachsenen im Zimmer und den \u00fcbrigen R\u00e4umlichkeiten aufhalten. Der\/die Erwachsene tr\u00e4gt die volle Verantwortung f\u00fcr vom Kind verursachte Sch\u00e4den.<\/li><li>Hunde und andere Haustiere k\u00f6nnen auf dem Zimmer unter der Voraussetzung untergebracht werden, dass der Besitzer einen Gesundheitsausweis f\u00fcr das Tier vorlegt. Hunde und andere Haustiere d\u00fcrfen nicht auf das Hotelbett und andere M\u00f6belst\u00fccke und d\u00fcrfen ebenfalls nicht das Restaurant betreten. Der \u00dcbernachtungspreis erh\u00f6ht sich f\u00fcr Haustiere gem\u00e4\u00df der g\u00fcltigen Preisliste.<\/li><li>Von 22:00 bis 7:00 Uhr ist die Nachtruhe einzuhalten.<\/li><li>G\u00e4ste haften f\u00fcr durch sie verursachte Sch\u00e4den am Hoteleigentum.<\/li><li>G\u00e4ste m\u00fcssen das Zimmer bis 12 Uhr am Abreisetag verlassen, soweit nichts anderes vereinbart wurde. F\u00fcr den Fall einer \u00dcberschreitung dieser Frist wird dem Gast eine Sondergeb\u00fchr \u201ef\u00fcr die Tagesnutzung des Zimmers\u201c berechnet, gegebenenfalls der Gesamtpreis f\u00fcr einen weiteren Aufenthaltstag.<\/li><li>Bei der Abreise sind die Wasserh\u00e4hne und Fenster zu schlie\u00dfen, das Licht auszuschalten und die Zimmert\u00fcr zu verschlie\u00dfen. Beim Checkout m\u00fcssen an der Rezeption alle Zimmerschl\u00fcssel abgegeben werden.<\/li><li>Der \u00dcbernachtungspreis und die Preise f\u00fcr alle Dienstleistungen sind am Ende des Aufenthalts gem\u00e4\u00df der g\u00fcltigen Preisliste zu bezahlen. F\u00fcr den Fall eines l\u00e4ngeren Aufenthaltes sind sp\u00e4testens aller drei Tage die jeweiligen Restaurantrechnungen zu bezahlen. Vor der Abreise ist jeder Gast zum ordnungsgem\u00e4\u00dfen Abmelden und zur Bezahlung der Rechnung verpflichtet.<\/li><li>G\u00e4ste im betrunkenen Zustand k\u00f6nnen und werden des Hotels verwiesen werden.<\/li><li>Die G\u00e4ste sind verpflichtet, sich mit der Hausordnung vertraut zu machen. F\u00fcr den Fall einer Verletzung der Hausordnung ist das Hotel zur Beendigung des Aufenthalts des Gastes vor dem vereinbarten Abreisetag berechtigt.<\/li><\/ol>\t\t\t\t\t\t<\/div>\n\t\t\t\t<\/div>\n\t\t\t\t\t<\/div>\n\t\t<\/div>\n\t\t\t\t\t<\/div>\n\t\t<\/section>\n\t\t\t\t<section class=\"elementor-section elementor-top-section elementor-element elementor-element-8dfa05a elementor-section-stretched elementor-section-content-middle elementor-section-boxed elementor-section-height-default elementor-section-height-default\" data-id=\"8dfa05a\" data-element_type=\"section\" data-settings=\"{&quot;stretch_section&quot;:&quot;section-stretched&quot;,&quot;background_background&quot;:&quot;classic&quot;}\">\n\t\t\t\t\t\t<div class=\"elementor-container elementor-column-gap-default\">\n\t\t\t\t\t<div class=\"elementor-column elementor-col-100 elementor-top-column elementor-element elementor-element-b96344a\" data-id=\"b96344a\" data-element_type=\"column\">\n\t\t\t<div class=\"elementor-widget-wrap elementor-element-populated\">\n\t\t\t\t\t\t<div class=\"elementor-element elementor-element-aa2fa65 elementor-invisible elementor-widget elementor-widget-heading\" data-id=\"aa2fa65\" data-element_type=\"widget\" data-settings=\"{&quot;_animation&quot;:&quot;fadeInUp&quot;}\" data-widget_type=\"heading.default\">\n\t\t\t\t<div class=\"elementor-widget-container\">\n\t\t\t<h5 class=\"elementor-heading-title elementor-size-default\">Diese Hausordnung tritt in Kraft am 1. DEZEMBER 2019.<\/h5>\t\t<\/div>\n\t\t\t\t<\/div>\n\t\t\t\t\t<\/div>\n\t\t<\/div>\n\t\t\t\t\t<\/div>\n\t\t<\/section>\n\t\t\t\t<\/div>\n\t\t","protected":false},"excerpt":{"rendered":"<p>HAUSORDNUNG Jeder Gast nimmt zur Kenntnis, dass im gesamten Hotel striktes Rauchverbot herrscht. Bei einer Missachtung dieses Verbots ist das Hotel berechtigt, den Gast Hausverbot zu erteilen und eine Geb\u00fchr f\u00fcr die Reinigung des Zimmers in H\u00f6he von 300 USD in Rechnung zu stellen. Das Hotel ist nur zur Unterbringung von G\u00e4sten berechtigt, die sich&hellip;<\/p>\n","protected":false},"author":1,"featured_media":0,"parent":0,"menu_order":0,"comment_status":"closed","ping_status":"closed","template":"","meta":{"_acf_changed":false,"footnotes":""},"class_list":["post-3722","page","type-page","status-publish","hentry"],"acf":[],"yoast_head":"<!-- This site is optimized with the Yoast SEO plugin v25.0 - https:\/\/yoast.com\/wordpress\/plugins\/seo\/ -->\n<title>Hausordnung | Tranquilseas Hotel Resort Roatan<\/title>\n<meta name=\"description\" content=\"Die Hausordnung von Tranquilseas auf der Karibikinsel Roat\u00e1n. Familienresort am Strand f\u00fcr einen unvergesslichen Urlaub: Tauchen, Joga, Hochseeangeln.\" \/>\n<meta name=\"robots\" content=\"noindex, nofollow\" \/>\n<meta property=\"og:locale\" content=\"de_DE\" \/>\n<meta property=\"og:type\" content=\"article\" \/>\n<meta property=\"og:title\" content=\"Hausordnung | Tranquilseas Hotel Resort Roatan\" \/>\n<meta property=\"og:description\" content=\"Die Hausordnung von Tranquilseas auf der Karibikinsel Roat\u00e1n. Familienresort am Strand f\u00fcr einen unvergesslichen Urlaub: Tauchen, Joga, Hochseeangeln.\" \/>\n<meta property=\"og:url\" content=\"https:\/\/tranquilseas.two.testovaciverze.cz\/de\/hausordnung\/\" \/>\n<meta property=\"og:site_name\" content=\"Tranquilseas Hotel Resort Roatan\" \/>\n<meta property=\"article:publisher\" content=\"https:\/\/www.facebook.com\/tranquilseasecolodge\/\" \/>\n<meta property=\"article:modified_time\" content=\"2019-12-07T15:34:58+00:00\" \/>\n<meta name=\"twitter:card\" content=\"summary_large_image\" \/>\n<meta name=\"twitter:site\" content=\"@tranquilseas\" \/>\n<meta name=\"twitter:label1\" content=\"Gesch\u00e4tzte Lesezeit\" \/>\n\t<meta name=\"twitter:data1\" content=\"3\u00a0Minuten\" \/>\n<script type=\"application\/ld+json\" class=\"yoast-schema-graph\">{\"@context\":\"https:\/\/schema.org\",\"@graph\":[{\"@type\":\"WebPage\",\"@id\":\"https:\/\/tranquilseas.two.testovaciverze.cz\/de\/hausordnung\/\",\"url\":\"https:\/\/tranquilseas.two.testovaciverze.cz\/de\/hausordnung\/\",\"name\":\"Hausordnung | Tranquilseas Hotel Resort Roatan\",\"isPartOf\":{\"@id\":\"https:\/\/tranquilseas.two.testovaciverze.cz\/de\/#website\"},\"datePublished\":\"2019-11-28T15:17:40+00:00\",\"dateModified\":\"2019-12-07T15:34:58+00:00\",\"description\":\"Die Hausordnung von Tranquilseas auf der Karibikinsel Roat\u00e1n. Familienresort am Strand f\u00fcr einen unvergesslichen Urlaub: Tauchen, Joga, Hochseeangeln.\",\"breadcrumb\":{\"@id\":\"https:\/\/tranquilseas.two.testovaciverze.cz\/de\/hausordnung\/#breadcrumb\"},\"inLanguage\":\"de\",\"potentialAction\":[{\"@type\":\"ReadAction\",\"target\":[\"https:\/\/tranquilseas.two.testovaciverze.cz\/de\/hausordnung\/\"]}]},{\"@type\":\"BreadcrumbList\",\"@id\":\"https:\/\/tranquilseas.two.testovaciverze.cz\/de\/hausordnung\/#breadcrumb\",\"itemListElement\":[{\"@type\":\"ListItem\",\"position\":1,\"name\":\"Home\",\"item\":\"https:\/\/tranquilseas.two.testovaciverze.cz\/de\/\"},{\"@type\":\"ListItem\",\"position\":2,\"name\":\"Hausordnung\"}]},{\"@type\":\"WebSite\",\"@id\":\"https:\/\/tranquilseas.two.testovaciverze.cz\/de\/#website\",\"url\":\"https:\/\/tranquilseas.two.testovaciverze.cz\/de\/\",\"name\":\"Tranquilseas Hotel Resort Roatan\",\"description\":\"\",\"publisher\":{\"@id\":\"https:\/\/tranquilseas.two.testovaciverze.cz\/de\/#organization\"},\"potentialAction\":[{\"@type\":\"SearchAction\",\"target\":{\"@type\":\"EntryPoint\",\"urlTemplate\":\"https:\/\/tranquilseas.two.testovaciverze.cz\/de\/?s={search_term_string}\"},\"query-input\":{\"@type\":\"PropertyValueSpecification\",\"valueRequired\":true,\"valueName\":\"search_term_string\"}}],\"inLanguage\":\"de\"},{\"@type\":\"Organization\",\"@id\":\"https:\/\/tranquilseas.two.testovaciverze.cz\/de\/#organization\",\"name\":\"Tranquilseas Hotel Resort\",\"url\":\"https:\/\/tranquilseas.two.testovaciverze.cz\/de\/\",\"logo\":{\"@type\":\"ImageObject\",\"inLanguage\":\"de\",\"@id\":\"https:\/\/tranquilseas.two.testovaciverze.cz\/de\/#\/schema\/logo\/image\/\",\"url\":\"https:\/\/tranquilseas.two.testovaciverze.cz\/wp-content\/uploads\/2019\/11\/tranquilseas-eco-lodge-and-dive-center-logo.jpg\",\"contentUrl\":\"https:\/\/tranquilseas.two.testovaciverze.cz\/wp-content\/uploads\/2019\/11\/tranquilseas-eco-lodge-and-dive-center-logo.jpg\",\"width\":320,\"height\":320,\"caption\":\"Tranquilseas Hotel Resort\"},\"image\":{\"@id\":\"https:\/\/tranquilseas.two.testovaciverze.cz\/de\/#\/schema\/logo\/image\/\"},\"sameAs\":[\"https:\/\/www.facebook.com\/tranquilseasecolodge\/\",\"https:\/\/x.com\/tranquilseas\"]}]}<\/script>\n<!-- \/ Yoast SEO plugin. -->","yoast_head_json":{"title":"Hausordnung | Tranquilseas Hotel Resort Roatan","description":"Die Hausordnung von Tranquilseas auf der Karibikinsel Roat\u00e1n. Familienresort am Strand f\u00fcr einen unvergesslichen Urlaub: Tauchen, Joga, Hochseeangeln.","robots":{"index":"noindex","follow":"nofollow"},"og_locale":"de_DE","og_type":"article","og_title":"Hausordnung | Tranquilseas Hotel Resort Roatan","og_description":"Die Hausordnung von Tranquilseas auf der Karibikinsel Roat\u00e1n. Familienresort am Strand f\u00fcr einen unvergesslichen Urlaub: Tauchen, Joga, Hochseeangeln.","og_url":"https:\/\/tranquilseas.two.testovaciverze.cz\/de\/hausordnung\/","og_site_name":"Tranquilseas Hotel Resort Roatan","article_publisher":"https:\/\/www.facebook.com\/tranquilseasecolodge\/","article_modified_time":"2019-12-07T15:34:58+00:00","twitter_card":"summary_large_image","twitter_site":"@tranquilseas","twitter_misc":{"Gesch\u00e4tzte Lesezeit":"3\u00a0Minuten"},"schema":{"@context":"https:\/\/schema.org","@graph":[{"@type":"WebPage","@id":"https:\/\/tranquilseas.two.testovaciverze.cz\/de\/hausordnung\/","url":"https:\/\/tranquilseas.two.testovaciverze.cz\/de\/hausordnung\/","name":"Hausordnung | Tranquilseas Hotel Resort Roatan","isPartOf":{"@id":"https:\/\/tranquilseas.two.testovaciverze.cz\/de\/#website"},"datePublished":"2019-11-28T15:17:40+00:00","dateModified":"2019-12-07T15:34:58+00:00","description":"Die Hausordnung von Tranquilseas auf der Karibikinsel Roat\u00e1n. Familienresort am Strand f\u00fcr einen unvergesslichen Urlaub: Tauchen, Joga, Hochseeangeln.","breadcrumb":{"@id":"https:\/\/tranquilseas.two.testovaciverze.cz\/de\/hausordnung\/#breadcrumb"},"inLanguage":"de","potentialAction":[{"@type":"ReadAction","target":["https:\/\/tranquilseas.two.testovaciverze.cz\/de\/hausordnung\/"]}]},{"@type":"BreadcrumbList","@id":"https:\/\/tranquilseas.two.testovaciverze.cz\/de\/hausordnung\/#breadcrumb","itemListElement":[{"@type":"ListItem","position":1,"name":"Home","item":"https:\/\/tranquilseas.two.testovaciverze.cz\/de\/"},{"@type":"ListItem","position":2,"name":"Hausordnung"}]},{"@type":"WebSite","@id":"https:\/\/tranquilseas.two.testovaciverze.cz\/de\/#website","url":"https:\/\/tranquilseas.two.testovaciverze.cz\/de\/","name":"Tranquilseas Hotel Resort Roatan","description":"","publisher":{"@id":"https:\/\/tranquilseas.two.testovaciverze.cz\/de\/#organization"},"potentialAction":[{"@type":"SearchAction","target":{"@type":"EntryPoint","urlTemplate":"https:\/\/tranquilseas.two.testovaciverze.cz\/de\/?s={search_term_string}"},"query-input":{"@type":"PropertyValueSpecification","valueRequired":true,"valueName":"search_term_string"}}],"inLanguage":"de"},{"@type":"Organization","@id":"https:\/\/tranquilseas.two.testovaciverze.cz\/de\/#organization","name":"Tranquilseas Hotel Resort","url":"https:\/\/tranquilseas.two.testovaciverze.cz\/de\/","logo":{"@type":"ImageObject","inLanguage":"de","@id":"https:\/\/tranquilseas.two.testovaciverze.cz\/de\/#\/schema\/logo\/image\/","url":"https:\/\/tranquilseas.two.testovaciverze.cz\/wp-content\/uploads\/2019\/11\/tranquilseas-eco-lodge-and-dive-center-logo.jpg","contentUrl":"https:\/\/tranquilseas.two.testovaciverze.cz\/wp-content\/uploads\/2019\/11\/tranquilseas-eco-lodge-and-dive-center-logo.jpg","width":320,"height":320,"caption":"Tranquilseas Hotel Resort"},"image":{"@id":"https:\/\/tranquilseas.two.testovaciverze.cz\/de\/#\/schema\/logo\/image\/"},"sameAs":["https:\/\/www.facebook.com\/tranquilseasecolodge\/","https:\/\/x.com\/tranquilseas"]}]}},"_links":{"self":[{"href":"https:\/\/tranquilseas.two.testovaciverze.cz\/de\/wp-json\/wp\/v2\/pages\/3722","targetHints":{"allow":["GET"]}}],"collection":[{"href":"https:\/\/tranquilseas.two.testovaciverze.cz\/de\/wp-json\/wp\/v2\/pages"}],"about":[{"href":"https:\/\/tranquilseas.two.testovaciverze.cz\/de\/wp-json\/wp\/v2\/types\/page"}],"author":[{"embeddable":true,"href":"https:\/\/tranquilseas.two.testovaciverze.cz\/de\/wp-json\/wp\/v2\/users\/1"}],"replies":[{"embeddable":true,"href":"https:\/\/tranquilseas.two.testovaciverze.cz\/de\/wp-json\/wp\/v2\/comments?post=3722"}],"version-history":[{"count":1,"href":"https:\/\/tranquilseas.two.testovaciverze.cz\/de\/wp-json\/wp\/v2\/pages\/3722\/revisions"}],"predecessor-version":[{"id":5665,"href":"https:\/\/tranquilseas.two.testovaciverze.cz\/de\/wp-json\/wp\/v2\/pages\/3722\/revisions\/5665"}],"wp:attachment":[{"href":"https:\/\/tranquilseas.two.testovaciverze.cz\/de\/wp-json\/wp\/v2\/media?parent=3722"}],"curies":[{"name":"wp","href":"https:\/\/api.w.org\/{rel}","templated":true}]}}