{"id":3692,"date":"2019-11-28T15:50:02","date_gmt":"2019-11-28T14:50:02","guid":{"rendered":"https:\/\/tranquilseas.two.testovaciverze.cz\/?page_id=3692"},"modified":"2019-12-07T16:22:20","modified_gmt":"2019-12-07T15:22:20","slug":"foto-a-video","status":"publish","type":"page","link":"https:\/\/tranquilseas.two.testovaciverze.cz\/de\/fotos-und-videos\/","title":{"rendered":"Fotos und Videos"},"content":{"rendered":"\t\t<div data-elementor-type=\"wp-post\" data-elementor-id=\"3692\" class=\"elementor elementor-3692 elementor-2905\" data-elementor-post-type=\"page\">\n\t\t\t\t\t\t<section class=\"elementor-section elementor-top-section elementor-element elementor-element-de51c84 elementor-section-height-min-height elementor-section-stretched elementor-section-boxed elementor-section-height-default elementor-section-items-middle\" data-id=\"de51c84\" data-element_type=\"section\" data-settings=\"{&quot;background_background&quot;:&quot;classic&quot;,&quot;stretch_section&quot;:&quot;section-stretched&quot;}\">\n\t\t\t\t\t\t\t<div class=\"elementor-background-overlay\"><\/div>\n\t\t\t\t\t\t\t<div class=\"elementor-container elementor-column-gap-default\">\n\t\t\t\t\t<div class=\"elementor-column elementor-col-100 elementor-top-column elementor-element elementor-element-0e5effb\" data-id=\"0e5effb\" data-element_type=\"column\">\n\t\t\t<div class=\"elementor-widget-wrap elementor-element-populated\">\n\t\t\t\t\t\t<div class=\"elementor-element elementor-element-54ea8d0 elementor-widget elementor-widget-spacer\" data-id=\"54ea8d0\" data-element_type=\"widget\" data-widget_type=\"spacer.default\">\n\t\t\t\t<div class=\"elementor-widget-container\">\n\t\t\t\t\t<div class=\"elementor-spacer\">\n\t\t\t<div class=\"elementor-spacer-inner\"><\/div>\n\t\t<\/div>\n\t\t\t\t<\/div>\n\t\t\t\t<\/div>\n\t\t\t\t<div class=\"elementor-element elementor-element-ec3a8d6 elementor-widget elementor-widget-heading\" data-id=\"ec3a8d6\" data-element_type=\"widget\" data-widget_type=\"heading.default\">\n\t\t\t\t<div class=\"elementor-widget-container\">\n\t\t\t<h1 class=\"elementor-heading-title elementor-size-default\">FOTOS UND VIDEOS<\/h1>\t\t<\/div>\n\t\t\t\t<\/div>\n\t\t\t\t<div class=\"elementor-element elementor-element-bb5ec00 elementor-widget elementor-widget-heading\" data-id=\"bb5ec00\" data-element_type=\"widget\" data-widget_type=\"heading.default\">\n\t\t\t\t<div class=\"elementor-widget-container\">\n\t\t\t<p class=\"elementor-heading-title elementor-size-default\">das Beste von Tranquilseas<\/p>\t\t<\/div>\n\t\t\t\t<\/div>\n\t\t\t\t<div class=\"elementor-element elementor-element-a2578de elementor-widget elementor-widget-image\" data-id=\"a2578de\" data-element_type=\"widget\" data-widget_type=\"image.default\">\n\t\t\t\t<div class=\"elementor-widget-container\">\n\t\t\t\t\t\t\t\t\t\t\t\t\t<img decoding=\"async\" width=\"432\" height=\"38\" src=\"https:\/\/tranquilseas.two.testovaciverze.cz\/wp-content\/uploads\/2018\/03\/divider2.png\" class=\"attachment-large size-large wp-image-3950\" alt=\"\" srcset=\"https:\/\/tranquilseas.two.testovaciverze.cz\/wp-content\/uploads\/2018\/03\/divider2.png 432w, https:\/\/tranquilseas.two.testovaciverze.cz\/wp-content\/uploads\/2018\/03\/divider2-300x26.png 300w\" sizes=\"(max-width: 432px) 100vw, 432px\" \/>\t\t\t\t\t\t\t\t\t\t\t\t\t<\/div>\n\t\t\t\t<\/div>\n\t\t\t\t<div class=\"elementor-element elementor-element-a043c01 elementor-align-center elementor-widget elementor-widget-breadcrumbs\" data-id=\"a043c01\" data-element_type=\"widget\" data-widget_type=\"breadcrumbs.default\">\n\t\t\t\t<div class=\"elementor-widget-container\">\n\t\t\t<div id=\"breadcrumbs\"><span><span><a href=\"https:\/\/tranquilseas.two.testovaciverze.cz\/de\/\">Home<\/a><\/span><\/span><\/div>\t\t<\/div>\n\t\t\t\t<\/div>\n\t\t\t\t<div class=\"elementor-element elementor-element-d8c9578 elementor-widget elementor-widget-spacer\" data-id=\"d8c9578\" data-element_type=\"widget\" data-widget_type=\"spacer.default\">\n\t\t\t\t<div class=\"elementor-widget-container\">\n\t\t\t\t\t<div class=\"elementor-spacer\">\n\t\t\t<div class=\"elementor-spacer-inner\"><\/div>\n\t\t<\/div>\n\t\t\t\t<\/div>\n\t\t\t\t<\/div>\n\t\t\t\t\t<\/div>\n\t\t<\/div>\n\t\t\t\t\t<\/div>\n\t\t<\/section>\n\t\t\t\t<section class=\"elementor-section elementor-top-section elementor-element elementor-element-967c8e3 elementor-section-stretched elementor-section-boxed elementor-section-height-default elementor-section-height-default\" data-id=\"967c8e3\" data-element_type=\"section\" data-settings=\"{&quot;stretch_section&quot;:&quot;section-stretched&quot;}\">\n\t\t\t\t\t\t<div class=\"elementor-container elementor-column-gap-default\">\n\t\t\t\t\t<div class=\"elementor-column elementor-col-50 elementor-top-column elementor-element elementor-element-0bcc9a1\" data-id=\"0bcc9a1\" data-element_type=\"column\">\n\t\t\t<div class=\"elementor-widget-wrap elementor-element-populated\">\n\t\t\t\t\t\t<div class=\"elementor-element elementor-element-7133043 elementor-position-top elementor-widget elementor-widget-image-box\" data-id=\"7133043\" data-element_type=\"widget\" data-widget_type=\"image-box.default\">\n\t\t\t\t<div class=\"elementor-widget-container\">\n\t\t\t<div class=\"elementor-image-box-wrapper\"><figure class=\"elementor-image-box-img\"><a href=\"\/de\/fotogalerie\/\" tabindex=\"-1\"><img fetchpriority=\"high\" decoding=\"async\" width=\"750\" height=\"420\" src=\"https:\/\/tranquilseas.two.testovaciverze.cz\/wp-content\/uploads\/2019\/11\/foto-rozcestnik.jpg\" class=\"attachment-full size-full wp-image-3002\" alt=\"Nechte se okouzlit kr\u00e1sou karibsk\u00e9 p\u0159\u00edrody i resortem Tranquilseas\" srcset=\"https:\/\/tranquilseas.two.testovaciverze.cz\/wp-content\/uploads\/2019\/11\/foto-rozcestnik.jpg 750w, https:\/\/tranquilseas.two.testovaciverze.cz\/wp-content\/uploads\/2019\/11\/foto-rozcestnik-300x168.jpg 300w, https:\/\/tranquilseas.two.testovaciverze.cz\/wp-content\/uploads\/2019\/11\/foto-rozcestnik-558x312.jpg 558w, https:\/\/tranquilseas.two.testovaciverze.cz\/wp-content\/uploads\/2019\/11\/foto-rozcestnik-655x367.jpg 655w\" sizes=\"(max-width: 750px) 100vw, 750px\" \/><\/a><\/figure><div class=\"elementor-image-box-content\"><h3 class=\"elementor-image-box-title\"><a href=\"\/de\/fotogalerie\/\">FOTOGALERIE<\/a><\/h3><\/div><\/div>\t\t<\/div>\n\t\t\t\t<\/div>\n\t\t\t\t\t<\/div>\n\t\t<\/div>\n\t\t\t\t<div class=\"elementor-column elementor-col-50 elementor-top-column elementor-element elementor-element-b1ef429\" data-id=\"b1ef429\" data-element_type=\"column\">\n\t\t\t<div class=\"elementor-widget-wrap elementor-element-populated\">\n\t\t\t\t\t\t<div class=\"elementor-element elementor-element-16aeea1 elementor-position-top elementor-widget elementor-widget-image-box\" data-id=\"16aeea1\" data-element_type=\"widget\" data-widget_type=\"image-box.default\">\n\t\t\t\t<div class=\"elementor-widget-container\">\n\t\t\t<div class=\"elementor-image-box-wrapper\"><figure class=\"elementor-image-box-img\"><a href=\"\/de\/videos\/\" tabindex=\"-1\"><img decoding=\"async\" width=\"750\" height=\"420\" src=\"https:\/\/tranquilseas.two.testovaciverze.cz\/wp-content\/uploads\/2019\/11\/video-rozcestnik.jpg\" class=\"attachment-full size-full wp-image-3004\" alt=\"Zhl\u00e9dn\u011bte ty nejkr\u00e1sn\u011bj\u0161\u00ed z\u00e1b\u011bry z hotelu Tranquilseas a ostrova Roatan\" srcset=\"https:\/\/tranquilseas.two.testovaciverze.cz\/wp-content\/uploads\/2019\/11\/video-rozcestnik.jpg 750w, https:\/\/tranquilseas.two.testovaciverze.cz\/wp-content\/uploads\/2019\/11\/video-rozcestnik-300x168.jpg 300w, https:\/\/tranquilseas.two.testovaciverze.cz\/wp-content\/uploads\/2019\/11\/video-rozcestnik-558x312.jpg 558w, https:\/\/tranquilseas.two.testovaciverze.cz\/wp-content\/uploads\/2019\/11\/video-rozcestnik-655x367.jpg 655w\" sizes=\"(max-width: 750px) 100vw, 750px\" \/><\/a><\/figure><div class=\"elementor-image-box-content\"><h3 class=\"elementor-image-box-title\"><a href=\"\/de\/videos\/\">VIDEOS<\/a><\/h3><\/div><\/div>\t\t<\/div>\n\t\t\t\t<\/div>\n\t\t\t\t\t<\/div>\n\t\t<\/div>\n\t\t\t\t\t<\/div>\n\t\t<\/section>\n\t\t\t\t<\/div>\n\t\t","protected":false},"excerpt":{"rendered":"<p>FOTOS UND VIDEOS das Beste von Tranquilseas FOTOGALERIE VIDEOS<\/p>\n","protected":false},"author":1,"featured_media":0,"parent":0,"menu_order":0,"comment_status":"closed","ping_status":"closed","template":"","meta":{"_acf_changed":false,"footnotes":""},"class_list":["post-3692","page","type-page","status-publish","hentry"],"acf":[],"yoast_head":"<!-- This site is optimized with the Yoast SEO plugin v25.0 - https:\/\/yoast.com\/wordpress\/plugins\/seo\/ -->\n<title>Fotos und Videos | Tranquilseas Hotel Resort Roatan<\/title>\n<meta name=\"description\" content=\"Karibikurlaub auf Roat\u00e1n? Erfahren Sie mehr \u00fcber das einzigartige Resort Tranquilseas, sein Eco-Lodge-Konzept und die au\u00dfergew\u00f6hnliche Atmosph\u00e4re der Ruhe.\" \/>\n<meta name=\"robots\" content=\"noindex, follow, max-snippet:-1, max-image-preview:large, max-video-preview:-1\" \/>\n<meta property=\"og:locale\" content=\"de_DE\" \/>\n<meta property=\"og:type\" content=\"article\" \/>\n<meta property=\"og:title\" content=\"Fotos und Videos | Tranquilseas Hotel Resort Roatan\" \/>\n<meta property=\"og:description\" content=\"Karibikurlaub auf Roat\u00e1n? Erfahren Sie mehr \u00fcber das einzigartige Resort Tranquilseas, sein Eco-Lodge-Konzept und die au\u00dfergew\u00f6hnliche Atmosph\u00e4re der Ruhe.\" \/>\n<meta property=\"og:url\" content=\"https:\/\/tranquilseas.two.testovaciverze.cz\/de\/fotos-und-videos\/\" \/>\n<meta property=\"og:site_name\" content=\"Tranquilseas Hotel Resort Roatan\" \/>\n<meta property=\"article:publisher\" content=\"https:\/\/www.facebook.com\/tranquilseasecolodge\/\" \/>\n<meta property=\"article:modified_time\" content=\"2019-12-07T15:22:20+00:00\" \/>\n<meta property=\"og:image\" content=\"https:\/\/tranquilseas.two.testovaciverze.cz\/wp-content\/uploads\/2018\/03\/divider2.png\" \/>\n<meta name=\"twitter:card\" content=\"summary_large_image\" \/>\n<meta name=\"twitter:site\" content=\"@tranquilseas\" \/>\n<script type=\"application\/ld+json\" class=\"yoast-schema-graph\">{\"@context\":\"https:\/\/schema.org\",\"@graph\":[{\"@type\":\"WebPage\",\"@id\":\"https:\/\/tranquilseas.two.testovaciverze.cz\/de\/fotos-und-videos\/\",\"url\":\"https:\/\/tranquilseas.two.testovaciverze.cz\/de\/fotos-und-videos\/\",\"name\":\"Fotos und Videos | Tranquilseas Hotel Resort Roatan\",\"isPartOf\":{\"@id\":\"https:\/\/tranquilseas.two.testovaciverze.cz\/de\/#website\"},\"primaryImageOfPage\":{\"@id\":\"https:\/\/tranquilseas.two.testovaciverze.cz\/de\/fotos-und-videos\/#primaryimage\"},\"image\":{\"@id\":\"https:\/\/tranquilseas.two.testovaciverze.cz\/de\/fotos-und-videos\/#primaryimage\"},\"thumbnailUrl\":\"https:\/\/tranquilseas.two.testovaciverze.cz\/wp-content\/uploads\/2018\/03\/divider2.png\",\"datePublished\":\"2019-11-28T14:50:02+00:00\",\"dateModified\":\"2019-12-07T15:22:20+00:00\",\"description\":\"Karibikurlaub auf Roat\u00e1n? Erfahren Sie mehr \u00fcber das einzigartige Resort Tranquilseas, sein Eco-Lodge-Konzept und die au\u00dfergew\u00f6hnliche Atmosph\u00e4re der Ruhe.\",\"breadcrumb\":{\"@id\":\"https:\/\/tranquilseas.two.testovaciverze.cz\/de\/fotos-und-videos\/#breadcrumb\"},\"inLanguage\":\"de\",\"potentialAction\":[{\"@type\":\"ReadAction\",\"target\":[\"https:\/\/tranquilseas.two.testovaciverze.cz\/de\/fotos-und-videos\/\"]}]},{\"@type\":\"ImageObject\",\"inLanguage\":\"de\",\"@id\":\"https:\/\/tranquilseas.two.testovaciverze.cz\/de\/fotos-und-videos\/#primaryimage\",\"url\":\"https:\/\/tranquilseas.two.testovaciverze.cz\/wp-content\/uploads\/2018\/03\/divider2.png\",\"contentUrl\":\"https:\/\/tranquilseas.two.testovaciverze.cz\/wp-content\/uploads\/2018\/03\/divider2.png\"},{\"@type\":\"BreadcrumbList\",\"@id\":\"https:\/\/tranquilseas.two.testovaciverze.cz\/de\/fotos-und-videos\/#breadcrumb\",\"itemListElement\":[{\"@type\":\"ListItem\",\"position\":1,\"name\":\"Home\",\"item\":\"https:\/\/tranquilseas.two.testovaciverze.cz\/de\/\"},{\"@type\":\"ListItem\",\"position\":2,\"name\":\"Fotos und Videos\"}]},{\"@type\":\"WebSite\",\"@id\":\"https:\/\/tranquilseas.two.testovaciverze.cz\/de\/#website\",\"url\":\"https:\/\/tranquilseas.two.testovaciverze.cz\/de\/\",\"name\":\"Tranquilseas Hotel Resort Roatan\",\"description\":\"\",\"publisher\":{\"@id\":\"https:\/\/tranquilseas.two.testovaciverze.cz\/de\/#organization\"},\"potentialAction\":[{\"@type\":\"SearchAction\",\"target\":{\"@type\":\"EntryPoint\",\"urlTemplate\":\"https:\/\/tranquilseas.two.testovaciverze.cz\/de\/?s={search_term_string}\"},\"query-input\":{\"@type\":\"PropertyValueSpecification\",\"valueRequired\":true,\"valueName\":\"search_term_string\"}}],\"inLanguage\":\"de\"},{\"@type\":\"Organization\",\"@id\":\"https:\/\/tranquilseas.two.testovaciverze.cz\/de\/#organization\",\"name\":\"Tranquilseas Hotel Resort\",\"url\":\"https:\/\/tranquilseas.two.testovaciverze.cz\/de\/\",\"logo\":{\"@type\":\"ImageObject\",\"inLanguage\":\"de\",\"@id\":\"https:\/\/tranquilseas.two.testovaciverze.cz\/de\/#\/schema\/logo\/image\/\",\"url\":\"https:\/\/tranquilseas.two.testovaciverze.cz\/wp-content\/uploads\/2019\/11\/tranquilseas-eco-lodge-and-dive-center-logo.jpg\",\"contentUrl\":\"https:\/\/tranquilseas.two.testovaciverze.cz\/wp-content\/uploads\/2019\/11\/tranquilseas-eco-lodge-and-dive-center-logo.jpg\",\"width\":320,\"height\":320,\"caption\":\"Tranquilseas Hotel Resort\"},\"image\":{\"@id\":\"https:\/\/tranquilseas.two.testovaciverze.cz\/de\/#\/schema\/logo\/image\/\"},\"sameAs\":[\"https:\/\/www.facebook.com\/tranquilseasecolodge\/\",\"https:\/\/x.com\/tranquilseas\"]}]}<\/script>\n<!-- \/ Yoast SEO plugin. -->","yoast_head_json":{"title":"Fotos und Videos | Tranquilseas Hotel Resort Roatan","description":"Karibikurlaub auf Roat\u00e1n? Erfahren Sie mehr \u00fcber das einzigartige Resort Tranquilseas, sein Eco-Lodge-Konzept und die au\u00dfergew\u00f6hnliche Atmosph\u00e4re der Ruhe.","robots":{"index":"noindex","follow":"follow","max-snippet":"max-snippet:-1","max-image-preview":"max-image-preview:large","max-video-preview":"max-video-preview:-1"},"og_locale":"de_DE","og_type":"article","og_title":"Fotos und Videos | Tranquilseas Hotel Resort Roatan","og_description":"Karibikurlaub auf Roat\u00e1n? Erfahren Sie mehr \u00fcber das einzigartige Resort Tranquilseas, sein Eco-Lodge-Konzept und die au\u00dfergew\u00f6hnliche Atmosph\u00e4re der Ruhe.","og_url":"https:\/\/tranquilseas.two.testovaciverze.cz\/de\/fotos-und-videos\/","og_site_name":"Tranquilseas Hotel Resort Roatan","article_publisher":"https:\/\/www.facebook.com\/tranquilseasecolodge\/","article_modified_time":"2019-12-07T15:22:20+00:00","og_image":[{"url":"https:\/\/tranquilseas.two.testovaciverze.cz\/wp-content\/uploads\/2018\/03\/divider2.png","type":"","width":"","height":""}],"twitter_card":"summary_large_image","twitter_site":"@tranquilseas","schema":{"@context":"https:\/\/schema.org","@graph":[{"@type":"WebPage","@id":"https:\/\/tranquilseas.two.testovaciverze.cz\/de\/fotos-und-videos\/","url":"https:\/\/tranquilseas.two.testovaciverze.cz\/de\/fotos-und-videos\/","name":"Fotos und Videos | Tranquilseas Hotel Resort Roatan","isPartOf":{"@id":"https:\/\/tranquilseas.two.testovaciverze.cz\/de\/#website"},"primaryImageOfPage":{"@id":"https:\/\/tranquilseas.two.testovaciverze.cz\/de\/fotos-und-videos\/#primaryimage"},"image":{"@id":"https:\/\/tranquilseas.two.testovaciverze.cz\/de\/fotos-und-videos\/#primaryimage"},"thumbnailUrl":"https:\/\/tranquilseas.two.testovaciverze.cz\/wp-content\/uploads\/2018\/03\/divider2.png","datePublished":"2019-11-28T14:50:02+00:00","dateModified":"2019-12-07T15:22:20+00:00","description":"Karibikurlaub auf Roat\u00e1n? Erfahren Sie mehr \u00fcber das einzigartige Resort Tranquilseas, sein Eco-Lodge-Konzept und die au\u00dfergew\u00f6hnliche Atmosph\u00e4re der Ruhe.","breadcrumb":{"@id":"https:\/\/tranquilseas.two.testovaciverze.cz\/de\/fotos-und-videos\/#breadcrumb"},"inLanguage":"de","potentialAction":[{"@type":"ReadAction","target":["https:\/\/tranquilseas.two.testovaciverze.cz\/de\/fotos-und-videos\/"]}]},{"@type":"ImageObject","inLanguage":"de","@id":"https:\/\/tranquilseas.two.testovaciverze.cz\/de\/fotos-und-videos\/#primaryimage","url":"https:\/\/tranquilseas.two.testovaciverze.cz\/wp-content\/uploads\/2018\/03\/divider2.png","contentUrl":"https:\/\/tranquilseas.two.testovaciverze.cz\/wp-content\/uploads\/2018\/03\/divider2.png"},{"@type":"BreadcrumbList","@id":"https:\/\/tranquilseas.two.testovaciverze.cz\/de\/fotos-und-videos\/#breadcrumb","itemListElement":[{"@type":"ListItem","position":1,"name":"Home","item":"https:\/\/tranquilseas.two.testovaciverze.cz\/de\/"},{"@type":"ListItem","position":2,"name":"Fotos und Videos"}]},{"@type":"WebSite","@id":"https:\/\/tranquilseas.two.testovaciverze.cz\/de\/#website","url":"https:\/\/tranquilseas.two.testovaciverze.cz\/de\/","name":"Tranquilseas Hotel Resort Roatan","description":"","publisher":{"@id":"https:\/\/tranquilseas.two.testovaciverze.cz\/de\/#organization"},"potentialAction":[{"@type":"SearchAction","target":{"@type":"EntryPoint","urlTemplate":"https:\/\/tranquilseas.two.testovaciverze.cz\/de\/?s={search_term_string}"},"query-input":{"@type":"PropertyValueSpecification","valueRequired":true,"valueName":"search_term_string"}}],"inLanguage":"de"},{"@type":"Organization","@id":"https:\/\/tranquilseas.two.testovaciverze.cz\/de\/#organization","name":"Tranquilseas Hotel Resort","url":"https:\/\/tranquilseas.two.testovaciverze.cz\/de\/","logo":{"@type":"ImageObject","inLanguage":"de","@id":"https:\/\/tranquilseas.two.testovaciverze.cz\/de\/#\/schema\/logo\/image\/","url":"https:\/\/tranquilseas.two.testovaciverze.cz\/wp-content\/uploads\/2019\/11\/tranquilseas-eco-lodge-and-dive-center-logo.jpg","contentUrl":"https:\/\/tranquilseas.two.testovaciverze.cz\/wp-content\/uploads\/2019\/11\/tranquilseas-eco-lodge-and-dive-center-logo.jpg","width":320,"height":320,"caption":"Tranquilseas Hotel Resort"},"image":{"@id":"https:\/\/tranquilseas.two.testovaciverze.cz\/de\/#\/schema\/logo\/image\/"},"sameAs":["https:\/\/www.facebook.com\/tranquilseasecolodge\/","https:\/\/x.com\/tranquilseas"]}]}},"_links":{"self":[{"href":"https:\/\/tranquilseas.two.testovaciverze.cz\/de\/wp-json\/wp\/v2\/pages\/3692","targetHints":{"allow":["GET"]}}],"collection":[{"href":"https:\/\/tranquilseas.two.testovaciverze.cz\/de\/wp-json\/wp\/v2\/pages"}],"about":[{"href":"https:\/\/tranquilseas.two.testovaciverze.cz\/de\/wp-json\/wp\/v2\/types\/page"}],"author":[{"embeddable":true,"href":"https:\/\/tranquilseas.two.testovaciverze.cz\/de\/wp-json\/wp\/v2\/users\/1"}],"replies":[{"embeddable":true,"href":"https:\/\/tranquilseas.two.testovaciverze.cz\/de\/wp-json\/wp\/v2\/comments?post=3692"}],"version-history":[{"count":1,"href":"https:\/\/tranquilseas.two.testovaciverze.cz\/de\/wp-json\/wp\/v2\/pages\/3692\/revisions"}],"predecessor-version":[{"id":5650,"href":"https:\/\/tranquilseas.two.testovaciverze.cz\/de\/wp-json\/wp\/v2\/pages\/3692\/revisions\/5650"}],"wp:attachment":[{"href":"https:\/\/tranquilseas.two.testovaciverze.cz\/de\/wp-json\/wp\/v2\/media?parent=3692"}],"curies":[{"name":"wp","href":"https:\/\/api.w.org\/{rel}","templated":true}]}}