{"id":3682,"date":"2019-11-28T15:46:59","date_gmt":"2019-11-28T14:46:59","guid":{"rendered":"https:\/\/tranquilseas.two.testovaciverze.cz\/?page_id=3682"},"modified":"2019-12-07T16:20:41","modified_gmt":"2019-12-07T15:20:41","slug":"eco-lodge","status":"publish","type":"page","link":"https:\/\/tranquilseas.two.testovaciverze.cz\/de\/eco-lodge\/","title":{"rendered":"Eco Lodge"},"content":{"rendered":"\t\t<div data-elementor-type=\"wp-post\" data-elementor-id=\"3682\" class=\"elementor elementor-3682 elementor-2524\" data-elementor-post-type=\"page\">\n\t\t\t\t\t\t<section class=\"elementor-section elementor-top-section elementor-element elementor-element-e3e2e47 elementor-section-height-min-height elementor-section-stretched elementor-section-boxed elementor-section-height-default elementor-section-items-middle\" data-id=\"e3e2e47\" data-element_type=\"section\" data-settings=\"{&quot;background_background&quot;:&quot;classic&quot;,&quot;stretch_section&quot;:&quot;section-stretched&quot;}\">\n\t\t\t\t\t\t\t<div class=\"elementor-background-overlay\"><\/div>\n\t\t\t\t\t\t\t<div class=\"elementor-container elementor-column-gap-default\">\n\t\t\t\t\t<div class=\"elementor-column elementor-col-100 elementor-top-column elementor-element elementor-element-02bd2bb\" data-id=\"02bd2bb\" data-element_type=\"column\">\n\t\t\t<div class=\"elementor-widget-wrap elementor-element-populated\">\n\t\t\t\t\t\t<div class=\"elementor-element elementor-element-dbf9c47 elementor-widget elementor-widget-spacer\" data-id=\"dbf9c47\" data-element_type=\"widget\" data-widget_type=\"spacer.default\">\n\t\t\t\t<div class=\"elementor-widget-container\">\n\t\t\t\t\t<div class=\"elementor-spacer\">\n\t\t\t<div class=\"elementor-spacer-inner\"><\/div>\n\t\t<\/div>\n\t\t\t\t<\/div>\n\t\t\t\t<\/div>\n\t\t\t\t<div class=\"elementor-element elementor-element-4a7bdb2 elementor-widget elementor-widget-heading\" data-id=\"4a7bdb2\" data-element_type=\"widget\" data-widget_type=\"heading.default\">\n\t\t\t\t<div class=\"elementor-widget-container\">\n\t\t\t<h1 class=\"elementor-heading-title elementor-size-default\">ECO LODGE<\/h1>\t\t<\/div>\n\t\t\t\t<\/div>\n\t\t\t\t<div class=\"elementor-element elementor-element-41f86fa elementor-widget elementor-widget-heading\" data-id=\"41f86fa\" data-element_type=\"widget\" data-widget_type=\"heading.default\">\n\t\t\t\t<div class=\"elementor-widget-container\">\n\t\t\t<p class=\"elementor-heading-title elementor-size-default\">Wir arbeiten f\u00fcr die Natur<\/p>\t\t<\/div>\n\t\t\t\t<\/div>\n\t\t\t\t<div class=\"elementor-element elementor-element-9633493 elementor-widget elementor-widget-image\" data-id=\"9633493\" data-element_type=\"widget\" data-widget_type=\"image.default\">\n\t\t\t\t<div class=\"elementor-widget-container\">\n\t\t\t\t\t\t\t\t\t\t\t\t\t<img decoding=\"async\" width=\"432\" height=\"38\" src=\"https:\/\/tranquilseas.two.testovaciverze.cz\/wp-content\/uploads\/2018\/03\/divider2.png\" class=\"attachment-large size-large wp-image-3950\" alt=\"\" srcset=\"https:\/\/tranquilseas.two.testovaciverze.cz\/wp-content\/uploads\/2018\/03\/divider2.png 432w, https:\/\/tranquilseas.two.testovaciverze.cz\/wp-content\/uploads\/2018\/03\/divider2-300x26.png 300w\" sizes=\"(max-width: 432px) 100vw, 432px\" \/>\t\t\t\t\t\t\t\t\t\t\t\t\t<\/div>\n\t\t\t\t<\/div>\n\t\t\t\t<div class=\"elementor-element elementor-element-271becb elementor-align-center elementor-widget elementor-widget-breadcrumbs\" data-id=\"271becb\" data-element_type=\"widget\" data-widget_type=\"breadcrumbs.default\">\n\t\t\t\t<div class=\"elementor-widget-container\">\n\t\t\t<div id=\"breadcrumbs\"><span><span><a href=\"https:\/\/tranquilseas.two.testovaciverze.cz\/de\/\">Home<\/a><\/span><\/span><\/div>\t\t<\/div>\n\t\t\t\t<\/div>\n\t\t\t\t<div class=\"elementor-element elementor-element-b84232d elementor-widget elementor-widget-spacer\" data-id=\"b84232d\" data-element_type=\"widget\" data-widget_type=\"spacer.default\">\n\t\t\t\t<div class=\"elementor-widget-container\">\n\t\t\t\t\t<div class=\"elementor-spacer\">\n\t\t\t<div class=\"elementor-spacer-inner\"><\/div>\n\t\t<\/div>\n\t\t\t\t<\/div>\n\t\t\t\t<\/div>\n\t\t\t\t\t<\/div>\n\t\t<\/div>\n\t\t\t\t\t<\/div>\n\t\t<\/section>\n\t\t\t\t<section class=\"elementor-section elementor-top-section elementor-element elementor-element-711e491 elementor-section-stretched elementor-section-boxed elementor-section-height-default elementor-section-height-default\" data-id=\"711e491\" data-element_type=\"section\" data-settings=\"{&quot;stretch_section&quot;:&quot;section-stretched&quot;}\">\n\t\t\t\t\t\t<div class=\"elementor-container elementor-column-gap-default\">\n\t\t\t\t\t<div class=\"elementor-column elementor-col-100 elementor-top-column elementor-element elementor-element-d7801ae\" data-id=\"d7801ae\" data-element_type=\"column\">\n\t\t\t<div class=\"elementor-widget-wrap elementor-element-populated\">\n\t\t\t\t\t\t<div class=\"elementor-element elementor-element-224e510 elementor-invisible elementor-widget elementor-widget-heading\" data-id=\"224e510\" data-element_type=\"widget\" data-settings=\"{&quot;_animation&quot;:&quot;fadeInUp&quot;}\" data-widget_type=\"heading.default\">\n\t\t\t\t<div class=\"elementor-widget-container\">\n\t\t\t<h3 class=\"elementor-heading-title elementor-size-default\">Wir bei Tranquilseas bem\u00fchen uns jeden Tag darum, unseren Einfluss auf die Insel, das Meer, aber auch auf die Bev\u00f6lkerung so gering wie m\u00f6glich zu halten. <\/h3>\t\t<\/div>\n\t\t\t\t<\/div>\n\t\t\t\t\t<\/div>\n\t\t<\/div>\n\t\t\t\t\t<\/div>\n\t\t<\/section>\n\t\t\t\t<section class=\"elementor-section elementor-top-section elementor-element elementor-element-ea110b3 elementor-section-stretched elementor-section-content-middle elementor-section-boxed elementor-section-height-default elementor-section-height-default\" data-id=\"ea110b3\" data-element_type=\"section\" data-settings=\"{&quot;stretch_section&quot;:&quot;section-stretched&quot;,&quot;background_background&quot;:&quot;classic&quot;}\">\n\t\t\t\t\t\t<div class=\"elementor-container elementor-column-gap-default\">\n\t\t\t\t\t<div class=\"elementor-column elementor-col-100 elementor-top-column elementor-element elementor-element-7ca1207\" data-id=\"7ca1207\" data-element_type=\"column\">\n\t\t\t<div class=\"elementor-widget-wrap elementor-element-populated\">\n\t\t\t\t\t\t<div class=\"elementor-element elementor-element-da62ed8 elementor-invisible elementor-widget elementor-widget-text-editor\" data-id=\"da62ed8\" data-element_type=\"widget\" data-settings=\"{&quot;_animation&quot;:&quot;fadeInUp&quot;}\" data-widget_type=\"text-editor.default\">\n\t\t\t\t<div class=\"elementor-widget-container\">\n\t\t\t\t\t\t\t<p>Wir bem\u00fchen uns um eine nachhaltige Entwicklung und Besch\u00e4ftigung, aber auch um die allgemeine Erh\u00f6hung des Bewusstseins um den Umweltschutz, einen respektvollen Umgang mit der Natur und den Ressourcen, die die Insel bietet.<\/p><p>Bei Tranquilseas verf\u00fcgen wir \u00fcber viele Regenwasser-Auffangbeh\u00e4lter und gleichzeitig \u00fcber ein ausgekl\u00fcgeltes Abwasser-Reinigungssystem. Auch setzen wir nur solche Waschmittel ein, die biologisch abbaubar sind und das Grundwasser nicht beeintr\u00e4chtigen. Aufbereitetes Abwasser nutzen wir zum Gie\u00dfen der Pflanzen in unserem Garten. So geben wir der Natur das zur\u00fcck, was sie uns so freundlich geliehen hat.<\/p><p>Das ganze Resort wurde so gebaut, dass es so weit wie m\u00f6glich auf die Arbeiten und Materialien der \u00f6rtlichen Handwerker zur\u00fcckgreift. So unterst\u00fctzen wir die Bewohner und geben unseren G\u00e4sten ein Gef\u00fchl der Authentizit\u00e4t.<\/p><p>Wir bem\u00fchen uns ebenfalls, den Stromverbrauch zu minimieren und werden demn\u00e4chst eine eigene Photovoltaikanlage installieren. F\u00fcr die Warmwasserbereitung nutzen wir bereits die Energie, die uns durch die Sonnenkollektoren auf dem Dach des Hauptgeb\u00e4udes zur Verf\u00fcgung gestellt wird.<\/p><p>All unsere Zimmer und auch das Restaurant verf\u00fcgen \u00fcber Mehrweg-Wasserbeh\u00e4lter. Jeder Gast erh\u00e4lt bei seiner Ankunft eine Wasserflasche, die er nachf\u00fcllen und auf seine Ausfl\u00fcge mitnehmen kann. So versuchen wir, unseren Beitrag zur Verhinderung von Millionen Tonnen Plastikm\u00fcll aus Einwegflaschen zu leisten.<\/p><p>Wir sind Freunde des Roat\u00e1n Marine Park &#8211; eines Meeresparks, der sich der Aufkl\u00e4rung der \u00f6rtlichen Bev\u00f6lkerung verschrieben hat, und sich, wie wir selbst auch, darum bem\u00fcht, dass Roatan eine wundersch\u00f6ne Insel voller Gr\u00fcn, Tiere und gl\u00fccklicher Menschen bleibt.<\/p>\t\t\t\t\t\t<\/div>\n\t\t\t\t<\/div>\n\t\t\t\t\t<\/div>\n\t\t<\/div>\n\t\t\t\t\t<\/div>\n\t\t<\/section>\n\t\t\t\t<section class=\"elementor-section elementor-top-section elementor-element elementor-element-b6769f8 elementor-section-stretched elementor-section-content-middle elementor-section-boxed elementor-section-height-default elementor-section-height-default\" data-id=\"b6769f8\" data-element_type=\"section\" data-settings=\"{&quot;stretch_section&quot;:&quot;section-stretched&quot;,&quot;background_background&quot;:&quot;classic&quot;}\">\n\t\t\t\t\t\t<div class=\"elementor-container elementor-column-gap-default\">\n\t\t\t\t\t<div class=\"elementor-column elementor-col-100 elementor-top-column elementor-element elementor-element-635fdf0\" data-id=\"635fdf0\" data-element_type=\"column\">\n\t\t\t<div class=\"elementor-widget-wrap elementor-element-populated\">\n\t\t\t\t\t\t<div class=\"elementor-element elementor-element-aeba768 elementor-invisible elementor-widget elementor-widget-heading\" data-id=\"aeba768\" data-element_type=\"widget\" data-settings=\"{&quot;_animation&quot;:&quot;fadeInUp&quot;}\" data-widget_type=\"heading.default\">\n\t\t\t\t<div class=\"elementor-widget-container\">\n\t\t\t<h4 class=\"elementor-heading-title elementor-size-default\">Strandreinigung<\/h4>\t\t<\/div>\n\t\t\t\t<\/div>\n\t\t\t\t<div class=\"elementor-element elementor-element-ecc8af5 gallery-spacing-custom elementor-widget elementor-widget-image-gallery\" data-id=\"ecc8af5\" data-element_type=\"widget\" data-widget_type=\"image-gallery.default\">\n\t\t\t\t<div class=\"elementor-widget-container\">\n\t\t\t\t\t<div class=\"elementor-image-gallery\">\n\t\t\t<div id='gallery-1' class='gallery galleryid-3682 gallery-columns-3 gallery-size-blog-thumb-2'><figure class='gallery-item'>\n\t\t\t<div class='gallery-icon landscape'>\n\t\t\t\t<a data-elementor-open-lightbox=\"yes\" data-elementor-lightbox-slideshow=\"ecc8af5\" data-elementor-lightbox-title=\"eco lodge\" data-e-action-hash=\"#elementor-action%3Aaction%3Dlightbox%26settings%3DeyJpZCI6NTQ5MiwidXJsIjoiaHR0cHM6XC9cL3RyYW5xdWlsc2Vhcy50d28udGVzdG92YWNpdmVyemUuY3pcL3dwLWNvbnRlbnRcL3VwbG9hZHNcLzIwMTlcLzExXC9lY28tbG9kZ2UuanBnIiwic2xpZGVzaG93IjoiZWNjOGFmNSJ9\" href='https:\/\/tranquilseas.two.testovaciverze.cz\/wp-content\/uploads\/2019\/11\/eco-lodge.jpg'><img fetchpriority=\"high\" decoding=\"async\" width=\"468\" height=\"468\" src=\"https:\/\/tranquilseas.two.testovaciverze.cz\/wp-content\/uploads\/2019\/11\/eco-lodge-468x468.jpg\" class=\"attachment-blog-thumb-2 size-blog-thumb-2\" alt=\"Eco Lodge\" srcset=\"https:\/\/tranquilseas.two.testovaciverze.cz\/wp-content\/uploads\/2019\/11\/eco-lodge-468x468.jpg 468w, https:\/\/tranquilseas.two.testovaciverze.cz\/wp-content\/uploads\/2019\/11\/eco-lodge-150x150.jpg 150w\" sizes=\"(max-width: 468px) 100vw, 468px\" \/><\/a>\n\t\t\t<\/div><\/figure><figure class='gallery-item'>\n\t\t\t<div class='gallery-icon landscape'>\n\t\t\t\t<a data-elementor-open-lightbox=\"yes\" data-elementor-lightbox-slideshow=\"ecc8af5\" data-elementor-lightbox-title=\"eco-lodge-2\" data-e-action-hash=\"#elementor-action%3Aaction%3Dlightbox%26settings%3DeyJpZCI6NTQ5MSwidXJsIjoiaHR0cHM6XC9cL3RyYW5xdWlsc2Vhcy50d28udGVzdG92YWNpdmVyemUuY3pcL3dwLWNvbnRlbnRcL3VwbG9hZHNcLzIwMTlcLzExXC9lY28tbG9kZ2UtMi5qcGciLCJzbGlkZXNob3ciOiJlY2M4YWY1In0%3D\" href='https:\/\/tranquilseas.two.testovaciverze.cz\/wp-content\/uploads\/2019\/11\/eco-lodge-2.jpg'><img decoding=\"async\" width=\"468\" height=\"468\" src=\"https:\/\/tranquilseas.two.testovaciverze.cz\/wp-content\/uploads\/2019\/11\/eco-lodge-2-468x468.jpg\" class=\"attachment-blog-thumb-2 size-blog-thumb-2\" alt=\"\u00daklid m\u00edstn\u00ed pl\u00e1\u017ee\" srcset=\"https:\/\/tranquilseas.two.testovaciverze.cz\/wp-content\/uploads\/2019\/11\/eco-lodge-2-468x468.jpg 468w, https:\/\/tranquilseas.two.testovaciverze.cz\/wp-content\/uploads\/2019\/11\/eco-lodge-2-150x150.jpg 150w\" sizes=\"(max-width: 468px) 100vw, 468px\" \/><\/a>\n\t\t\t<\/div><\/figure><figure class='gallery-item'>\n\t\t\t<div class='gallery-icon landscape'>\n\t\t\t\t<a data-elementor-open-lightbox=\"yes\" data-elementor-lightbox-slideshow=\"ecc8af5\" data-elementor-lightbox-title=\"eco-lodge-3\" data-e-action-hash=\"#elementor-action%3Aaction%3Dlightbox%26settings%3DeyJpZCI6NTQ4OSwidXJsIjoiaHR0cHM6XC9cL3RyYW5xdWlsc2Vhcy50d28udGVzdG92YWNpdmVyemUuY3pcL3dwLWNvbnRlbnRcL3VwbG9hZHNcLzIwMTlcLzExXC9lY28tbG9kZ2UtMy5qcGciLCJzbGlkZXNob3ciOiJlY2M4YWY1In0%3D\" href='https:\/\/tranquilseas.two.testovaciverze.cz\/wp-content\/uploads\/2019\/11\/eco-lodge-3.jpg'><img loading=\"lazy\" decoding=\"async\" width=\"468\" height=\"468\" src=\"https:\/\/tranquilseas.two.testovaciverze.cz\/wp-content\/uploads\/2019\/11\/eco-lodge-3-468x468.jpg\" class=\"attachment-blog-thumb-2 size-blog-thumb-2\" alt=\"\u00daklid pl\u00e1\u017ee ECO LODGE\" srcset=\"https:\/\/tranquilseas.two.testovaciverze.cz\/wp-content\/uploads\/2019\/11\/eco-lodge-3-468x468.jpg 468w, https:\/\/tranquilseas.two.testovaciverze.cz\/wp-content\/uploads\/2019\/11\/eco-lodge-3-150x150.jpg 150w\" sizes=\"(max-width: 468px) 100vw, 468px\" \/><\/a>\n\t\t\t<\/div><\/figure>\n\t\t<\/div>\n\t\t<\/div>\n\t\t\t\t<\/div>\n\t\t\t\t<\/div>\n\t\t\t\t\t<\/div>\n\t\t<\/div>\n\t\t\t\t\t<\/div>\n\t\t<\/section>\n\t\t\t\t<\/div>\n\t\t","protected":false},"excerpt":{"rendered":"<p>ECO LODGE Wir arbeiten f\u00fcr die Natur Wir bei Tranquilseas bem\u00fchen uns jeden Tag darum, unseren Einfluss auf die Insel, das Meer, aber auch auf die Bev\u00f6lkerung so gering wie m\u00f6glich zu halten. Wir bem\u00fchen uns um eine nachhaltige Entwicklung und Besch\u00e4ftigung, aber auch um die allgemeine Erh\u00f6hung des Bewusstseins um den Umweltschutz, einen respektvollen&hellip;<\/p>\n","protected":false},"author":1,"featured_media":0,"parent":3656,"menu_order":0,"comment_status":"closed","ping_status":"closed","template":"","meta":{"_acf_changed":false,"footnotes":""},"class_list":["post-3682","page","type-page","status-publish","hentry"],"acf":[],"yoast_head":"<!-- This site is optimized with the Yoast SEO plugin v25.0 - https:\/\/yoast.com\/wordpress\/plugins\/seo\/ -->\n<title>Eco Lodge | Tranquilseas Hotel Resort Roatan<\/title>\n<meta name=\"description\" content=\"Urlaub in der Karibik? Gestalten Sie ihn doch so, dass Ihr \u00f6kologischer Fu\u00dfabdruck auf den herrlichen Karibikinseln gleich null ist.\" \/>\n<meta name=\"robots\" content=\"noindex, follow, max-snippet:-1, max-image-preview:large, max-video-preview:-1\" \/>\n<meta property=\"og:locale\" content=\"de_DE\" \/>\n<meta property=\"og:type\" content=\"article\" \/>\n<meta property=\"og:title\" content=\"Eco Lodge | Tranquilseas Hotel Resort Roatan\" \/>\n<meta property=\"og:description\" content=\"Urlaub in der Karibik? Gestalten Sie ihn doch so, dass Ihr \u00f6kologischer Fu\u00dfabdruck auf den herrlichen Karibikinseln gleich null ist.\" \/>\n<meta property=\"og:url\" content=\"https:\/\/tranquilseas.two.testovaciverze.cz\/de\/eco-lodge\/\" \/>\n<meta property=\"og:site_name\" content=\"Tranquilseas Hotel Resort Roatan\" \/>\n<meta property=\"article:publisher\" content=\"https:\/\/www.facebook.com\/tranquilseasecolodge\/\" \/>\n<meta property=\"article:modified_time\" content=\"2019-12-07T15:20:41+00:00\" \/>\n<meta property=\"og:image\" content=\"https:\/\/tranquilseas.two.testovaciverze.cz\/wp-content\/uploads\/2018\/03\/divider2.png\" \/>\n<meta name=\"twitter:card\" content=\"summary_large_image\" \/>\n<meta name=\"twitter:site\" content=\"@tranquilseas\" \/>\n<meta name=\"twitter:label1\" content=\"Gesch\u00e4tzte Lesezeit\" \/>\n\t<meta name=\"twitter:data1\" content=\"2\u00a0Minuten\" \/>\n<script type=\"application\/ld+json\" class=\"yoast-schema-graph\">{\"@context\":\"https:\/\/schema.org\",\"@graph\":[{\"@type\":\"WebPage\",\"@id\":\"https:\/\/tranquilseas.two.testovaciverze.cz\/de\/eco-lodge\/\",\"url\":\"https:\/\/tranquilseas.two.testovaciverze.cz\/de\/eco-lodge\/\",\"name\":\"Eco Lodge | Tranquilseas Hotel Resort Roatan\",\"isPartOf\":{\"@id\":\"https:\/\/tranquilseas.two.testovaciverze.cz\/de\/#website\"},\"primaryImageOfPage\":{\"@id\":\"https:\/\/tranquilseas.two.testovaciverze.cz\/de\/eco-lodge\/#primaryimage\"},\"image\":{\"@id\":\"https:\/\/tranquilseas.two.testovaciverze.cz\/de\/eco-lodge\/#primaryimage\"},\"thumbnailUrl\":\"https:\/\/tranquilseas.two.testovaciverze.cz\/wp-content\/uploads\/2018\/03\/divider2.png\",\"datePublished\":\"2019-11-28T14:46:59+00:00\",\"dateModified\":\"2019-12-07T15:20:41+00:00\",\"description\":\"Urlaub in der Karibik? Gestalten Sie ihn doch so, dass Ihr \u00f6kologischer Fu\u00dfabdruck auf den herrlichen Karibikinseln gleich null ist.\",\"breadcrumb\":{\"@id\":\"https:\/\/tranquilseas.two.testovaciverze.cz\/de\/eco-lodge\/#breadcrumb\"},\"inLanguage\":\"de\",\"potentialAction\":[{\"@type\":\"ReadAction\",\"target\":[\"https:\/\/tranquilseas.two.testovaciverze.cz\/de\/eco-lodge\/\"]}]},{\"@type\":\"ImageObject\",\"inLanguage\":\"de\",\"@id\":\"https:\/\/tranquilseas.two.testovaciverze.cz\/de\/eco-lodge\/#primaryimage\",\"url\":\"https:\/\/tranquilseas.two.testovaciverze.cz\/wp-content\/uploads\/2018\/03\/divider2.png\",\"contentUrl\":\"https:\/\/tranquilseas.two.testovaciverze.cz\/wp-content\/uploads\/2018\/03\/divider2.png\"},{\"@type\":\"BreadcrumbList\",\"@id\":\"https:\/\/tranquilseas.two.testovaciverze.cz\/de\/eco-lodge\/#breadcrumb\",\"itemListElement\":[{\"@type\":\"ListItem\",\"position\":1,\"name\":\"Home\",\"item\":\"https:\/\/tranquilseas.two.testovaciverze.cz\/de\/\"},{\"@type\":\"ListItem\",\"position\":2,\"name\":\"\u00dcber uns\",\"item\":\"https:\/\/tranquilseas.two.testovaciverze.cz\/de\/uber-uns\/\"},{\"@type\":\"ListItem\",\"position\":3,\"name\":\"Eco Lodge\"}]},{\"@type\":\"WebSite\",\"@id\":\"https:\/\/tranquilseas.two.testovaciverze.cz\/de\/#website\",\"url\":\"https:\/\/tranquilseas.two.testovaciverze.cz\/de\/\",\"name\":\"Tranquilseas Hotel Resort Roatan\",\"description\":\"\",\"publisher\":{\"@id\":\"https:\/\/tranquilseas.two.testovaciverze.cz\/de\/#organization\"},\"potentialAction\":[{\"@type\":\"SearchAction\",\"target\":{\"@type\":\"EntryPoint\",\"urlTemplate\":\"https:\/\/tranquilseas.two.testovaciverze.cz\/de\/?s={search_term_string}\"},\"query-input\":{\"@type\":\"PropertyValueSpecification\",\"valueRequired\":true,\"valueName\":\"search_term_string\"}}],\"inLanguage\":\"de\"},{\"@type\":\"Organization\",\"@id\":\"https:\/\/tranquilseas.two.testovaciverze.cz\/de\/#organization\",\"name\":\"Tranquilseas Hotel Resort\",\"url\":\"https:\/\/tranquilseas.two.testovaciverze.cz\/de\/\",\"logo\":{\"@type\":\"ImageObject\",\"inLanguage\":\"de\",\"@id\":\"https:\/\/tranquilseas.two.testovaciverze.cz\/de\/#\/schema\/logo\/image\/\",\"url\":\"https:\/\/tranquilseas.two.testovaciverze.cz\/wp-content\/uploads\/2019\/11\/tranquilseas-eco-lodge-and-dive-center-logo.jpg\",\"contentUrl\":\"https:\/\/tranquilseas.two.testovaciverze.cz\/wp-content\/uploads\/2019\/11\/tranquilseas-eco-lodge-and-dive-center-logo.jpg\",\"width\":320,\"height\":320,\"caption\":\"Tranquilseas Hotel Resort\"},\"image\":{\"@id\":\"https:\/\/tranquilseas.two.testovaciverze.cz\/de\/#\/schema\/logo\/image\/\"},\"sameAs\":[\"https:\/\/www.facebook.com\/tranquilseasecolodge\/\",\"https:\/\/x.com\/tranquilseas\"]}]}<\/script>\n<!-- \/ Yoast SEO plugin. -->","yoast_head_json":{"title":"Eco Lodge | Tranquilseas Hotel Resort Roatan","description":"Urlaub in der Karibik? Gestalten Sie ihn doch so, dass Ihr \u00f6kologischer Fu\u00dfabdruck auf den herrlichen Karibikinseln gleich null ist.","robots":{"index":"noindex","follow":"follow","max-snippet":"max-snippet:-1","max-image-preview":"max-image-preview:large","max-video-preview":"max-video-preview:-1"},"og_locale":"de_DE","og_type":"article","og_title":"Eco Lodge | Tranquilseas Hotel Resort Roatan","og_description":"Urlaub in der Karibik? Gestalten Sie ihn doch so, dass Ihr \u00f6kologischer Fu\u00dfabdruck auf den herrlichen Karibikinseln gleich null ist.","og_url":"https:\/\/tranquilseas.two.testovaciverze.cz\/de\/eco-lodge\/","og_site_name":"Tranquilseas Hotel Resort Roatan","article_publisher":"https:\/\/www.facebook.com\/tranquilseasecolodge\/","article_modified_time":"2019-12-07T15:20:41+00:00","og_image":[{"url":"https:\/\/tranquilseas.two.testovaciverze.cz\/wp-content\/uploads\/2018\/03\/divider2.png","type":"","width":"","height":""}],"twitter_card":"summary_large_image","twitter_site":"@tranquilseas","twitter_misc":{"Gesch\u00e4tzte Lesezeit":"2\u00a0Minuten"},"schema":{"@context":"https:\/\/schema.org","@graph":[{"@type":"WebPage","@id":"https:\/\/tranquilseas.two.testovaciverze.cz\/de\/eco-lodge\/","url":"https:\/\/tranquilseas.two.testovaciverze.cz\/de\/eco-lodge\/","name":"Eco Lodge | Tranquilseas Hotel Resort Roatan","isPartOf":{"@id":"https:\/\/tranquilseas.two.testovaciverze.cz\/de\/#website"},"primaryImageOfPage":{"@id":"https:\/\/tranquilseas.two.testovaciverze.cz\/de\/eco-lodge\/#primaryimage"},"image":{"@id":"https:\/\/tranquilseas.two.testovaciverze.cz\/de\/eco-lodge\/#primaryimage"},"thumbnailUrl":"https:\/\/tranquilseas.two.testovaciverze.cz\/wp-content\/uploads\/2018\/03\/divider2.png","datePublished":"2019-11-28T14:46:59+00:00","dateModified":"2019-12-07T15:20:41+00:00","description":"Urlaub in der Karibik? Gestalten Sie ihn doch so, dass Ihr \u00f6kologischer Fu\u00dfabdruck auf den herrlichen Karibikinseln gleich null ist.","breadcrumb":{"@id":"https:\/\/tranquilseas.two.testovaciverze.cz\/de\/eco-lodge\/#breadcrumb"},"inLanguage":"de","potentialAction":[{"@type":"ReadAction","target":["https:\/\/tranquilseas.two.testovaciverze.cz\/de\/eco-lodge\/"]}]},{"@type":"ImageObject","inLanguage":"de","@id":"https:\/\/tranquilseas.two.testovaciverze.cz\/de\/eco-lodge\/#primaryimage","url":"https:\/\/tranquilseas.two.testovaciverze.cz\/wp-content\/uploads\/2018\/03\/divider2.png","contentUrl":"https:\/\/tranquilseas.two.testovaciverze.cz\/wp-content\/uploads\/2018\/03\/divider2.png"},{"@type":"BreadcrumbList","@id":"https:\/\/tranquilseas.two.testovaciverze.cz\/de\/eco-lodge\/#breadcrumb","itemListElement":[{"@type":"ListItem","position":1,"name":"Home","item":"https:\/\/tranquilseas.two.testovaciverze.cz\/de\/"},{"@type":"ListItem","position":2,"name":"\u00dcber uns","item":"https:\/\/tranquilseas.two.testovaciverze.cz\/de\/uber-uns\/"},{"@type":"ListItem","position":3,"name":"Eco Lodge"}]},{"@type":"WebSite","@id":"https:\/\/tranquilseas.two.testovaciverze.cz\/de\/#website","url":"https:\/\/tranquilseas.two.testovaciverze.cz\/de\/","name":"Tranquilseas Hotel Resort Roatan","description":"","publisher":{"@id":"https:\/\/tranquilseas.two.testovaciverze.cz\/de\/#organization"},"potentialAction":[{"@type":"SearchAction","target":{"@type":"EntryPoint","urlTemplate":"https:\/\/tranquilseas.two.testovaciverze.cz\/de\/?s={search_term_string}"},"query-input":{"@type":"PropertyValueSpecification","valueRequired":true,"valueName":"search_term_string"}}],"inLanguage":"de"},{"@type":"Organization","@id":"https:\/\/tranquilseas.two.testovaciverze.cz\/de\/#organization","name":"Tranquilseas Hotel Resort","url":"https:\/\/tranquilseas.two.testovaciverze.cz\/de\/","logo":{"@type":"ImageObject","inLanguage":"de","@id":"https:\/\/tranquilseas.two.testovaciverze.cz\/de\/#\/schema\/logo\/image\/","url":"https:\/\/tranquilseas.two.testovaciverze.cz\/wp-content\/uploads\/2019\/11\/tranquilseas-eco-lodge-and-dive-center-logo.jpg","contentUrl":"https:\/\/tranquilseas.two.testovaciverze.cz\/wp-content\/uploads\/2019\/11\/tranquilseas-eco-lodge-and-dive-center-logo.jpg","width":320,"height":320,"caption":"Tranquilseas Hotel Resort"},"image":{"@id":"https:\/\/tranquilseas.two.testovaciverze.cz\/de\/#\/schema\/logo\/image\/"},"sameAs":["https:\/\/www.facebook.com\/tranquilseasecolodge\/","https:\/\/x.com\/tranquilseas"]}]}},"_links":{"self":[{"href":"https:\/\/tranquilseas.two.testovaciverze.cz\/de\/wp-json\/wp\/v2\/pages\/3682","targetHints":{"allow":["GET"]}}],"collection":[{"href":"https:\/\/tranquilseas.two.testovaciverze.cz\/de\/wp-json\/wp\/v2\/pages"}],"about":[{"href":"https:\/\/tranquilseas.two.testovaciverze.cz\/de\/wp-json\/wp\/v2\/types\/page"}],"author":[{"embeddable":true,"href":"https:\/\/tranquilseas.two.testovaciverze.cz\/de\/wp-json\/wp\/v2\/users\/1"}],"replies":[{"embeddable":true,"href":"https:\/\/tranquilseas.two.testovaciverze.cz\/de\/wp-json\/wp\/v2\/comments?post=3682"}],"version-history":[{"count":1,"href":"https:\/\/tranquilseas.two.testovaciverze.cz\/de\/wp-json\/wp\/v2\/pages\/3682\/revisions"}],"predecessor-version":[{"id":5647,"href":"https:\/\/tranquilseas.two.testovaciverze.cz\/de\/wp-json\/wp\/v2\/pages\/3682\/revisions\/5647"}],"up":[{"embeddable":true,"href":"https:\/\/tranquilseas.two.testovaciverze.cz\/de\/wp-json\/wp\/v2\/pages\/3656"}],"wp:attachment":[{"href":"https:\/\/tranquilseas.two.testovaciverze.cz\/de\/wp-json\/wp\/v2\/media?parent=3682"}],"curies":[{"name":"wp","href":"https:\/\/api.w.org\/{rel}","templated":true}]}}