{"id":3624,"date":"2019-11-28T13:47:02","date_gmt":"2019-11-28T12:47:02","guid":{"rendered":"https:\/\/tranquilseas.two.testovaciverze.cz\/?page_id=3624"},"modified":"2025-01-31T15:46:56","modified_gmt":"2025-01-31T14:46:56","slug":"joga","status":"publish","type":"page","link":"https:\/\/tranquilseas.two.testovaciverze.cz\/de\/joga\/","title":{"rendered":"Joga"},"content":{"rendered":"\t\t<div data-elementor-type=\"wp-post\" data-elementor-id=\"3624\" class=\"elementor elementor-3624 elementor-2423\" data-elementor-post-type=\"page\">\n\t\t\t\t\t\t<section class=\"elementor-section elementor-top-section elementor-element elementor-element-635a99c elementor-section-height-min-height elementor-section-stretched elementor-section-boxed elementor-section-height-default elementor-section-items-middle\" data-id=\"635a99c\" data-element_type=\"section\" data-settings=\"{&quot;background_background&quot;:&quot;classic&quot;,&quot;stretch_section&quot;:&quot;section-stretched&quot;}\">\n\t\t\t\t\t\t\t<div class=\"elementor-background-overlay\"><\/div>\n\t\t\t\t\t\t\t<div class=\"elementor-container elementor-column-gap-default\">\n\t\t\t\t\t<div class=\"elementor-column elementor-col-100 elementor-top-column elementor-element elementor-element-00a0694\" data-id=\"00a0694\" data-element_type=\"column\">\n\t\t\t<div class=\"elementor-widget-wrap elementor-element-populated\">\n\t\t\t\t\t\t<div class=\"elementor-element elementor-element-7092a22 elementor-widget elementor-widget-spacer\" data-id=\"7092a22\" data-element_type=\"widget\" data-widget_type=\"spacer.default\">\n\t\t\t\t<div class=\"elementor-widget-container\">\n\t\t\t\t\t<div class=\"elementor-spacer\">\n\t\t\t<div class=\"elementor-spacer-inner\"><\/div>\n\t\t<\/div>\n\t\t\t\t<\/div>\n\t\t\t\t<\/div>\n\t\t\t\t<div class=\"elementor-element elementor-element-0db8b0f elementor-widget elementor-widget-heading\" data-id=\"0db8b0f\" data-element_type=\"widget\" data-widget_type=\"heading.default\">\n\t\t\t\t<div class=\"elementor-widget-container\">\n\t\t\t<h1 class=\"elementor-heading-title elementor-size-default\">JOGA<\/h1>\t\t<\/div>\n\t\t\t\t<\/div>\n\t\t\t\t<div class=\"elementor-element elementor-element-4778c87 elementor-widget elementor-widget-heading\" data-id=\"4778c87\" data-element_type=\"widget\" data-widget_type=\"heading.default\">\n\t\t\t\t<div class=\"elementor-widget-container\">\n\t\t\t<p class=\"elementor-heading-title elementor-size-default\">Treten Sie wieder mit Ihrem inneren Ich in Verbindung\n<\/p>\t\t<\/div>\n\t\t\t\t<\/div>\n\t\t\t\t<div class=\"elementor-element elementor-element-2cb51cc elementor-widget elementor-widget-image\" data-id=\"2cb51cc\" data-element_type=\"widget\" data-widget_type=\"image.default\">\n\t\t\t\t<div class=\"elementor-widget-container\">\n\t\t\t\t\t\t\t\t\t\t\t\t\t<img decoding=\"async\" width=\"432\" height=\"38\" src=\"https:\/\/tranquilseas.two.testovaciverze.cz\/wp-content\/uploads\/2018\/03\/divider2.png\" class=\"attachment-large size-large wp-image-3950\" alt=\"\" srcset=\"https:\/\/tranquilseas.two.testovaciverze.cz\/wp-content\/uploads\/2018\/03\/divider2.png 432w, https:\/\/tranquilseas.two.testovaciverze.cz\/wp-content\/uploads\/2018\/03\/divider2-300x26.png 300w\" sizes=\"(max-width: 432px) 100vw, 432px\" \/>\t\t\t\t\t\t\t\t\t\t\t\t\t<\/div>\n\t\t\t\t<\/div>\n\t\t\t\t<div class=\"elementor-element elementor-element-095c9ac elementor-align-center elementor-widget elementor-widget-breadcrumbs\" data-id=\"095c9ac\" data-element_type=\"widget\" data-widget_type=\"breadcrumbs.default\">\n\t\t\t\t<div class=\"elementor-widget-container\">\n\t\t\t<div id=\"breadcrumbs\"><span><span><a href=\"https:\/\/tranquilseas.two.testovaciverze.cz\/de\/\">Home<\/a><\/span><\/span><\/div>\t\t<\/div>\n\t\t\t\t<\/div>\n\t\t\t\t<div class=\"elementor-element elementor-element-3947b2a elementor-widget elementor-widget-spacer\" data-id=\"3947b2a\" data-element_type=\"widget\" data-widget_type=\"spacer.default\">\n\t\t\t\t<div class=\"elementor-widget-container\">\n\t\t\t\t\t<div class=\"elementor-spacer\">\n\t\t\t<div class=\"elementor-spacer-inner\"><\/div>\n\t\t<\/div>\n\t\t\t\t<\/div>\n\t\t\t\t<\/div>\n\t\t\t\t\t<\/div>\n\t\t<\/div>\n\t\t\t\t\t<\/div>\n\t\t<\/section>\n\t\t\t\t<section class=\"elementor-section elementor-top-section elementor-element elementor-element-dbf2958 elementor-section-content-middle elementor-section-stretched elementor-section-boxed elementor-section-height-default elementor-section-height-default\" data-id=\"dbf2958\" data-element_type=\"section\" data-settings=\"{&quot;stretch_section&quot;:&quot;section-stretched&quot;}\">\n\t\t\t\t\t\t<div class=\"elementor-container elementor-column-gap-default\">\n\t\t\t\t\t<div class=\"elementor-column elementor-col-100 elementor-top-column elementor-element elementor-element-8f6d360\" data-id=\"8f6d360\" data-element_type=\"column\">\n\t\t\t<div class=\"elementor-widget-wrap elementor-element-populated\">\n\t\t\t\t\t\t<div class=\"elementor-element elementor-element-72cd064 elementor-invisible elementor-widget elementor-widget-heading\" data-id=\"72cd064\" data-element_type=\"widget\" data-settings=\"{&quot;_animation&quot;:&quot;fadeInUp&quot;}\" data-widget_type=\"heading.default\">\n\t\t\t\t<div class=\"elementor-widget-container\">\n\t\t\t<h4 class=\"elementor-heading-title elementor-size-default\">Unsere Joga-Lektionen sind ein fester Bestandteil eines Urlaubs bei Tranquilseas. <\/h4>\t\t<\/div>\n\t\t\t\t<\/div>\n\t\t\t\t<div class=\"elementor-element elementor-element-f146c61 elementor-invisible elementor-widget elementor-widget-text-editor\" data-id=\"f146c61\" data-element_type=\"widget\" data-settings=\"{&quot;_animation&quot;:&quot;fadeInUp&quot;}\" data-widget_type=\"text-editor.default\">\n\t\t\t\t<div class=\"elementor-widget-container\">\n\t\t\t\t\t\t\t<p>Bei jeder \u00dcbung bauen Sie den Stress und den Trubel des Alltags ab. Sie f\u00fchren Seele und K\u00f6rper wieder zusammen.<\/p><p>Bei Ihren \u00dcbungen erfrischt Sie der Wind des Meeres, denn jede Lektion findet im offenen obersten Stockwerk des Hauptgeb\u00e4udes statt.<\/p><p>Schlie\u00dfen Sie die Augen und nehmen Sie Ihren K\u00f6rper wahr, oder erg\u00f6tzen Sie sich an der unendlichen Weite des Karibischen Meers. Unsere erfahrenen Lehrerinnen sorgen daf\u00fcr, dass Ihre \u00dcbungen effektiv sind und Ihr K\u00f6rper und Ihre Seele in einen Zustand des Gleichgewichts, der Behaglichkeit und des Friedens gelangen.<\/p>\t\t\t\t\t\t<\/div>\n\t\t\t\t<\/div>\n\t\t\t\t<div class=\"elementor-element elementor-element-535d189 elementor-invisible elementor-widget elementor-widget-heading\" data-id=\"535d189\" data-element_type=\"widget\" data-settings=\"{&quot;_animation&quot;:&quot;fadeInUp&quot;}\" data-widget_type=\"heading.default\">\n\t\t\t\t<div class=\"elementor-widget-container\">\n\t\t\t<h4 class=\"elementor-heading-title elementor-size-default\">Sie k\u00f6nnen an Gruppenlektionen teilnehmen, aber auch eine individuelle Lektion buchen, wo sich die Lehrerin nur um Sie k\u00fcmmert.<\/h4>\t\t<\/div>\n\t\t\t\t<\/div>\n\t\t\t\t<div class=\"elementor-element elementor-element-07ef502 elementor-invisible elementor-widget elementor-widget-text-editor\" data-id=\"07ef502\" data-element_type=\"widget\" data-settings=\"{&quot;_animation&quot;:&quot;fadeInUp&quot;}\" data-widget_type=\"text-editor.default\">\n\t\t\t\t<div class=\"elementor-widget-container\">\n\t\t\t\t\t\t\t<p>F\u00fcr weitere Informationen <a href=\"\/de\/kontakte\/\">kontaktieren<\/a> Sie bitte jederzeit unsere Rezeption, die Sie mit unserem Terminplan und dem verf\u00fcgbaren Angebot an Individuallektionen vertraut macht.<\/p>\t\t\t\t\t\t<\/div>\n\t\t\t\t<\/div>\n\t\t\t\t\t<\/div>\n\t\t<\/div>\n\t\t\t\t\t<\/div>\n\t\t<\/section>\n\t\t\t\t<section class=\"elementor-section elementor-top-section elementor-element elementor-element-8efc3ed elementor-section-stretched elementor-section-full_width elementor-section-height-default elementor-section-height-default\" data-id=\"8efc3ed\" data-element_type=\"section\" data-settings=\"{&quot;stretch_section&quot;:&quot;section-stretched&quot;}\">\n\t\t\t\t\t\t<div class=\"elementor-container elementor-column-gap-no\">\n\t\t\t\t\t<div class=\"elementor-column elementor-col-100 elementor-top-column elementor-element elementor-element-1ada00e\" data-id=\"1ada00e\" data-element_type=\"column\">\n\t\t\t<div class=\"elementor-widget-wrap elementor-element-populated\">\n\t\t\t\t\t\t<div class=\"elementor-element elementor-element-05d7a12 gallery-spacing-custom elementor-widget elementor-widget-image-gallery\" data-id=\"05d7a12\" data-element_type=\"widget\" data-widget_type=\"image-gallery.default\">\n\t\t\t\t<div class=\"elementor-widget-container\">\n\t\t\t\t\t<div class=\"elementor-image-gallery\">\n\t\t\t<div id='gallery-1' class='gallery galleryid-3624 gallery-columns-4 gallery-size-blog-thumb-2'><figure class='gallery-item'>\n\t\t\t<div class='gallery-icon portrait'>\n\t\t\t\t<a data-elementor-open-lightbox=\"yes\" data-elementor-lightbox-slideshow=\"05d7a12\" data-elementor-lightbox-title=\"yoga(1)\" data-e-action-hash=\"#elementor-action%3Aaction%3Dlightbox%26settings%3DeyJpZCI6ODAyOSwidXJsIjoiaHR0cHM6XC9cL3RyYW5xdWlsc2Vhcy50d28udGVzdG92YWNpdmVyemUuY3pcL3dwLWNvbnRlbnRcL3VwbG9hZHNcLzIwMjVcLzAxXC95b2dhMS1zY2FsZWQuanBnIiwic2xpZGVzaG93IjoiMDVkN2ExMiJ9\" href='https:\/\/tranquilseas.two.testovaciverze.cz\/wp-content\/uploads\/2025\/01\/yoga1-scaled.jpg'><img fetchpriority=\"high\" decoding=\"async\" width=\"468\" height=\"468\" src=\"https:\/\/tranquilseas.two.testovaciverze.cz\/wp-content\/uploads\/2025\/01\/yoga1-468x468.jpg\" class=\"attachment-blog-thumb-2 size-blog-thumb-2\" alt=\"\" srcset=\"https:\/\/tranquilseas.two.testovaciverze.cz\/wp-content\/uploads\/2025\/01\/yoga1-468x468.jpg 468w, https:\/\/tranquilseas.two.testovaciverze.cz\/wp-content\/uploads\/2025\/01\/yoga1-150x150.jpg 150w\" sizes=\"(max-width: 468px) 100vw, 468px\" \/><\/a>\n\t\t\t<\/div><\/figure><figure class='gallery-item'>\n\t\t\t<div class='gallery-icon portrait'>\n\t\t\t\t<a data-elementor-open-lightbox=\"yes\" data-elementor-lightbox-slideshow=\"05d7a12\" data-elementor-lightbox-title=\"yoga(5)\" data-e-action-hash=\"#elementor-action%3Aaction%3Dlightbox%26settings%3DeyJpZCI6ODAyMSwidXJsIjoiaHR0cHM6XC9cL3RyYW5xdWlsc2Vhcy50d28udGVzdG92YWNpdmVyemUuY3pcL3dwLWNvbnRlbnRcL3VwbG9hZHNcLzIwMjVcLzAxXC95b2dhNS1zY2FsZWQuanBnIiwic2xpZGVzaG93IjoiMDVkN2ExMiJ9\" href='https:\/\/tranquilseas.two.testovaciverze.cz\/wp-content\/uploads\/2025\/01\/yoga5-scaled.jpg'><img decoding=\"async\" width=\"468\" height=\"468\" src=\"https:\/\/tranquilseas.two.testovaciverze.cz\/wp-content\/uploads\/2025\/01\/yoga5-468x468.jpg\" class=\"attachment-blog-thumb-2 size-blog-thumb-2\" alt=\"\" srcset=\"https:\/\/tranquilseas.two.testovaciverze.cz\/wp-content\/uploads\/2025\/01\/yoga5-468x468.jpg 468w, https:\/\/tranquilseas.two.testovaciverze.cz\/wp-content\/uploads\/2025\/01\/yoga5-150x150.jpg 150w\" sizes=\"(max-width: 468px) 100vw, 468px\" \/><\/a>\n\t\t\t<\/div><\/figure><figure class='gallery-item'>\n\t\t\t<div class='gallery-icon landscape'>\n\t\t\t\t<a data-elementor-open-lightbox=\"yes\" data-elementor-lightbox-slideshow=\"05d7a12\" data-elementor-lightbox-title=\"yoga(4)\" data-e-action-hash=\"#elementor-action%3Aaction%3Dlightbox%26settings%3DeyJpZCI6ODAxNywidXJsIjoiaHR0cHM6XC9cL3RyYW5xdWlsc2Vhcy50d28udGVzdG92YWNpdmVyemUuY3pcL3dwLWNvbnRlbnRcL3VwbG9hZHNcLzIwMjVcLzAxXC95b2dhNC5qcGciLCJzbGlkZXNob3ciOiIwNWQ3YTEyIn0%3D\" href='https:\/\/tranquilseas.two.testovaciverze.cz\/wp-content\/uploads\/2025\/01\/yoga4.jpg'><img loading=\"lazy\" decoding=\"async\" width=\"468\" height=\"468\" src=\"https:\/\/tranquilseas.two.testovaciverze.cz\/wp-content\/uploads\/2025\/01\/yoga4-468x468.jpg\" class=\"attachment-blog-thumb-2 size-blog-thumb-2\" alt=\"\" srcset=\"https:\/\/tranquilseas.two.testovaciverze.cz\/wp-content\/uploads\/2025\/01\/yoga4-468x468.jpg 468w, https:\/\/tranquilseas.two.testovaciverze.cz\/wp-content\/uploads\/2025\/01\/yoga4-150x150.jpg 150w\" sizes=\"(max-width: 468px) 100vw, 468px\" \/><\/a>\n\t\t\t<\/div><\/figure><figure class='gallery-item'>\n\t\t\t<div class='gallery-icon portrait'>\n\t\t\t\t<a data-elementor-open-lightbox=\"yes\" data-elementor-lightbox-slideshow=\"05d7a12\" data-elementor-lightbox-title=\"yoga(3)\" data-e-action-hash=\"#elementor-action%3Aaction%3Dlightbox%26settings%3DeyJpZCI6ODAxMywidXJsIjoiaHR0cHM6XC9cL3RyYW5xdWlsc2Vhcy50d28udGVzdG92YWNpdmVyemUuY3pcL3dwLWNvbnRlbnRcL3VwbG9hZHNcLzIwMjVcLzAxXC95b2dhMy1zY2FsZWQuanBnIiwic2xpZGVzaG93IjoiMDVkN2ExMiJ9\" href='https:\/\/tranquilseas.two.testovaciverze.cz\/wp-content\/uploads\/2025\/01\/yoga3-scaled.jpg'><img loading=\"lazy\" decoding=\"async\" width=\"468\" height=\"468\" src=\"https:\/\/tranquilseas.two.testovaciverze.cz\/wp-content\/uploads\/2025\/01\/yoga3-468x468.jpg\" class=\"attachment-blog-thumb-2 size-blog-thumb-2\" alt=\"\" srcset=\"https:\/\/tranquilseas.two.testovaciverze.cz\/wp-content\/uploads\/2025\/01\/yoga3-468x468.jpg 468w, https:\/\/tranquilseas.two.testovaciverze.cz\/wp-content\/uploads\/2025\/01\/yoga3-150x150.jpg 150w\" sizes=\"(max-width: 468px) 100vw, 468px\" \/><\/a>\n\t\t\t<\/div><\/figure>\n\t\t<\/div>\n\t\t<\/div>\n\t\t\t\t<\/div>\n\t\t\t\t<\/div>\n\t\t\t\t\t<\/div>\n\t\t<\/div>\n\t\t\t\t\t<\/div>\n\t\t<\/section>\n\t\t\t\t<\/div>\n\t\t","protected":false},"excerpt":{"rendered":"<p>JOGA Treten Sie wieder mit Ihrem inneren Ich in Verbindung Unsere Joga-Lektionen sind ein fester Bestandteil eines Urlaubs bei Tranquilseas. Bei jeder \u00dcbung bauen Sie den Stress und den Trubel des Alltags ab. Sie f\u00fchren Seele und K\u00f6rper wieder zusammen. Bei Ihren \u00dcbungen erfrischt Sie der Wind des Meeres, denn jede Lektion findet im offenen&hellip;<\/p>\n","protected":false},"author":1,"featured_media":0,"parent":3596,"menu_order":0,"comment_status":"closed","ping_status":"closed","template":"","meta":{"_acf_changed":false,"footnotes":""},"class_list":["post-3624","page","type-page","status-publish","hentry"],"acf":[],"yoast_head":"<!-- This site is optimized with the Yoast SEO plugin v25.0 - https:\/\/yoast.com\/wordpress\/plugins\/seo\/ -->\n<title>Joga | Tranquilseas Hotel Resort Roatan<\/title>\n<meta name=\"description\" content=\"Joga auf der obersten Etage des Hotels Tranquilseas auf Roat\u00e1n mit Seeblick. Jeder Kurs und der Urlaub selbst werden zu einem Erlebnis f\u00fcr das ganze Leben.\" \/>\n<meta name=\"robots\" content=\"noindex, follow, max-snippet:-1, max-image-preview:large, max-video-preview:-1\" \/>\n<meta property=\"og:locale\" content=\"de_DE\" \/>\n<meta property=\"og:type\" content=\"article\" \/>\n<meta property=\"og:title\" content=\"Joga | Tranquilseas Hotel Resort Roatan\" \/>\n<meta property=\"og:description\" content=\"Joga auf der obersten Etage des Hotels Tranquilseas auf Roat\u00e1n mit Seeblick. Jeder Kurs und der Urlaub selbst werden zu einem Erlebnis f\u00fcr das ganze Leben.\" \/>\n<meta property=\"og:url\" content=\"https:\/\/tranquilseas.two.testovaciverze.cz\/de\/joga\/\" \/>\n<meta property=\"og:site_name\" content=\"Tranquilseas Hotel Resort Roatan\" \/>\n<meta property=\"article:publisher\" content=\"https:\/\/www.facebook.com\/tranquilseasecolodge\/\" \/>\n<meta property=\"article:modified_time\" content=\"2025-01-31T14:46:56+00:00\" \/>\n<meta property=\"og:image\" content=\"https:\/\/tranquilseas.two.testovaciverze.cz\/wp-content\/uploads\/2019\/11\/yoga_04.jpg\" \/>\n\t<meta property=\"og:image:width\" content=\"1000\" \/>\n\t<meta property=\"og:image:height\" content=\"714\" \/>\n\t<meta property=\"og:image:type\" content=\"image\/jpeg\" \/>\n<meta name=\"twitter:card\" content=\"summary_large_image\" \/>\n<meta name=\"twitter:site\" content=\"@tranquilseas\" \/>\n<meta name=\"twitter:label1\" content=\"Gesch\u00e4tzte Lesezeit\" \/>\n\t<meta name=\"twitter:data1\" content=\"1\u00a0Minute\" \/>\n<script type=\"application\/ld+json\" class=\"yoast-schema-graph\">{\"@context\":\"https:\/\/schema.org\",\"@graph\":[{\"@type\":\"WebPage\",\"@id\":\"https:\/\/tranquilseas.two.testovaciverze.cz\/de\/joga\/\",\"url\":\"https:\/\/tranquilseas.two.testovaciverze.cz\/de\/joga\/\",\"name\":\"Joga | Tranquilseas Hotel Resort Roatan\",\"isPartOf\":{\"@id\":\"https:\/\/tranquilseas.two.testovaciverze.cz\/de\/#website\"},\"primaryImageOfPage\":{\"@id\":\"https:\/\/tranquilseas.two.testovaciverze.cz\/de\/joga\/#primaryimage\"},\"image\":{\"@id\":\"https:\/\/tranquilseas.two.testovaciverze.cz\/de\/joga\/#primaryimage\"},\"thumbnailUrl\":\"https:\/\/tranquilseas.two.testovaciverze.cz\/wp-content\/uploads\/2018\/03\/divider2.png\",\"datePublished\":\"2019-11-28T12:47:02+00:00\",\"dateModified\":\"2025-01-31T14:46:56+00:00\",\"description\":\"Joga auf der obersten Etage des Hotels Tranquilseas auf Roat\u00e1n mit Seeblick. Jeder Kurs und der Urlaub selbst werden zu einem Erlebnis f\u00fcr das ganze Leben.\",\"breadcrumb\":{\"@id\":\"https:\/\/tranquilseas.two.testovaciverze.cz\/de\/joga\/#breadcrumb\"},\"inLanguage\":\"de\",\"potentialAction\":[{\"@type\":\"ReadAction\",\"target\":[\"https:\/\/tranquilseas.two.testovaciverze.cz\/de\/joga\/\"]}]},{\"@type\":\"ImageObject\",\"inLanguage\":\"de\",\"@id\":\"https:\/\/tranquilseas.two.testovaciverze.cz\/de\/joga\/#primaryimage\",\"url\":\"https:\/\/tranquilseas.two.testovaciverze.cz\/wp-content\/uploads\/2018\/03\/divider2.png\",\"contentUrl\":\"https:\/\/tranquilseas.two.testovaciverze.cz\/wp-content\/uploads\/2018\/03\/divider2.png\"},{\"@type\":\"BreadcrumbList\",\"@id\":\"https:\/\/tranquilseas.two.testovaciverze.cz\/de\/joga\/#breadcrumb\",\"itemListElement\":[{\"@type\":\"ListItem\",\"position\":1,\"name\":\"Home\",\"item\":\"https:\/\/tranquilseas.two.testovaciverze.cz\/de\/\"},{\"@type\":\"ListItem\",\"position\":2,\"name\":\"Aktivit\u00e4ten\",\"item\":\"https:\/\/tranquilseas.two.testovaciverze.cz\/de\/aktivitaten\/\"},{\"@type\":\"ListItem\",\"position\":3,\"name\":\"Joga\"}]},{\"@type\":\"WebSite\",\"@id\":\"https:\/\/tranquilseas.two.testovaciverze.cz\/de\/#website\",\"url\":\"https:\/\/tranquilseas.two.testovaciverze.cz\/de\/\",\"name\":\"Tranquilseas Hotel Resort Roatan\",\"description\":\"\",\"publisher\":{\"@id\":\"https:\/\/tranquilseas.two.testovaciverze.cz\/de\/#organization\"},\"potentialAction\":[{\"@type\":\"SearchAction\",\"target\":{\"@type\":\"EntryPoint\",\"urlTemplate\":\"https:\/\/tranquilseas.two.testovaciverze.cz\/de\/?s={search_term_string}\"},\"query-input\":{\"@type\":\"PropertyValueSpecification\",\"valueRequired\":true,\"valueName\":\"search_term_string\"}}],\"inLanguage\":\"de\"},{\"@type\":\"Organization\",\"@id\":\"https:\/\/tranquilseas.two.testovaciverze.cz\/de\/#organization\",\"name\":\"Tranquilseas Hotel Resort\",\"url\":\"https:\/\/tranquilseas.two.testovaciverze.cz\/de\/\",\"logo\":{\"@type\":\"ImageObject\",\"inLanguage\":\"de\",\"@id\":\"https:\/\/tranquilseas.two.testovaciverze.cz\/de\/#\/schema\/logo\/image\/\",\"url\":\"https:\/\/tranquilseas.two.testovaciverze.cz\/wp-content\/uploads\/2019\/11\/tranquilseas-eco-lodge-and-dive-center-logo.jpg\",\"contentUrl\":\"https:\/\/tranquilseas.two.testovaciverze.cz\/wp-content\/uploads\/2019\/11\/tranquilseas-eco-lodge-and-dive-center-logo.jpg\",\"width\":320,\"height\":320,\"caption\":\"Tranquilseas Hotel Resort\"},\"image\":{\"@id\":\"https:\/\/tranquilseas.two.testovaciverze.cz\/de\/#\/schema\/logo\/image\/\"},\"sameAs\":[\"https:\/\/www.facebook.com\/tranquilseasecolodge\/\",\"https:\/\/x.com\/tranquilseas\"]}]}<\/script>\n<!-- \/ Yoast SEO plugin. -->","yoast_head_json":{"title":"Joga | Tranquilseas Hotel Resort Roatan","description":"Joga auf der obersten Etage des Hotels Tranquilseas auf Roat\u00e1n mit Seeblick. Jeder Kurs und der Urlaub selbst werden zu einem Erlebnis f\u00fcr das ganze Leben.","robots":{"index":"noindex","follow":"follow","max-snippet":"max-snippet:-1","max-image-preview":"max-image-preview:large","max-video-preview":"max-video-preview:-1"},"og_locale":"de_DE","og_type":"article","og_title":"Joga | Tranquilseas Hotel Resort Roatan","og_description":"Joga auf der obersten Etage des Hotels Tranquilseas auf Roat\u00e1n mit Seeblick. Jeder Kurs und der Urlaub selbst werden zu einem Erlebnis f\u00fcr das ganze Leben.","og_url":"https:\/\/tranquilseas.two.testovaciverze.cz\/de\/joga\/","og_site_name":"Tranquilseas Hotel Resort Roatan","article_publisher":"https:\/\/www.facebook.com\/tranquilseasecolodge\/","article_modified_time":"2025-01-31T14:46:56+00:00","og_image":[{"width":1000,"height":714,"url":"https:\/\/tranquilseas.two.testovaciverze.cz\/wp-content\/uploads\/2019\/11\/yoga_04.jpg","type":"image\/jpeg"}],"twitter_card":"summary_large_image","twitter_site":"@tranquilseas","twitter_misc":{"Gesch\u00e4tzte Lesezeit":"1\u00a0Minute"},"schema":{"@context":"https:\/\/schema.org","@graph":[{"@type":"WebPage","@id":"https:\/\/tranquilseas.two.testovaciverze.cz\/de\/joga\/","url":"https:\/\/tranquilseas.two.testovaciverze.cz\/de\/joga\/","name":"Joga | Tranquilseas Hotel Resort Roatan","isPartOf":{"@id":"https:\/\/tranquilseas.two.testovaciverze.cz\/de\/#website"},"primaryImageOfPage":{"@id":"https:\/\/tranquilseas.two.testovaciverze.cz\/de\/joga\/#primaryimage"},"image":{"@id":"https:\/\/tranquilseas.two.testovaciverze.cz\/de\/joga\/#primaryimage"},"thumbnailUrl":"https:\/\/tranquilseas.two.testovaciverze.cz\/wp-content\/uploads\/2018\/03\/divider2.png","datePublished":"2019-11-28T12:47:02+00:00","dateModified":"2025-01-31T14:46:56+00:00","description":"Joga auf der obersten Etage des Hotels Tranquilseas auf Roat\u00e1n mit Seeblick. Jeder Kurs und der Urlaub selbst werden zu einem Erlebnis f\u00fcr das ganze Leben.","breadcrumb":{"@id":"https:\/\/tranquilseas.two.testovaciverze.cz\/de\/joga\/#breadcrumb"},"inLanguage":"de","potentialAction":[{"@type":"ReadAction","target":["https:\/\/tranquilseas.two.testovaciverze.cz\/de\/joga\/"]}]},{"@type":"ImageObject","inLanguage":"de","@id":"https:\/\/tranquilseas.two.testovaciverze.cz\/de\/joga\/#primaryimage","url":"https:\/\/tranquilseas.two.testovaciverze.cz\/wp-content\/uploads\/2018\/03\/divider2.png","contentUrl":"https:\/\/tranquilseas.two.testovaciverze.cz\/wp-content\/uploads\/2018\/03\/divider2.png"},{"@type":"BreadcrumbList","@id":"https:\/\/tranquilseas.two.testovaciverze.cz\/de\/joga\/#breadcrumb","itemListElement":[{"@type":"ListItem","position":1,"name":"Home","item":"https:\/\/tranquilseas.two.testovaciverze.cz\/de\/"},{"@type":"ListItem","position":2,"name":"Aktivit\u00e4ten","item":"https:\/\/tranquilseas.two.testovaciverze.cz\/de\/aktivitaten\/"},{"@type":"ListItem","position":3,"name":"Joga"}]},{"@type":"WebSite","@id":"https:\/\/tranquilseas.two.testovaciverze.cz\/de\/#website","url":"https:\/\/tranquilseas.two.testovaciverze.cz\/de\/","name":"Tranquilseas Hotel Resort Roatan","description":"","publisher":{"@id":"https:\/\/tranquilseas.two.testovaciverze.cz\/de\/#organization"},"potentialAction":[{"@type":"SearchAction","target":{"@type":"EntryPoint","urlTemplate":"https:\/\/tranquilseas.two.testovaciverze.cz\/de\/?s={search_term_string}"},"query-input":{"@type":"PropertyValueSpecification","valueRequired":true,"valueName":"search_term_string"}}],"inLanguage":"de"},{"@type":"Organization","@id":"https:\/\/tranquilseas.two.testovaciverze.cz\/de\/#organization","name":"Tranquilseas Hotel Resort","url":"https:\/\/tranquilseas.two.testovaciverze.cz\/de\/","logo":{"@type":"ImageObject","inLanguage":"de","@id":"https:\/\/tranquilseas.two.testovaciverze.cz\/de\/#\/schema\/logo\/image\/","url":"https:\/\/tranquilseas.two.testovaciverze.cz\/wp-content\/uploads\/2019\/11\/tranquilseas-eco-lodge-and-dive-center-logo.jpg","contentUrl":"https:\/\/tranquilseas.two.testovaciverze.cz\/wp-content\/uploads\/2019\/11\/tranquilseas-eco-lodge-and-dive-center-logo.jpg","width":320,"height":320,"caption":"Tranquilseas Hotel Resort"},"image":{"@id":"https:\/\/tranquilseas.two.testovaciverze.cz\/de\/#\/schema\/logo\/image\/"},"sameAs":["https:\/\/www.facebook.com\/tranquilseasecolodge\/","https:\/\/x.com\/tranquilseas"]}]}},"_links":{"self":[{"href":"https:\/\/tranquilseas.two.testovaciverze.cz\/de\/wp-json\/wp\/v2\/pages\/3624","targetHints":{"allow":["GET"]}}],"collection":[{"href":"https:\/\/tranquilseas.two.testovaciverze.cz\/de\/wp-json\/wp\/v2\/pages"}],"about":[{"href":"https:\/\/tranquilseas.two.testovaciverze.cz\/de\/wp-json\/wp\/v2\/types\/page"}],"author":[{"embeddable":true,"href":"https:\/\/tranquilseas.two.testovaciverze.cz\/de\/wp-json\/wp\/v2\/users\/1"}],"replies":[{"embeddable":true,"href":"https:\/\/tranquilseas.two.testovaciverze.cz\/de\/wp-json\/wp\/v2\/comments?post=3624"}],"version-history":[{"count":5,"href":"https:\/\/tranquilseas.two.testovaciverze.cz\/de\/wp-json\/wp\/v2\/pages\/3624\/revisions"}],"predecessor-version":[{"id":8036,"href":"https:\/\/tranquilseas.two.testovaciverze.cz\/de\/wp-json\/wp\/v2\/pages\/3624\/revisions\/8036"}],"up":[{"embeddable":true,"href":"https:\/\/tranquilseas.two.testovaciverze.cz\/de\/wp-json\/wp\/v2\/pages\/3596"}],"wp:attachment":[{"href":"https:\/\/tranquilseas.two.testovaciverze.cz\/de\/wp-json\/wp\/v2\/media?parent=3624"}],"curies":[{"name":"wp","href":"https:\/\/api.w.org\/{rel}","templated":true}]}}