{"id":3240,"date":"2019-11-18T11:37:33","date_gmt":"2019-11-18T10:37:33","guid":{"rendered":"https:\/\/tranquilseas.two.testovaciverze.cz\/?page_id=3240"},"modified":"2019-12-07T12:03:15","modified_gmt":"2019-12-07T11:03:15","slug":"ubytovaci-rad","status":"publish","type":"page","link":"https:\/\/tranquilseas.two.testovaciverze.cz\/cs\/ubytovaci-rad\/","title":{"rendered":"Ubytovac\u00ed \u0159\u00e1d"},"content":{"rendered":"\t\t<div data-elementor-type=\"wp-post\" data-elementor-id=\"3240\" class=\"elementor elementor-3240\" data-elementor-post-type=\"page\">\n\t\t\t\t\t\t<section class=\"elementor-section elementor-top-section elementor-element elementor-element-85fcd17 elementor-section-stretched elementor-section-content-middle elementor-section-boxed elementor-section-height-default elementor-section-height-default\" data-id=\"85fcd17\" data-element_type=\"section\" data-settings=\"{&quot;stretch_section&quot;:&quot;section-stretched&quot;,&quot;background_background&quot;:&quot;classic&quot;}\">\n\t\t\t\t\t\t<div class=\"elementor-container elementor-column-gap-default\">\n\t\t\t\t\t<div class=\"elementor-column elementor-col-100 elementor-top-column elementor-element elementor-element-bcb6ce4\" data-id=\"bcb6ce4\" data-element_type=\"column\">\n\t\t\t<div class=\"elementor-widget-wrap elementor-element-populated\">\n\t\t\t\t\t\t<div class=\"elementor-element elementor-element-8242977 elementor-invisible elementor-widget elementor-widget-heading\" data-id=\"8242977\" data-element_type=\"widget\" data-settings=\"{&quot;_animation&quot;:&quot;fadeInUp&quot;}\" data-widget_type=\"heading.default\">\n\t\t\t\t<div class=\"elementor-widget-container\">\n\t\t\t<h3 class=\"elementor-heading-title elementor-size-default\">UBYTOVAC\u00cd \u0158\u00c1D<\/h3>\t\t<\/div>\n\t\t\t\t<\/div>\n\t\t\t\t\t<\/div>\n\t\t<\/div>\n\t\t\t\t\t<\/div>\n\t\t<\/section>\n\t\t\t\t<section class=\"elementor-section elementor-top-section elementor-element elementor-element-f3ed859 elementor-section-stretched elementor-section-content-middle elementor-section-boxed elementor-section-height-default elementor-section-height-default\" data-id=\"f3ed859\" data-element_type=\"section\" data-settings=\"{&quot;stretch_section&quot;:&quot;section-stretched&quot;}\">\n\t\t\t\t\t\t<div class=\"elementor-container elementor-column-gap-default\">\n\t\t\t\t\t<div class=\"elementor-column elementor-col-100 elementor-top-column elementor-element elementor-element-5c6d435\" data-id=\"5c6d435\" data-element_type=\"column\">\n\t\t\t<div class=\"elementor-widget-wrap elementor-element-populated\">\n\t\t\t\t\t\t<div class=\"elementor-element elementor-element-39bbc1f elementor-invisible elementor-widget elementor-widget-text-editor\" data-id=\"39bbc1f\" data-element_type=\"widget\" data-settings=\"{&quot;_animation&quot;:&quot;fadeInUp&quot;}\" data-widget_type=\"text-editor.default\">\n\t\t\t\t<div class=\"elementor-widget-container\">\n\t\t\t\t\t\t\t<ol><li>Ka\u017ed\u00fd host bere na v\u011bdom\u00ed, \u017ee hotel je p\u0159\u00edsn\u011b neku\u0159\u00e1ck\u00fd. P\u0159i poru\u0161en\u00ed tohoto z\u00e1kazu je hotel opr\u00e1vn\u011bn\u00fd hosta vyk\u00e1zat a po\u017eadovat uhrazen\u00ed poplatku za vy\u010di\u0161t\u011bn\u00ed pokoje ve v\u00fd\u0161i 300 USD.<\/li><li>Hotel je opr\u00e1vn\u011bn ubytovat pouze hosty, kte\u0159\u00ed se <b>\u0159\u00e1dn\u011b zaregistruj\u00ed<\/b>. Host\u00e9 jsou povinni p\u0159i p\u0159\u00edjezdu p\u0159edlo\u017eit <b>platn\u00fd doklad toto\u017enosti<\/b>, <b>vyplnit<\/b> a <b>podepsat<\/b> registra\u010dn\u00ed kartu. Pot\u00e9 obdr\u017e\u00ed kl\u00ed\u010d od pokoje.<\/li><li>Ve <b>v\u00fdjime\u010dn\u00fdch<\/b> p\u0159\u00edpadech je hotel opr\u00e1vn\u011bn nab\u00eddnout hostovi <b>jin\u00e9 ubytov\u00e1n\u00ed, ne\u017e kter\u00e9 si objednal<\/b>. Toto ubytov\u00e1n\u00ed se ov\u0161em <b>nesm\u00ed podstatn\u011b li\u0161it<\/b> od p\u016fvodn\u011b potvrzen\u00e9ho.<\/li><li>Na z\u00e1klad\u011b objedn\u00e1vky bez poskytnut\u00e9 garance (<b>p\u0159edautorizace<\/b>) hotel rezervuje pokoj <b>do 17 hodin<\/b>, pokud nebylo dohodnuto jinak.<\/li><li>V p\u0159\u00edpad\u011b, \u017ee si host <b>objednal jednol\u016f\u017ekov\u00fd pokoj<\/b> a jeho objedn\u00e1vka byla <b>hotelem potvrzena<\/b>, bude mu<b> \u00fa\u010dtov\u00e1na cena jednol\u016f\u017ekov\u00e9ho pokoje i v p\u0159\u00edpad\u011b, \u017ee mu bude poskytnut pokoj v\u011bt\u0161\u00ed.<\/b><\/li><li>Nen\u00ed-li mo\u017en\u00e9 prodlou\u017eit pobyt hosta v pokoji, ve kter\u00e9m byl ubytov\u00e1n p\u0159i p\u0159\u00edjezdu, je hotel <b>opr\u00e1vn\u011bn nab\u00eddnout pokoj jin\u00fd<\/b>.<\/li><li>Hotel <b>NEN\u00cd<\/b> odpov\u011bdn\u00fd za majetek host\u016f a za \u0161kody na jejich v\u011bcech.<\/li><li>K p\u0159ij\u00edm\u00e1n\u00ed n\u00e1v\u0161t\u011bv jsou ur\u010deny spole\u010densk\u00e9 prostory hotelu. V ubytovac\u00ed \u010d\u00e1sti mohou b\u00fdt n\u00e1v\u0161t\u011bvy p\u0159ij\u00edm\u00e1ny pouze od 8 do 22 hodin se souhlasem pracovn\u00edka recepce a zaps\u00e1n\u00edm do knihy n\u00e1v\u0161t\u011bv. Mimo tuto dobu maj\u00ed do ubytovac\u00ed \u010d\u00e1sti p\u0159\u00edstup pouze ubytovan\u00ed host\u00e9.<\/li><li>Host\u00e9 nesm\u011bj\u00ed st\u011bhovat n\u00e1bytek v pokoj\u00edch ani ve spole\u010densk\u00fdch prostor\u00e1ch hotelu.<\/li><li>V hotelu <b>nen\u00ed dovoleno<\/b> pou\u017e\u00edvat <b>vlastn\u00ed elektrick\u00e9 spot\u0159ebi\u010de<\/b>. Tento z\u00e1kaz se nevztahuje na spot\u0159ebi\u010de ur\u010den\u00e9 k osobn\u00ed hygien\u011b (vysou\u0161e\u010de vlas\u016f, holic\u00ed strojky atd.), na v\u00fdpo\u010detn\u00ed techniku (notebook) a na nab\u00edje\u010dky v\u00fdpo\u010detn\u00ed techniky a drobn\u00e9 elektroniky (notebook, fotoapar\u00e1t).<\/li><li><b>D\u011bti mlad\u0161\u00ed deseti let nesm\u00ed<\/b> z bezpe\u010dnostn\u00edch d\u016fvod\u016f z\u016fstat v pokoji \u010di v ostatn\u00edch prostor\u00e1ch hotelu bez dozoru dosp\u011bl\u00e9 osoby. Dosp\u011bl\u00e1 osoba nese plnou odpov\u011bdnost za p\u0159\u00edpadn\u00e9 \u0161kody zp\u016fsoben\u00e9 d\u011btmi.<\/li><li>Psi a jin\u00e1 dom\u00e1c\u00ed <b>zv\u00ed\u0159ata mohou sd\u00edlet pokoj<\/b> za p\u0159edpokladu, \u017ee jejich majitel p\u0159edlo\u017e\u00ed <b>zdravotn\u00ed pr\u016fkaz zv\u00ed\u0159ete<\/b>. Psi a jin\u00e1 dom\u00e1c\u00ed zv\u00ed\u0159ata <b>nesm\u00ed<\/b> na hotelov\u00e1 l\u016f\u017eka ani na jin\u00e9 kusy n\u00e1bytku, rovn\u011b\u017e maj\u00ed <b>zak\u00e1z\u00e1n vstup do restaurace<\/b>. Hostovi bude \u00fa\u010dtov\u00e1n <b>poplatek<\/b> dle platn\u00e9ho cen\u00edku.<\/li><li>Od <b>22<\/b> do <b>7<\/b> hodin jsou host\u00e9 povinni respektovat<b> no\u010dn\u00ed klid<\/b>.<\/li><li><b>Hoste\u0301 jsou odpov\u011bdn\u00ed za \u0161kody zp\u016fsoben\u00e9 na hotelov\u00e9m majetku<\/b>.<\/li><li>Host se mus\u00ed odhl\u00e1sit <b>do 12 hodin posledn\u00edho dne<\/b> sv\u00e9ho pobytu, pokud nebylo dohodnuto jinak. P\u0159i p\u0159ekro\u010den\u00ed tohoto \u010dasov\u00e9ho limitu bude hostovi \u00fa\u010dtov\u00e1n <b>zvl\u00e1\u0161tn\u00ed poplatek \u201eza denn\u00ed pou\u017eit\u00ed pokoje\u201c<\/b>, p\u0159\u00edpadn\u011b \u010d\u00e1stka za cel\u00fd dal\u0161\u00ed den pobytu.<\/li><li>Host\u00e9 mus\u00ed p\u0159i odchodu z pokoje <b>uzav\u0159\u00edt<\/b> vodovodn\u00ed kohoutky, uzav\u0159\u00edt okna, zhasnout sv\u011btla a zav\u0159\u00edt vstupn\u00ed dve\u0159e do pokoje. P\u0159i odhl\u00e1\u0161eni\u0301 z hotelu mus\u00ed na recepci <b>odevzdat kl\u00ed\u010de od pokoje<\/b>.<\/li><li>Za ubytov\u00e1n\u00ed a slu\u017eby hoste\u0301 plat\u00ed doplatek p\u0159i zah\u00e1jen\u00ed sv\u00e9ho pobytu dle platn\u00e9ho cen\u00edku. V p\u0159\u00edpad\u011b del\u0161\u00edho pobytu je host povinen uhradit sv\u016fj \u00fa\u010det v restauraci minim\u00e1ln\u011b jednou za t\u0159i dny. P\u0159ed odjezdem z hotelu je povinnost\u00ed ka\u017ed\u00e9ho hosta \u0159\u00e1dn\u011b se odhl\u00e1sit a vyrovnat sv\u016fj \u00fa\u010det.<\/li><li>Host <b>v podnapil\u00e9m stavu m\u016f\u017ee b\u00fdt <\/b>a<b> <\/b>bude<b> vyk\u00e1z\u00e1n z prostor hotelu<\/b>.<\/li><li>Hoste\u0301 jsou <b>povinni sezn\u00e1mit se s ubytovac\u00edm \u0159\u00e1dem<\/b>. V p\u0159\u00edpad\u011b poru\u0161en\u00ed ustanoven\u00ed ubytovac\u00edho \u0159\u00e1du m\u00e1 hotelov\u00fd management pr\u00e1vo ukon\u010dit pobyt hosta p\u0159ed p\u016fvodn\u011b dohodnut\u00fdm dnem odjezdu.<\/li><\/ol>\t\t\t\t\t\t<\/div>\n\t\t\t\t<\/div>\n\t\t\t\t\t<\/div>\n\t\t<\/div>\n\t\t\t\t\t<\/div>\n\t\t<\/section>\n\t\t\t\t<section class=\"elementor-section elementor-top-section elementor-element elementor-element-8dfa05a elementor-section-stretched elementor-section-content-middle elementor-section-boxed elementor-section-height-default elementor-section-height-default\" data-id=\"8dfa05a\" data-element_type=\"section\" data-settings=\"{&quot;stretch_section&quot;:&quot;section-stretched&quot;,&quot;background_background&quot;:&quot;classic&quot;}\">\n\t\t\t\t\t\t<div class=\"elementor-container elementor-column-gap-default\">\n\t\t\t\t\t<div class=\"elementor-column elementor-col-100 elementor-top-column elementor-element elementor-element-b96344a\" data-id=\"b96344a\" data-element_type=\"column\">\n\t\t\t<div class=\"elementor-widget-wrap elementor-element-populated\">\n\t\t\t\t\t\t<div class=\"elementor-element elementor-element-aa2fa65 elementor-invisible elementor-widget elementor-widget-heading\" data-id=\"aa2fa65\" data-element_type=\"widget\" data-settings=\"{&quot;_animation&quot;:&quot;fadeInUp&quot;}\" data-widget_type=\"heading.default\">\n\t\t\t\t<div class=\"elementor-widget-container\">\n\t\t\t<h5 class=\"elementor-heading-title elementor-size-default\">Tento ubytovac\u00ed \u0159\u00e1d nab\u00fdv\u00e1 platnosti dne 1. prosince 2019.<\/h5>\t\t<\/div>\n\t\t\t\t<\/div>\n\t\t\t\t\t<\/div>\n\t\t<\/div>\n\t\t\t\t\t<\/div>\n\t\t<\/section>\n\t\t\t\t<\/div>\n\t\t","protected":false},"excerpt":{"rendered":"<p>UBYTOVAC\u00cd \u0158\u00c1D Ka\u017ed\u00fd host bere na v\u011bdom\u00ed, \u017ee hotel je p\u0159\u00edsn\u011b neku\u0159\u00e1ck\u00fd. P\u0159i poru\u0161en\u00ed tohoto z\u00e1kazu je hotel opr\u00e1vn\u011bn\u00fd hosta vyk\u00e1zat a po\u017eadovat uhrazen\u00ed poplatku za vy\u010di\u0161t\u011bn\u00ed pokoje ve v\u00fd\u0161i 300 USD. Hotel je opr\u00e1vn\u011bn ubytovat pouze hosty, kte\u0159\u00ed se \u0159\u00e1dn\u011b zaregistruj\u00ed. Host\u00e9 jsou povinni p\u0159i p\u0159\u00edjezdu p\u0159edlo\u017eit platn\u00fd doklad toto\u017enosti, vyplnit a podepsat registra\u010dn\u00ed&hellip;<\/p>\n","protected":false},"author":1,"featured_media":0,"parent":0,"menu_order":0,"comment_status":"closed","ping_status":"closed","template":"","meta":{"_acf_changed":false,"footnotes":""},"class_list":["post-3240","page","type-page","status-publish","hentry"],"acf":[],"yoast_head":"<!-- This site is optimized with the Yoast SEO plugin v25.0 - https:\/\/yoast.com\/wordpress\/plugins\/seo\/ -->\n<title>Ubytovac\u00ed \u0159\u00e1d | Tranquilseas Hotel Resort Roatan<\/title>\n<meta name=\"robots\" content=\"noindex, nofollow\" \/>\n<meta property=\"og:locale\" content=\"cs_CZ\" \/>\n<meta property=\"og:type\" content=\"article\" \/>\n<meta property=\"og:title\" content=\"Ubytovac\u00ed \u0159\u00e1d | Tranquilseas Hotel Resort Roatan\" \/>\n<meta property=\"og:description\" content=\"UBYTOVAC\u00cd \u0158\u00c1D Ka\u017ed\u00fd host bere na v\u011bdom\u00ed, \u017ee hotel je p\u0159\u00edsn\u011b neku\u0159\u00e1ck\u00fd. P\u0159i poru\u0161en\u00ed tohoto z\u00e1kazu je hotel opr\u00e1vn\u011bn\u00fd hosta vyk\u00e1zat a po\u017eadovat uhrazen\u00ed poplatku za vy\u010di\u0161t\u011bn\u00ed pokoje ve v\u00fd\u0161i 300 USD. Hotel je opr\u00e1vn\u011bn ubytovat pouze hosty, kte\u0159\u00ed se \u0159\u00e1dn\u011b zaregistruj\u00ed. Host\u00e9 jsou povinni p\u0159i p\u0159\u00edjezdu p\u0159edlo\u017eit platn\u00fd doklad toto\u017enosti, vyplnit a podepsat registra\u010dn\u00ed&hellip;\" \/>\n<meta property=\"og:url\" content=\"https:\/\/tranquilseas.two.testovaciverze.cz\/cs\/ubytovaci-rad\/\" \/>\n<meta property=\"og:site_name\" content=\"Tranquilseas Hotel Resort Roatan\" \/>\n<meta property=\"article:publisher\" content=\"https:\/\/www.facebook.com\/tranquilseasecolodge\/\" \/>\n<meta property=\"article:modified_time\" content=\"2019-12-07T11:03:15+00:00\" \/>\n<meta name=\"twitter:card\" content=\"summary_large_image\" \/>\n<meta name=\"twitter:site\" content=\"@tranquilseas\" \/>\n<meta name=\"twitter:label1\" content=\"Odhadovan\u00e1 doba \u010dten\u00ed\" \/>\n\t<meta name=\"twitter:data1\" content=\"3 minuty\" \/>\n<script type=\"application\/ld+json\" class=\"yoast-schema-graph\">{\"@context\":\"https:\/\/schema.org\",\"@graph\":[{\"@type\":\"WebPage\",\"@id\":\"https:\/\/tranquilseas.two.testovaciverze.cz\/cs\/ubytovaci-rad\/\",\"url\":\"https:\/\/tranquilseas.two.testovaciverze.cz\/cs\/ubytovaci-rad\/\",\"name\":\"Ubytovac\u00ed \u0159\u00e1d | Tranquilseas Hotel Resort Roatan\",\"isPartOf\":{\"@id\":\"https:\/\/tranquilseas.two.testovaciverze.cz\/cs\/#website\"},\"datePublished\":\"2019-11-18T10:37:33+00:00\",\"dateModified\":\"2019-12-07T11:03:15+00:00\",\"breadcrumb\":{\"@id\":\"https:\/\/tranquilseas.two.testovaciverze.cz\/cs\/ubytovaci-rad\/#breadcrumb\"},\"inLanguage\":\"cs\",\"potentialAction\":[{\"@type\":\"ReadAction\",\"target\":[\"https:\/\/tranquilseas.two.testovaciverze.cz\/cs\/ubytovaci-rad\/\"]}]},{\"@type\":\"BreadcrumbList\",\"@id\":\"https:\/\/tranquilseas.two.testovaciverze.cz\/cs\/ubytovaci-rad\/#breadcrumb\",\"itemListElement\":[{\"@type\":\"ListItem\",\"position\":1,\"name\":\"Home\",\"item\":\"https:\/\/tranquilseas.two.testovaciverze.cz\/cs\/\"},{\"@type\":\"ListItem\",\"position\":2,\"name\":\"Ubytovac\u00ed \u0159\u00e1d\"}]},{\"@type\":\"WebSite\",\"@id\":\"https:\/\/tranquilseas.two.testovaciverze.cz\/cs\/#website\",\"url\":\"https:\/\/tranquilseas.two.testovaciverze.cz\/cs\/\",\"name\":\"Tranquilseas Hotel Resort Roatan\",\"description\":\"\",\"publisher\":{\"@id\":\"https:\/\/tranquilseas.two.testovaciverze.cz\/cs\/#organization\"},\"potentialAction\":[{\"@type\":\"SearchAction\",\"target\":{\"@type\":\"EntryPoint\",\"urlTemplate\":\"https:\/\/tranquilseas.two.testovaciverze.cz\/cs\/?s={search_term_string}\"},\"query-input\":{\"@type\":\"PropertyValueSpecification\",\"valueRequired\":true,\"valueName\":\"search_term_string\"}}],\"inLanguage\":\"cs\"},{\"@type\":\"Organization\",\"@id\":\"https:\/\/tranquilseas.two.testovaciverze.cz\/cs\/#organization\",\"name\":\"Tranquilseas Hotel Resort\",\"url\":\"https:\/\/tranquilseas.two.testovaciverze.cz\/cs\/\",\"logo\":{\"@type\":\"ImageObject\",\"inLanguage\":\"cs\",\"@id\":\"https:\/\/tranquilseas.two.testovaciverze.cz\/cs\/#\/schema\/logo\/image\/\",\"url\":\"https:\/\/tranquilseas.two.testovaciverze.cz\/wp-content\/uploads\/2019\/11\/tranquilseas-eco-lodge-and-dive-center-logo.jpg\",\"contentUrl\":\"https:\/\/tranquilseas.two.testovaciverze.cz\/wp-content\/uploads\/2019\/11\/tranquilseas-eco-lodge-and-dive-center-logo.jpg\",\"width\":320,\"height\":320,\"caption\":\"Tranquilseas Hotel Resort\"},\"image\":{\"@id\":\"https:\/\/tranquilseas.two.testovaciverze.cz\/cs\/#\/schema\/logo\/image\/\"},\"sameAs\":[\"https:\/\/www.facebook.com\/tranquilseasecolodge\/\",\"https:\/\/x.com\/tranquilseas\"]}]}<\/script>\n<!-- \/ Yoast SEO plugin. -->","yoast_head_json":{"title":"Ubytovac\u00ed \u0159\u00e1d | Tranquilseas Hotel Resort Roatan","robots":{"index":"noindex","follow":"nofollow"},"og_locale":"cs_CZ","og_type":"article","og_title":"Ubytovac\u00ed \u0159\u00e1d | Tranquilseas Hotel Resort Roatan","og_description":"UBYTOVAC\u00cd \u0158\u00c1D Ka\u017ed\u00fd host bere na v\u011bdom\u00ed, \u017ee hotel je p\u0159\u00edsn\u011b neku\u0159\u00e1ck\u00fd. P\u0159i poru\u0161en\u00ed tohoto z\u00e1kazu je hotel opr\u00e1vn\u011bn\u00fd hosta vyk\u00e1zat a po\u017eadovat uhrazen\u00ed poplatku za vy\u010di\u0161t\u011bn\u00ed pokoje ve v\u00fd\u0161i 300 USD. Hotel je opr\u00e1vn\u011bn ubytovat pouze hosty, kte\u0159\u00ed se \u0159\u00e1dn\u011b zaregistruj\u00ed. Host\u00e9 jsou povinni p\u0159i p\u0159\u00edjezdu p\u0159edlo\u017eit platn\u00fd doklad toto\u017enosti, vyplnit a podepsat registra\u010dn\u00ed&hellip;","og_url":"https:\/\/tranquilseas.two.testovaciverze.cz\/cs\/ubytovaci-rad\/","og_site_name":"Tranquilseas Hotel Resort Roatan","article_publisher":"https:\/\/www.facebook.com\/tranquilseasecolodge\/","article_modified_time":"2019-12-07T11:03:15+00:00","twitter_card":"summary_large_image","twitter_site":"@tranquilseas","twitter_misc":{"Odhadovan\u00e1 doba \u010dten\u00ed":"3 minuty"},"schema":{"@context":"https:\/\/schema.org","@graph":[{"@type":"WebPage","@id":"https:\/\/tranquilseas.two.testovaciverze.cz\/cs\/ubytovaci-rad\/","url":"https:\/\/tranquilseas.two.testovaciverze.cz\/cs\/ubytovaci-rad\/","name":"Ubytovac\u00ed \u0159\u00e1d | Tranquilseas Hotel Resort Roatan","isPartOf":{"@id":"https:\/\/tranquilseas.two.testovaciverze.cz\/cs\/#website"},"datePublished":"2019-11-18T10:37:33+00:00","dateModified":"2019-12-07T11:03:15+00:00","breadcrumb":{"@id":"https:\/\/tranquilseas.two.testovaciverze.cz\/cs\/ubytovaci-rad\/#breadcrumb"},"inLanguage":"cs","potentialAction":[{"@type":"ReadAction","target":["https:\/\/tranquilseas.two.testovaciverze.cz\/cs\/ubytovaci-rad\/"]}]},{"@type":"BreadcrumbList","@id":"https:\/\/tranquilseas.two.testovaciverze.cz\/cs\/ubytovaci-rad\/#breadcrumb","itemListElement":[{"@type":"ListItem","position":1,"name":"Home","item":"https:\/\/tranquilseas.two.testovaciverze.cz\/cs\/"},{"@type":"ListItem","position":2,"name":"Ubytovac\u00ed \u0159\u00e1d"}]},{"@type":"WebSite","@id":"https:\/\/tranquilseas.two.testovaciverze.cz\/cs\/#website","url":"https:\/\/tranquilseas.two.testovaciverze.cz\/cs\/","name":"Tranquilseas Hotel Resort Roatan","description":"","publisher":{"@id":"https:\/\/tranquilseas.two.testovaciverze.cz\/cs\/#organization"},"potentialAction":[{"@type":"SearchAction","target":{"@type":"EntryPoint","urlTemplate":"https:\/\/tranquilseas.two.testovaciverze.cz\/cs\/?s={search_term_string}"},"query-input":{"@type":"PropertyValueSpecification","valueRequired":true,"valueName":"search_term_string"}}],"inLanguage":"cs"},{"@type":"Organization","@id":"https:\/\/tranquilseas.two.testovaciverze.cz\/cs\/#organization","name":"Tranquilseas Hotel Resort","url":"https:\/\/tranquilseas.two.testovaciverze.cz\/cs\/","logo":{"@type":"ImageObject","inLanguage":"cs","@id":"https:\/\/tranquilseas.two.testovaciverze.cz\/cs\/#\/schema\/logo\/image\/","url":"https:\/\/tranquilseas.two.testovaciverze.cz\/wp-content\/uploads\/2019\/11\/tranquilseas-eco-lodge-and-dive-center-logo.jpg","contentUrl":"https:\/\/tranquilseas.two.testovaciverze.cz\/wp-content\/uploads\/2019\/11\/tranquilseas-eco-lodge-and-dive-center-logo.jpg","width":320,"height":320,"caption":"Tranquilseas Hotel Resort"},"image":{"@id":"https:\/\/tranquilseas.two.testovaciverze.cz\/cs\/#\/schema\/logo\/image\/"},"sameAs":["https:\/\/www.facebook.com\/tranquilseasecolodge\/","https:\/\/x.com\/tranquilseas"]}]}},"_links":{"self":[{"href":"https:\/\/tranquilseas.two.testovaciverze.cz\/cs\/wp-json\/wp\/v2\/pages\/3240","targetHints":{"allow":["GET"]}}],"collection":[{"href":"https:\/\/tranquilseas.two.testovaciverze.cz\/cs\/wp-json\/wp\/v2\/pages"}],"about":[{"href":"https:\/\/tranquilseas.two.testovaciverze.cz\/cs\/wp-json\/wp\/v2\/types\/page"}],"author":[{"embeddable":true,"href":"https:\/\/tranquilseas.two.testovaciverze.cz\/cs\/wp-json\/wp\/v2\/users\/1"}],"replies":[{"embeddable":true,"href":"https:\/\/tranquilseas.two.testovaciverze.cz\/cs\/wp-json\/wp\/v2\/comments?post=3240"}],"version-history":[{"count":1,"href":"https:\/\/tranquilseas.two.testovaciverze.cz\/cs\/wp-json\/wp\/v2\/pages\/3240\/revisions"}],"predecessor-version":[{"id":5587,"href":"https:\/\/tranquilseas.two.testovaciverze.cz\/cs\/wp-json\/wp\/v2\/pages\/3240\/revisions\/5587"}],"wp:attachment":[{"href":"https:\/\/tranquilseas.two.testovaciverze.cz\/cs\/wp-json\/wp\/v2\/media?parent=3240"}],"curies":[{"name":"wp","href":"https:\/\/api.w.org\/{rel}","templated":true}]}}