{"id":2642,"date":"2019-10-31T11:52:00","date_gmt":"2019-10-31T10:52:00","guid":{"rendered":"https:\/\/tranquilseas.two.testovaciverze.cz\/?page_id=2642"},"modified":"2025-01-31T15:51:42","modified_gmt":"2025-01-31T14:51:42","slug":"rybolov","status":"publish","type":"page","link":"https:\/\/tranquilseas.two.testovaciverze.cz\/cs\/rybolov\/","title":{"rendered":"Rybolov"},"content":{"rendered":"\t\t<div data-elementor-type=\"wp-post\" data-elementor-id=\"2642\" class=\"elementor elementor-2642\" data-elementor-post-type=\"page\">\n\t\t\t\t\t\t<section class=\"elementor-section elementor-top-section elementor-element elementor-element-60cea5f elementor-section-height-min-height elementor-section-stretched elementor-section-boxed elementor-section-height-default elementor-section-items-middle\" data-id=\"60cea5f\" data-element_type=\"section\" data-settings=\"{&quot;background_background&quot;:&quot;classic&quot;,&quot;stretch_section&quot;:&quot;section-stretched&quot;}\">\n\t\t\t\t\t\t\t<div class=\"elementor-background-overlay\"><\/div>\n\t\t\t\t\t\t\t<div class=\"elementor-container elementor-column-gap-default\">\n\t\t\t\t\t<div class=\"elementor-column elementor-col-100 elementor-top-column elementor-element elementor-element-0f83406\" data-id=\"0f83406\" data-element_type=\"column\">\n\t\t\t<div class=\"elementor-widget-wrap elementor-element-populated\">\n\t\t\t\t\t\t<div class=\"elementor-element elementor-element-68324c0 elementor-widget elementor-widget-spacer\" data-id=\"68324c0\" data-element_type=\"widget\" data-widget_type=\"spacer.default\">\n\t\t\t\t<div class=\"elementor-widget-container\">\n\t\t\t\t\t<div class=\"elementor-spacer\">\n\t\t\t<div class=\"elementor-spacer-inner\"><\/div>\n\t\t<\/div>\n\t\t\t\t<\/div>\n\t\t\t\t<\/div>\n\t\t\t\t<div class=\"elementor-element elementor-element-1553aee elementor-widget elementor-widget-heading\" data-id=\"1553aee\" data-element_type=\"widget\" data-widget_type=\"heading.default\">\n\t\t\t\t<div class=\"elementor-widget-container\">\n\t\t\t<h1 class=\"elementor-heading-title elementor-size-default\">RYBOLOV<\/h1>\t\t<\/div>\n\t\t\t\t<\/div>\n\t\t\t\t<div class=\"elementor-element elementor-element-d4f9f15 elementor-widget elementor-widget-heading\" data-id=\"d4f9f15\" data-element_type=\"widget\" data-widget_type=\"heading.default\">\n\t\t\t\t<div class=\"elementor-widget-container\">\n\t\t\t<p class=\"elementor-heading-title elementor-size-default\">Rybolov na otev\u0159en\u00e9m mo\u0159i<\/p>\t\t<\/div>\n\t\t\t\t<\/div>\n\t\t\t\t<div class=\"elementor-element elementor-element-8609288 elementor-widget elementor-widget-image\" data-id=\"8609288\" data-element_type=\"widget\" data-widget_type=\"image.default\">\n\t\t\t\t<div class=\"elementor-widget-container\">\n\t\t\t\t\t\t\t\t\t\t\t\t\t<img decoding=\"async\" width=\"432\" height=\"38\" src=\"https:\/\/tranquilseas.two.testovaciverze.cz\/wp-content\/uploads\/2018\/03\/divider2.png\" class=\"attachment-large size-large wp-image-1276\" alt=\"\" srcset=\"https:\/\/tranquilseas.two.testovaciverze.cz\/wp-content\/uploads\/2018\/03\/divider2.png 432w, https:\/\/tranquilseas.two.testovaciverze.cz\/wp-content\/uploads\/2018\/03\/divider2-300x26.png 300w\" sizes=\"(max-width: 432px) 100vw, 432px\" \/>\t\t\t\t\t\t\t\t\t\t\t\t\t<\/div>\n\t\t\t\t<\/div>\n\t\t\t\t<div class=\"elementor-element elementor-element-8e042ba elementor-align-center elementor-widget elementor-widget-breadcrumbs\" data-id=\"8e042ba\" data-element_type=\"widget\" data-widget_type=\"breadcrumbs.default\">\n\t\t\t\t<div class=\"elementor-widget-container\">\n\t\t\t<div id=\"breadcrumbs\"><span><span><a href=\"https:\/\/tranquilseas.two.testovaciverze.cz\/cs\/\">Home<\/a><\/span><\/span><\/div>\t\t<\/div>\n\t\t\t\t<\/div>\n\t\t\t\t<div class=\"elementor-element elementor-element-435c0e2 elementor-widget elementor-widget-spacer\" data-id=\"435c0e2\" data-element_type=\"widget\" data-widget_type=\"spacer.default\">\n\t\t\t\t<div class=\"elementor-widget-container\">\n\t\t\t\t\t<div class=\"elementor-spacer\">\n\t\t\t<div class=\"elementor-spacer-inner\"><\/div>\n\t\t<\/div>\n\t\t\t\t<\/div>\n\t\t\t\t<\/div>\n\t\t\t\t\t<\/div>\n\t\t<\/div>\n\t\t\t\t\t<\/div>\n\t\t<\/section>\n\t\t\t\t<section class=\"elementor-section elementor-top-section elementor-element elementor-element-c632e9b elementor-section-stretched elementor-section-content-middle elementor-section-boxed elementor-section-height-default elementor-section-height-default\" data-id=\"c632e9b\" data-element_type=\"section\" data-settings=\"{&quot;stretch_section&quot;:&quot;section-stretched&quot;}\">\n\t\t\t\t\t\t<div class=\"elementor-container elementor-column-gap-default\">\n\t\t\t\t\t<div class=\"elementor-column elementor-col-100 elementor-top-column elementor-element elementor-element-098f432\" data-id=\"098f432\" data-element_type=\"column\">\n\t\t\t<div class=\"elementor-widget-wrap elementor-element-populated\">\n\t\t\t\t\t\t<div class=\"elementor-element elementor-element-b565f8f elementor-invisible elementor-widget elementor-widget-heading\" data-id=\"b565f8f\" data-element_type=\"widget\" data-settings=\"{&quot;_animation&quot;:&quot;fadeInUp&quot;}\" data-widget_type=\"heading.default\">\n\t\t\t\t<div class=\"elementor-widget-container\">\n\t\t\t<h4 class=\"elementor-heading-title elementor-size-default\">Hlubinn\u00fd rybolov<\/h4>\t\t<\/div>\n\t\t\t\t<\/div>\n\t\t\t\t<div class=\"elementor-element elementor-element-3362c31 elementor-invisible elementor-widget elementor-widget-text-editor\" data-id=\"3362c31\" data-element_type=\"widget\" data-settings=\"{&quot;_animation&quot;:&quot;fadeInUp&quot;}\" data-widget_type=\"text-editor.default\">\n\t\t\t\t<div class=\"elementor-widget-container\">\n\t\t\t\t\t\t\t<p>Roatan je proslul\u00fd vodami, kter\u00e9 se rychle sva\u017euj\u00ed do hlubok\u00fdch hlubin hned u pob\u0159e\u017e\u00ed. D\u00edky t\u00e9to bl\u00edzkosti, klidn\u00e9mu mo\u0159i a rozmanitosti ryb, je Roatan jedn\u00edm z nejlep\u0161\u00edch m\u00edst pro rybolov v Karibiku.<\/p><p>Ulovte \u017elutoploutv\u00e9ho tu\u0148\u00e1ka, wahoo, mahi-mahi, barakudu a mnoho dal\u0161\u00edch. Ve\u0161ker\u00e9 ryb\u00e1\u0159sk\u00e9 vybaven\u00ed m\u00e1me pro v\u00e1s p\u0159ipraveno v na\u0161em dive shopu. Po n\u00e1vratu v\u00e1m m\u016f\u017eeme v\u00e1\u0161 \u00falovek nafiletovat, a n\u00e1\u0161 \u0161\u00e9fkucha\u0159 z n\u011bj p\u0159iprav\u00ed lahodn\u00fd ob\u011bd nebo ve\u010de\u0159i.<\/p><p>A\u0165 u\u017e jste zku\u0161en\u00fd ryb\u00e1\u0159 nebo \u00fapln\u00fd za\u010d\u00e1te\u010dn\u00edk, garantujeme v\u00e1m z\u00e1\u017eitek, na kter\u00fd nezapomenete.<\/p><p>Nejlep\u0161\u00ed \u010das na rybolov je brzy r\u00e1no, mezi 5:00 a 6:00. N\u00e1\u0161 zku\u0161en\u00fd kapit\u00e1n v\u00e1s zaveze na ta nejlep\u0161\u00ed m\u00edsta pro rybolov na Roatanu. Cena za lo\u010f (1-5 osob) je 449 USD. Aktivitu si m\u016f\u017eete rezervovat p\u0159\u00edmo v na\u0161em pot\u00e1p\u011b\u010dsk\u00e9m obchod\u011b, a to p\u0159edem nebo kdykoli b\u011bhem va\u0161eho pobytu.<\/p>\t\t\t\t\t\t<\/div>\n\t\t\t\t<\/div>\n\t\t\t\t\t<\/div>\n\t\t<\/div>\n\t\t\t\t\t<\/div>\n\t\t<\/section>\n\t\t\t\t<section class=\"elementor-section elementor-top-section elementor-element elementor-element-548f591 elementor-section-stretched elementor-section-content-middle elementor-section-boxed elementor-section-height-default elementor-section-height-default\" data-id=\"548f591\" data-element_type=\"section\" data-settings=\"{&quot;stretch_section&quot;:&quot;section-stretched&quot;,&quot;background_background&quot;:&quot;classic&quot;}\">\n\t\t\t\t\t\t<div class=\"elementor-container elementor-column-gap-default\">\n\t\t\t\t\t<div class=\"elementor-column elementor-col-100 elementor-top-column elementor-element elementor-element-38f8ff0\" data-id=\"38f8ff0\" data-element_type=\"column\">\n\t\t\t<div class=\"elementor-widget-wrap elementor-element-populated\">\n\t\t\t\t\t\t<div class=\"elementor-element elementor-element-314e48b elementor-invisible elementor-widget elementor-widget-heading\" data-id=\"314e48b\" data-element_type=\"widget\" data-settings=\"{&quot;_animation&quot;:&quot;fadeInUp&quot;}\" data-widget_type=\"heading.default\">\n\t\t\t\t<div class=\"elementor-widget-container\">\n\t\t\t<h4 class=\"elementor-heading-title elementor-size-default\">U\u017eijte si ryba\u0159en\u00ed na Roatanu<\/h4>\t\t<\/div>\n\t\t\t\t<\/div>\n\t\t\t\t<div class=\"elementor-element elementor-element-8283491 elementor-invisible elementor-widget elementor-widget-text-editor\" data-id=\"8283491\" data-element_type=\"widget\" data-settings=\"{&quot;_animation&quot;:&quot;fadeInUp&quot;}\" data-widget_type=\"text-editor.default\">\n\t\t\t\t<div class=\"elementor-widget-container\">\n\t\t\t\t\t\t\t<p>Chcete-li objevit d\u00e1vn\u00e9 um\u011bn\u00ed handliningu, kontaktujte kdykoliv na\u0161i recepci, kter\u00e1 zajist\u00ed lo\u010f, zku\u0161en\u00e9ho kapit\u00e1na a va\u0161i prvn\u00ed lekci.<\/p>\t\t\t\t\t\t<\/div>\n\t\t\t\t<\/div>\n\t\t\t\t\t<\/div>\n\t\t<\/div>\n\t\t\t\t\t<\/div>\n\t\t<\/section>\n\t\t\t\t<\/div>\n\t\t","protected":false},"excerpt":{"rendered":"<p>RYBOLOV Rybolov na otev\u0159en\u00e9m mo\u0159i Hlubinn\u00fd rybolov Roatan je proslul\u00fd vodami, kter\u00e9 se rychle sva\u017euj\u00ed do hlubok\u00fdch hlubin hned u pob\u0159e\u017e\u00ed. D\u00edky t\u00e9to bl\u00edzkosti, klidn\u00e9mu mo\u0159i a rozmanitosti ryb, je Roatan jedn\u00edm z nejlep\u0161\u00edch m\u00edst pro rybolov v Karibiku. Ulovte \u017elutoploutv\u00e9ho tu\u0148\u00e1ka, wahoo, mahi-mahi, barakudu a mnoho dal\u0161\u00edch. Ve\u0161ker\u00e9 ryb\u00e1\u0159sk\u00e9 vybaven\u00ed m\u00e1me pro v\u00e1s p\u0159ipraveno&hellip;<\/p>\n","protected":false},"author":1,"featured_media":0,"parent":1856,"menu_order":0,"comment_status":"closed","ping_status":"closed","template":"","meta":{"_acf_changed":false,"footnotes":""},"class_list":["post-2642","page","type-page","status-publish","hentry"],"acf":[],"yoast_head":"<!-- This site is optimized with the Yoast SEO plugin v25.0 - https:\/\/yoast.com\/wordpress\/plugins\/seo\/ -->\n<title>Rybolov na Roatanu | Tranquilseas Hotel Resort Roatan<\/title>\n<meta name=\"description\" content=\"Zaj\u00edm\u00e1 v\u00e1s tradi\u010dn\u00ed forma rybolovu? Hled\u00e1te dovolenou s\u00a0ryba\u0159en\u00edm v\u00a0Karibiku? Pak nav\u0161tivte panensk\u00fd ostrov Roatan a lekce ryba\u0159en\u00ed. Kapit\u00e1ln\u00ed \u00falovek je jist\u00fd.\" \/>\n<meta name=\"robots\" content=\"noindex, follow, max-snippet:-1, max-image-preview:large, max-video-preview:-1\" \/>\n<meta property=\"og:locale\" content=\"cs_CZ\" \/>\n<meta property=\"og:type\" content=\"article\" \/>\n<meta property=\"og:title\" content=\"Rybolov na Roatanu | Tranquilseas Hotel Resort Roatan\" \/>\n<meta property=\"og:description\" content=\"Zaj\u00edm\u00e1 v\u00e1s tradi\u010dn\u00ed forma rybolovu? Hled\u00e1te dovolenou s\u00a0ryba\u0159en\u00edm v\u00a0Karibiku? Pak nav\u0161tivte panensk\u00fd ostrov Roatan a lekce ryba\u0159en\u00ed. Kapit\u00e1ln\u00ed \u00falovek je jist\u00fd.\" \/>\n<meta property=\"og:url\" content=\"https:\/\/tranquilseas.two.testovaciverze.cz\/cs\/rybolov\/\" \/>\n<meta property=\"og:site_name\" content=\"Tranquilseas Hotel Resort Roatan\" \/>\n<meta property=\"article:publisher\" content=\"https:\/\/www.facebook.com\/tranquilseasecolodge\/\" \/>\n<meta property=\"article:modified_time\" content=\"2025-01-31T14:51:42+00:00\" \/>\n<meta property=\"og:image\" content=\"https:\/\/tranquilseas.two.testovaciverze.cz\/wp-content\/uploads\/2019\/11\/rybolov-rozcestnik-1.jpg\" \/>\n\t<meta property=\"og:image:width\" content=\"750\" \/>\n\t<meta property=\"og:image:height\" content=\"420\" \/>\n\t<meta property=\"og:image:type\" content=\"image\/jpeg\" \/>\n<meta name=\"twitter:card\" content=\"summary_large_image\" \/>\n<meta name=\"twitter:site\" content=\"@tranquilseas\" \/>\n<meta name=\"twitter:label1\" content=\"Odhadovan\u00e1 doba \u010dten\u00ed\" \/>\n\t<meta name=\"twitter:data1\" content=\"1 minuta\" \/>\n<script type=\"application\/ld+json\" class=\"yoast-schema-graph\">{\"@context\":\"https:\/\/schema.org\",\"@graph\":[{\"@type\":\"WebPage\",\"@id\":\"https:\/\/tranquilseas.two.testovaciverze.cz\/cs\/rybolov\/\",\"url\":\"https:\/\/tranquilseas.two.testovaciverze.cz\/cs\/rybolov\/\",\"name\":\"Rybolov na Roatanu | Tranquilseas Hotel Resort Roatan\",\"isPartOf\":{\"@id\":\"https:\/\/tranquilseas.two.testovaciverze.cz\/cs\/#website\"},\"primaryImageOfPage\":{\"@id\":\"https:\/\/tranquilseas.two.testovaciverze.cz\/cs\/rybolov\/#primaryimage\"},\"image\":{\"@id\":\"https:\/\/tranquilseas.two.testovaciverze.cz\/cs\/rybolov\/#primaryimage\"},\"thumbnailUrl\":\"https:\/\/tranquilseas.two.testovaciverze.cz\/wp-content\/uploads\/2018\/03\/divider2.png\",\"datePublished\":\"2019-10-31T10:52:00+00:00\",\"dateModified\":\"2025-01-31T14:51:42+00:00\",\"description\":\"Zaj\u00edm\u00e1 v\u00e1s tradi\u010dn\u00ed forma rybolovu? Hled\u00e1te dovolenou s\u00a0ryba\u0159en\u00edm v\u00a0Karibiku? Pak nav\u0161tivte panensk\u00fd ostrov Roatan a lekce ryba\u0159en\u00ed. Kapit\u00e1ln\u00ed \u00falovek je jist\u00fd.\",\"breadcrumb\":{\"@id\":\"https:\/\/tranquilseas.two.testovaciverze.cz\/cs\/rybolov\/#breadcrumb\"},\"inLanguage\":\"cs\",\"potentialAction\":[{\"@type\":\"ReadAction\",\"target\":[\"https:\/\/tranquilseas.two.testovaciverze.cz\/cs\/rybolov\/\"]}]},{\"@type\":\"ImageObject\",\"inLanguage\":\"cs\",\"@id\":\"https:\/\/tranquilseas.two.testovaciverze.cz\/cs\/rybolov\/#primaryimage\",\"url\":\"https:\/\/tranquilseas.two.testovaciverze.cz\/wp-content\/uploads\/2018\/03\/divider2.png\",\"contentUrl\":\"https:\/\/tranquilseas.two.testovaciverze.cz\/wp-content\/uploads\/2018\/03\/divider2.png\"},{\"@type\":\"BreadcrumbList\",\"@id\":\"https:\/\/tranquilseas.two.testovaciverze.cz\/cs\/rybolov\/#breadcrumb\",\"itemListElement\":[{\"@type\":\"ListItem\",\"position\":1,\"name\":\"Home\",\"item\":\"https:\/\/tranquilseas.two.testovaciverze.cz\/cs\/\"},{\"@type\":\"ListItem\",\"position\":2,\"name\":\"Aktivity\",\"item\":\"https:\/\/tranquilseas.two.testovaciverze.cz\/cs\/aktivity\/\"},{\"@type\":\"ListItem\",\"position\":3,\"name\":\"Rybolov\"}]},{\"@type\":\"WebSite\",\"@id\":\"https:\/\/tranquilseas.two.testovaciverze.cz\/cs\/#website\",\"url\":\"https:\/\/tranquilseas.two.testovaciverze.cz\/cs\/\",\"name\":\"Tranquilseas Hotel Resort Roatan\",\"description\":\"\",\"publisher\":{\"@id\":\"https:\/\/tranquilseas.two.testovaciverze.cz\/cs\/#organization\"},\"potentialAction\":[{\"@type\":\"SearchAction\",\"target\":{\"@type\":\"EntryPoint\",\"urlTemplate\":\"https:\/\/tranquilseas.two.testovaciverze.cz\/cs\/?s={search_term_string}\"},\"query-input\":{\"@type\":\"PropertyValueSpecification\",\"valueRequired\":true,\"valueName\":\"search_term_string\"}}],\"inLanguage\":\"cs\"},{\"@type\":\"Organization\",\"@id\":\"https:\/\/tranquilseas.two.testovaciverze.cz\/cs\/#organization\",\"name\":\"Tranquilseas Hotel Resort\",\"url\":\"https:\/\/tranquilseas.two.testovaciverze.cz\/cs\/\",\"logo\":{\"@type\":\"ImageObject\",\"inLanguage\":\"cs\",\"@id\":\"https:\/\/tranquilseas.two.testovaciverze.cz\/cs\/#\/schema\/logo\/image\/\",\"url\":\"https:\/\/tranquilseas.two.testovaciverze.cz\/wp-content\/uploads\/2019\/11\/tranquilseas-eco-lodge-and-dive-center-logo.jpg\",\"contentUrl\":\"https:\/\/tranquilseas.two.testovaciverze.cz\/wp-content\/uploads\/2019\/11\/tranquilseas-eco-lodge-and-dive-center-logo.jpg\",\"width\":320,\"height\":320,\"caption\":\"Tranquilseas Hotel Resort\"},\"image\":{\"@id\":\"https:\/\/tranquilseas.two.testovaciverze.cz\/cs\/#\/schema\/logo\/image\/\"},\"sameAs\":[\"https:\/\/www.facebook.com\/tranquilseasecolodge\/\",\"https:\/\/x.com\/tranquilseas\"]}]}<\/script>\n<!-- \/ Yoast SEO plugin. -->","yoast_head_json":{"title":"Rybolov na Roatanu | Tranquilseas Hotel Resort Roatan","description":"Zaj\u00edm\u00e1 v\u00e1s tradi\u010dn\u00ed forma rybolovu? Hled\u00e1te dovolenou s\u00a0ryba\u0159en\u00edm v\u00a0Karibiku? Pak nav\u0161tivte panensk\u00fd ostrov Roatan a lekce ryba\u0159en\u00ed. Kapit\u00e1ln\u00ed \u00falovek je jist\u00fd.","robots":{"index":"noindex","follow":"follow","max-snippet":"max-snippet:-1","max-image-preview":"max-image-preview:large","max-video-preview":"max-video-preview:-1"},"og_locale":"cs_CZ","og_type":"article","og_title":"Rybolov na Roatanu | Tranquilseas Hotel Resort Roatan","og_description":"Zaj\u00edm\u00e1 v\u00e1s tradi\u010dn\u00ed forma rybolovu? Hled\u00e1te dovolenou s\u00a0ryba\u0159en\u00edm v\u00a0Karibiku? Pak nav\u0161tivte panensk\u00fd ostrov Roatan a lekce ryba\u0159en\u00ed. Kapit\u00e1ln\u00ed \u00falovek je jist\u00fd.","og_url":"https:\/\/tranquilseas.two.testovaciverze.cz\/cs\/rybolov\/","og_site_name":"Tranquilseas Hotel Resort Roatan","article_publisher":"https:\/\/www.facebook.com\/tranquilseasecolodge\/","article_modified_time":"2025-01-31T14:51:42+00:00","og_image":[{"width":750,"height":420,"url":"https:\/\/tranquilseas.two.testovaciverze.cz\/wp-content\/uploads\/2019\/11\/rybolov-rozcestnik-1.jpg","type":"image\/jpeg"}],"twitter_card":"summary_large_image","twitter_site":"@tranquilseas","twitter_misc":{"Odhadovan\u00e1 doba \u010dten\u00ed":"1 minuta"},"schema":{"@context":"https:\/\/schema.org","@graph":[{"@type":"WebPage","@id":"https:\/\/tranquilseas.two.testovaciverze.cz\/cs\/rybolov\/","url":"https:\/\/tranquilseas.two.testovaciverze.cz\/cs\/rybolov\/","name":"Rybolov na Roatanu | Tranquilseas Hotel Resort Roatan","isPartOf":{"@id":"https:\/\/tranquilseas.two.testovaciverze.cz\/cs\/#website"},"primaryImageOfPage":{"@id":"https:\/\/tranquilseas.two.testovaciverze.cz\/cs\/rybolov\/#primaryimage"},"image":{"@id":"https:\/\/tranquilseas.two.testovaciverze.cz\/cs\/rybolov\/#primaryimage"},"thumbnailUrl":"https:\/\/tranquilseas.two.testovaciverze.cz\/wp-content\/uploads\/2018\/03\/divider2.png","datePublished":"2019-10-31T10:52:00+00:00","dateModified":"2025-01-31T14:51:42+00:00","description":"Zaj\u00edm\u00e1 v\u00e1s tradi\u010dn\u00ed forma rybolovu? Hled\u00e1te dovolenou s\u00a0ryba\u0159en\u00edm v\u00a0Karibiku? Pak nav\u0161tivte panensk\u00fd ostrov Roatan a lekce ryba\u0159en\u00ed. Kapit\u00e1ln\u00ed \u00falovek je jist\u00fd.","breadcrumb":{"@id":"https:\/\/tranquilseas.two.testovaciverze.cz\/cs\/rybolov\/#breadcrumb"},"inLanguage":"cs","potentialAction":[{"@type":"ReadAction","target":["https:\/\/tranquilseas.two.testovaciverze.cz\/cs\/rybolov\/"]}]},{"@type":"ImageObject","inLanguage":"cs","@id":"https:\/\/tranquilseas.two.testovaciverze.cz\/cs\/rybolov\/#primaryimage","url":"https:\/\/tranquilseas.two.testovaciverze.cz\/wp-content\/uploads\/2018\/03\/divider2.png","contentUrl":"https:\/\/tranquilseas.two.testovaciverze.cz\/wp-content\/uploads\/2018\/03\/divider2.png"},{"@type":"BreadcrumbList","@id":"https:\/\/tranquilseas.two.testovaciverze.cz\/cs\/rybolov\/#breadcrumb","itemListElement":[{"@type":"ListItem","position":1,"name":"Home","item":"https:\/\/tranquilseas.two.testovaciverze.cz\/cs\/"},{"@type":"ListItem","position":2,"name":"Aktivity","item":"https:\/\/tranquilseas.two.testovaciverze.cz\/cs\/aktivity\/"},{"@type":"ListItem","position":3,"name":"Rybolov"}]},{"@type":"WebSite","@id":"https:\/\/tranquilseas.two.testovaciverze.cz\/cs\/#website","url":"https:\/\/tranquilseas.two.testovaciverze.cz\/cs\/","name":"Tranquilseas Hotel Resort Roatan","description":"","publisher":{"@id":"https:\/\/tranquilseas.two.testovaciverze.cz\/cs\/#organization"},"potentialAction":[{"@type":"SearchAction","target":{"@type":"EntryPoint","urlTemplate":"https:\/\/tranquilseas.two.testovaciverze.cz\/cs\/?s={search_term_string}"},"query-input":{"@type":"PropertyValueSpecification","valueRequired":true,"valueName":"search_term_string"}}],"inLanguage":"cs"},{"@type":"Organization","@id":"https:\/\/tranquilseas.two.testovaciverze.cz\/cs\/#organization","name":"Tranquilseas Hotel Resort","url":"https:\/\/tranquilseas.two.testovaciverze.cz\/cs\/","logo":{"@type":"ImageObject","inLanguage":"cs","@id":"https:\/\/tranquilseas.two.testovaciverze.cz\/cs\/#\/schema\/logo\/image\/","url":"https:\/\/tranquilseas.two.testovaciverze.cz\/wp-content\/uploads\/2019\/11\/tranquilseas-eco-lodge-and-dive-center-logo.jpg","contentUrl":"https:\/\/tranquilseas.two.testovaciverze.cz\/wp-content\/uploads\/2019\/11\/tranquilseas-eco-lodge-and-dive-center-logo.jpg","width":320,"height":320,"caption":"Tranquilseas Hotel Resort"},"image":{"@id":"https:\/\/tranquilseas.two.testovaciverze.cz\/cs\/#\/schema\/logo\/image\/"},"sameAs":["https:\/\/www.facebook.com\/tranquilseasecolodge\/","https:\/\/x.com\/tranquilseas"]}]}},"_links":{"self":[{"href":"https:\/\/tranquilseas.two.testovaciverze.cz\/cs\/wp-json\/wp\/v2\/pages\/2642","targetHints":{"allow":["GET"]}}],"collection":[{"href":"https:\/\/tranquilseas.two.testovaciverze.cz\/cs\/wp-json\/wp\/v2\/pages"}],"about":[{"href":"https:\/\/tranquilseas.two.testovaciverze.cz\/cs\/wp-json\/wp\/v2\/types\/page"}],"author":[{"embeddable":true,"href":"https:\/\/tranquilseas.two.testovaciverze.cz\/cs\/wp-json\/wp\/v2\/users\/1"}],"replies":[{"embeddable":true,"href":"https:\/\/tranquilseas.two.testovaciverze.cz\/cs\/wp-json\/wp\/v2\/comments?post=2642"}],"version-history":[{"count":4,"href":"https:\/\/tranquilseas.two.testovaciverze.cz\/cs\/wp-json\/wp\/v2\/pages\/2642\/revisions"}],"predecessor-version":[{"id":8057,"href":"https:\/\/tranquilseas.two.testovaciverze.cz\/cs\/wp-json\/wp\/v2\/pages\/2642\/revisions\/8057"}],"up":[{"embeddable":true,"href":"https:\/\/tranquilseas.two.testovaciverze.cz\/cs\/wp-json\/wp\/v2\/pages\/1856"}],"wp:attachment":[{"href":"https:\/\/tranquilseas.two.testovaciverze.cz\/cs\/wp-json\/wp\/v2\/media?parent=2642"}],"curies":[{"name":"wp","href":"https:\/\/api.w.org\/{rel}","templated":true}]}}