{"id":2524,"date":"2019-10-14T16:47:03","date_gmt":"2019-10-14T14:47:03","guid":{"rendered":"https:\/\/tranquilseas.two.testovaciverze.cz\/?page_id=2524"},"modified":"2019-12-07T11:40:25","modified_gmt":"2019-12-07T10:40:25","slug":"eco-lodge","status":"publish","type":"page","link":"https:\/\/tranquilseas.two.testovaciverze.cz\/cs\/eco-lodge\/","title":{"rendered":"Eco Lodge"},"content":{"rendered":"\t\t<div data-elementor-type=\"wp-post\" data-elementor-id=\"2524\" class=\"elementor elementor-2524\" data-elementor-post-type=\"page\">\n\t\t\t\t\t\t<section class=\"elementor-section elementor-top-section elementor-element elementor-element-e3e2e47 elementor-section-height-min-height elementor-section-stretched elementor-section-boxed elementor-section-height-default elementor-section-items-middle\" data-id=\"e3e2e47\" data-element_type=\"section\" data-settings=\"{&quot;background_background&quot;:&quot;classic&quot;,&quot;stretch_section&quot;:&quot;section-stretched&quot;}\">\n\t\t\t\t\t\t\t<div class=\"elementor-background-overlay\"><\/div>\n\t\t\t\t\t\t\t<div class=\"elementor-container elementor-column-gap-default\">\n\t\t\t\t\t<div class=\"elementor-column elementor-col-100 elementor-top-column elementor-element elementor-element-02bd2bb\" data-id=\"02bd2bb\" data-element_type=\"column\">\n\t\t\t<div class=\"elementor-widget-wrap elementor-element-populated\">\n\t\t\t\t\t\t<div class=\"elementor-element elementor-element-dbf9c47 elementor-widget elementor-widget-spacer\" data-id=\"dbf9c47\" data-element_type=\"widget\" data-widget_type=\"spacer.default\">\n\t\t\t\t<div class=\"elementor-widget-container\">\n\t\t\t\t\t<div class=\"elementor-spacer\">\n\t\t\t<div class=\"elementor-spacer-inner\"><\/div>\n\t\t<\/div>\n\t\t\t\t<\/div>\n\t\t\t\t<\/div>\n\t\t\t\t<div class=\"elementor-element elementor-element-4a7bdb2 elementor-widget elementor-widget-heading\" data-id=\"4a7bdb2\" data-element_type=\"widget\" data-widget_type=\"heading.default\">\n\t\t\t\t<div class=\"elementor-widget-container\">\n\t\t\t<h1 class=\"elementor-heading-title elementor-size-default\">ECO LODGE<\/h1>\t\t<\/div>\n\t\t\t\t<\/div>\n\t\t\t\t<div class=\"elementor-element elementor-element-41f86fa elementor-widget elementor-widget-heading\" data-id=\"41f86fa\" data-element_type=\"widget\" data-widget_type=\"heading.default\">\n\t\t\t\t<div class=\"elementor-widget-container\">\n\t\t\t<p class=\"elementor-heading-title elementor-size-default\">Pracujeme pro p\u0159\u00edrodu<\/p>\t\t<\/div>\n\t\t\t\t<\/div>\n\t\t\t\t<div class=\"elementor-element elementor-element-9633493 elementor-widget elementor-widget-image\" data-id=\"9633493\" data-element_type=\"widget\" data-widget_type=\"image.default\">\n\t\t\t\t<div class=\"elementor-widget-container\">\n\t\t\t\t\t\t\t\t\t\t\t\t\t<img decoding=\"async\" width=\"432\" height=\"38\" src=\"https:\/\/tranquilseas.two.testovaciverze.cz\/wp-content\/uploads\/2018\/03\/divider2.png\" class=\"attachment-large size-large wp-image-1276\" alt=\"\" srcset=\"https:\/\/tranquilseas.two.testovaciverze.cz\/wp-content\/uploads\/2018\/03\/divider2.png 432w, https:\/\/tranquilseas.two.testovaciverze.cz\/wp-content\/uploads\/2018\/03\/divider2-300x26.png 300w\" sizes=\"(max-width: 432px) 100vw, 432px\" \/>\t\t\t\t\t\t\t\t\t\t\t\t\t<\/div>\n\t\t\t\t<\/div>\n\t\t\t\t<div class=\"elementor-element elementor-element-271becb elementor-align-center elementor-widget elementor-widget-breadcrumbs\" data-id=\"271becb\" data-element_type=\"widget\" data-widget_type=\"breadcrumbs.default\">\n\t\t\t\t<div class=\"elementor-widget-container\">\n\t\t\t<div id=\"breadcrumbs\"><span><span><a href=\"https:\/\/tranquilseas.two.testovaciverze.cz\/cs\/\">Home<\/a><\/span><\/span><\/div>\t\t<\/div>\n\t\t\t\t<\/div>\n\t\t\t\t<div class=\"elementor-element elementor-element-b84232d elementor-widget elementor-widget-spacer\" data-id=\"b84232d\" data-element_type=\"widget\" data-widget_type=\"spacer.default\">\n\t\t\t\t<div class=\"elementor-widget-container\">\n\t\t\t\t\t<div class=\"elementor-spacer\">\n\t\t\t<div class=\"elementor-spacer-inner\"><\/div>\n\t\t<\/div>\n\t\t\t\t<\/div>\n\t\t\t\t<\/div>\n\t\t\t\t\t<\/div>\n\t\t<\/div>\n\t\t\t\t\t<\/div>\n\t\t<\/section>\n\t\t\t\t<section class=\"elementor-section elementor-top-section elementor-element elementor-element-711e491 elementor-section-stretched elementor-section-boxed elementor-section-height-default elementor-section-height-default\" data-id=\"711e491\" data-element_type=\"section\" data-settings=\"{&quot;stretch_section&quot;:&quot;section-stretched&quot;}\">\n\t\t\t\t\t\t<div class=\"elementor-container elementor-column-gap-default\">\n\t\t\t\t\t<div class=\"elementor-column elementor-col-100 elementor-top-column elementor-element elementor-element-d7801ae\" data-id=\"d7801ae\" data-element_type=\"column\">\n\t\t\t<div class=\"elementor-widget-wrap elementor-element-populated\">\n\t\t\t\t\t\t<div class=\"elementor-element elementor-element-224e510 elementor-invisible elementor-widget elementor-widget-heading\" data-id=\"224e510\" data-element_type=\"widget\" data-settings=\"{&quot;_animation&quot;:&quot;fadeInUp&quot;}\" data-widget_type=\"heading.default\">\n\t\t\t\t<div class=\"elementor-widget-container\">\n\t\t\t<h3 class=\"elementor-heading-title elementor-size-default\">V Tranquilseas se ka\u017ed\u00fd den sna\u017e\u00edme o to, aby na\u0161e p\u016fsoben\u00ed m\u011blo co nejmen\u0161\u00ed vliv na ostrov, mo\u0159e, ale i m\u00edstn\u00ed obyvatelstvo.<\/h3>\t\t<\/div>\n\t\t\t\t<\/div>\n\t\t\t\t\t<\/div>\n\t\t<\/div>\n\t\t\t\t\t<\/div>\n\t\t<\/section>\n\t\t\t\t<section class=\"elementor-section elementor-top-section elementor-element elementor-element-ea110b3 elementor-section-stretched elementor-section-content-middle elementor-section-boxed elementor-section-height-default elementor-section-height-default\" data-id=\"ea110b3\" data-element_type=\"section\" data-settings=\"{&quot;stretch_section&quot;:&quot;section-stretched&quot;,&quot;background_background&quot;:&quot;classic&quot;}\">\n\t\t\t\t\t\t<div class=\"elementor-container elementor-column-gap-default\">\n\t\t\t\t\t<div class=\"elementor-column elementor-col-100 elementor-top-column elementor-element elementor-element-7ca1207\" data-id=\"7ca1207\" data-element_type=\"column\">\n\t\t\t<div class=\"elementor-widget-wrap elementor-element-populated\">\n\t\t\t\t\t\t<div class=\"elementor-element elementor-element-da62ed8 elementor-invisible elementor-widget elementor-widget-text-editor\" data-id=\"da62ed8\" data-element_type=\"widget\" data-settings=\"{&quot;_animation&quot;:&quot;fadeInUp&quot;}\" data-widget_type=\"text-editor.default\">\n\t\t\t\t<div class=\"elementor-widget-container\">\n\t\t\t\t\t\t\t<p>Sna\u017e\u00edme se podporovat udr\u017eiteln\u00fd rozvoj, zam\u011bstnanost, ale tak\u00e9 zvy\u0161ovat pov\u011bdom\u00ed o ekologii, p\u0159\u00edstupu k\u00a0p\u0159\u00edrod\u011b a zdroj\u016fm, kter\u00e9 ostrov nab\u00edz\u00ed.<\/p><p>V\u00a0Tranquilseas funguje mnoho z\u00e1chytn\u00fdch n\u00e1dr\u017e\u00ed na de\u0161\u0165ovou vodu a z\u00e1rove\u0148 d\u016fmysln\u00fd syst\u00e9m \u010disti\u010dky odpadn\u00edch vod. Z\u00e1rove\u0148 pou\u017e\u00edv\u00e1me takov\u00e9 prac\u00ed prost\u0159edky, kter\u00e9 jsou schopny se biologicky rozlo\u017eit a nepo\u0161kozovat m\u00edstn\u00ed podzemn\u00ed vody. Vy\u010di\u0161t\u011bnou odpadn\u00ed vodu n\u00e1sledn\u011b pou\u017e\u00edv\u00e1me pro zavla\u017eov\u00e1n\u00ed rostlin v\u00a0na\u0161\u00ed zahrad\u011b. Vrac\u00edme tak zp\u011bt, co n\u00e1m p\u0159\u00edroda laskav\u011b zap\u016fj\u010dila.<\/p><p>Cel\u00fd resort Tranquilseas byl postaven tak, aby se co nejv\u00edce vyu\u017eilo pr\u00e1ce a materi\u00e1lu od lok\u00e1ln\u00edch \u0159emesln\u00edk\u016f. Podporujeme tak m\u00edstn\u00ed komunity a z\u00e1rove\u0148 dod\u00e1v\u00e1me na\u0161im host\u016fm pocit autentick\u00e9ho bydlen\u00ed.<\/p><p>Sna\u017e\u00edme se tak\u00e9 minimalizovat na\u0161i spot\u0159ebu elektrick\u00e9 energie a v\u00a0bl\u00edzk\u00e9 dob\u011b instalovat vlastn\u00ed sol\u00e1rn\u00ed elektr\u00e1rnu. Pro oh\u0159ev tepl\u00e9 vody vyu\u017e\u00edv\u00e1me slune\u010dn\u00ed energie v\u00a0podob\u011b term\u00e1ln\u00edch kolektor\u016f na st\u0159e\u0161e hlavn\u00ed budovy.<\/p><p>V\u0161echny na\u0161e pokoje a restaurace je vybavena z\u00e1sobn\u00edky pitn\u00e9 vody ve vratn\u00fdch obalech. Ka\u017ed\u00fd n\u00e1\u0161 host obdr\u017e\u00ed po p\u0159\u00edjezdu vlastn\u00ed lahev na vodu, kterou m\u016f\u017ee opakovan\u011b plnit a vyu\u017e\u00edt ji p\u0159i cest\u00e1ch po ostrov\u011b. Sna\u017e\u00edme se tak zabr\u00e1nit vzniku milion\u016fm tun plastov\u00e9ho odpadu z\u00a0jednor\u00e1zov\u00fdch n\u00e1poj\u016f.<\/p><p>Jsme velc\u00ed p\u0159\u00edznivci Roatan Marine park \u2013 Roat\u00e1nsk\u00e9ho mo\u0159sk\u00e9ho parku, kter\u00fd aktivn\u011b vzd\u011bl\u00e1v\u00e1 m\u00edstn\u00ed obyvatelstvo a sna\u017e\u00ed se, stejn\u011b jako my, aby Roatan z\u016fstal n\u00e1dhern\u00fdm ostrovem pln\u00fdm zelen\u011b, zv\u00ed\u0159at a \u0161\u0165astn\u00fdch lid\u00ed.<\/p>\t\t\t\t\t\t<\/div>\n\t\t\t\t<\/div>\n\t\t\t\t\t<\/div>\n\t\t<\/div>\n\t\t\t\t\t<\/div>\n\t\t<\/section>\n\t\t\t\t<section class=\"elementor-section elementor-top-section elementor-element elementor-element-b6769f8 elementor-section-stretched elementor-section-content-middle elementor-section-boxed elementor-section-height-default elementor-section-height-default\" data-id=\"b6769f8\" data-element_type=\"section\" data-settings=\"{&quot;stretch_section&quot;:&quot;section-stretched&quot;,&quot;background_background&quot;:&quot;classic&quot;}\">\n\t\t\t\t\t\t<div class=\"elementor-container elementor-column-gap-default\">\n\t\t\t\t\t<div class=\"elementor-column elementor-col-100 elementor-top-column elementor-element elementor-element-635fdf0\" data-id=\"635fdf0\" data-element_type=\"column\">\n\t\t\t<div class=\"elementor-widget-wrap elementor-element-populated\">\n\t\t\t\t\t\t<div class=\"elementor-element elementor-element-aeba768 elementor-invisible elementor-widget elementor-widget-heading\" data-id=\"aeba768\" data-element_type=\"widget\" data-settings=\"{&quot;_animation&quot;:&quot;fadeInUp&quot;}\" data-widget_type=\"heading.default\">\n\t\t\t\t<div class=\"elementor-widget-container\">\n\t\t\t<h4 class=\"elementor-heading-title elementor-size-default\">\u00daklid m\u00edstn\u00ed pl\u00e1\u017ee<\/h4>\t\t<\/div>\n\t\t\t\t<\/div>\n\t\t\t\t<div class=\"elementor-element elementor-element-ecc8af5 gallery-spacing-custom elementor-widget elementor-widget-image-gallery\" data-id=\"ecc8af5\" data-element_type=\"widget\" data-widget_type=\"image-gallery.default\">\n\t\t\t\t<div class=\"elementor-widget-container\">\n\t\t\t\t\t<div class=\"elementor-image-gallery\">\n\t\t\t<div id='gallery-1' class='gallery galleryid-2524 gallery-columns-3 gallery-size-blog-thumb-2'><figure class='gallery-item'>\n\t\t\t<div class='gallery-icon landscape'>\n\t\t\t\t<a data-elementor-open-lightbox=\"yes\" data-elementor-lightbox-slideshow=\"ecc8af5\" data-elementor-lightbox-title=\"Eco Lodge\" data-e-action-hash=\"#elementor-action%3Aaction%3Dlightbox%26settings%3DeyJpZCI6MzQyMiwidXJsIjoiaHR0cHM6XC9cL3RyYW5xdWlsc2Vhcy50d28udGVzdG92YWNpdmVyemUuY3pcL3dwLWNvbnRlbnRcL3VwbG9hZHNcLzIwMTlcLzExXC9lY28tbG9kZ2UuanBnIiwic2xpZGVzaG93IjoiZWNjOGFmNSJ9\" href='https:\/\/tranquilseas.two.testovaciverze.cz\/wp-content\/uploads\/2019\/11\/eco-lodge.jpg'><img fetchpriority=\"high\" decoding=\"async\" width=\"468\" height=\"468\" src=\"https:\/\/tranquilseas.two.testovaciverze.cz\/wp-content\/uploads\/2019\/11\/eco-lodge-468x468.jpg\" class=\"attachment-blog-thumb-2 size-blog-thumb-2\" alt=\"Eco Lodge\" srcset=\"https:\/\/tranquilseas.two.testovaciverze.cz\/wp-content\/uploads\/2019\/11\/eco-lodge-468x468.jpg 468w, https:\/\/tranquilseas.two.testovaciverze.cz\/wp-content\/uploads\/2019\/11\/eco-lodge-150x150.jpg 150w\" sizes=\"(max-width: 468px) 100vw, 468px\" \/><\/a>\n\t\t\t<\/div><\/figure><figure class='gallery-item'>\n\t\t\t<div class='gallery-icon landscape'>\n\t\t\t\t<a data-elementor-open-lightbox=\"yes\" data-elementor-lightbox-slideshow=\"ecc8af5\" data-elementor-lightbox-title=\"\u00daklid m\u00edstn\u00ed pl\u00e1\u017ee\" data-e-action-hash=\"#elementor-action%3Aaction%3Dlightbox%26settings%3DeyJpZCI6MzQyNiwidXJsIjoiaHR0cHM6XC9cL3RyYW5xdWlsc2Vhcy50d28udGVzdG92YWNpdmVyemUuY3pcL3dwLWNvbnRlbnRcL3VwbG9hZHNcLzIwMTlcLzExXC9lY28tbG9kZ2UtMi5qcGciLCJzbGlkZXNob3ciOiJlY2M4YWY1In0%3D\" href='https:\/\/tranquilseas.two.testovaciverze.cz\/wp-content\/uploads\/2019\/11\/eco-lodge-2.jpg'><img decoding=\"async\" width=\"468\" height=\"468\" src=\"https:\/\/tranquilseas.two.testovaciverze.cz\/wp-content\/uploads\/2019\/11\/eco-lodge-2-468x468.jpg\" class=\"attachment-blog-thumb-2 size-blog-thumb-2\" alt=\"\u00daklid m\u00edstn\u00ed pl\u00e1\u017ee\" srcset=\"https:\/\/tranquilseas.two.testovaciverze.cz\/wp-content\/uploads\/2019\/11\/eco-lodge-2-468x468.jpg 468w, https:\/\/tranquilseas.two.testovaciverze.cz\/wp-content\/uploads\/2019\/11\/eco-lodge-2-150x150.jpg 150w\" sizes=\"(max-width: 468px) 100vw, 468px\" \/><\/a>\n\t\t\t<\/div><\/figure><figure class='gallery-item'>\n\t\t\t<div class='gallery-icon landscape'>\n\t\t\t\t<a data-elementor-open-lightbox=\"yes\" data-elementor-lightbox-slideshow=\"ecc8af5\" data-elementor-lightbox-title=\"\u00daklid pl\u00e1\u017ee ECO LODGE\" data-e-action-hash=\"#elementor-action%3Aaction%3Dlightbox%26settings%3DeyJpZCI6MzQzMCwidXJsIjoiaHR0cHM6XC9cL3RyYW5xdWlsc2Vhcy50d28udGVzdG92YWNpdmVyemUuY3pcL3dwLWNvbnRlbnRcL3VwbG9hZHNcLzIwMTlcLzExXC9lY28tbG9kZ2UtMy5qcGciLCJzbGlkZXNob3ciOiJlY2M4YWY1In0%3D\" href='https:\/\/tranquilseas.two.testovaciverze.cz\/wp-content\/uploads\/2019\/11\/eco-lodge-3.jpg'><img loading=\"lazy\" decoding=\"async\" width=\"468\" height=\"468\" src=\"https:\/\/tranquilseas.two.testovaciverze.cz\/wp-content\/uploads\/2019\/11\/eco-lodge-3-468x468.jpg\" class=\"attachment-blog-thumb-2 size-blog-thumb-2\" alt=\"\u00daklid pl\u00e1\u017ee ECO LODGE\" srcset=\"https:\/\/tranquilseas.two.testovaciverze.cz\/wp-content\/uploads\/2019\/11\/eco-lodge-3-468x468.jpg 468w, https:\/\/tranquilseas.two.testovaciverze.cz\/wp-content\/uploads\/2019\/11\/eco-lodge-3-150x150.jpg 150w\" sizes=\"(max-width: 468px) 100vw, 468px\" \/><\/a>\n\t\t\t<\/div><\/figure>\n\t\t<\/div>\n\t\t<\/div>\n\t\t\t\t<\/div>\n\t\t\t\t<\/div>\n\t\t\t\t\t<\/div>\n\t\t<\/div>\n\t\t\t\t\t<\/div>\n\t\t<\/section>\n\t\t\t\t<\/div>\n\t\t","protected":false},"excerpt":{"rendered":"<p>ECO LODGE Pracujeme pro p\u0159\u00edrodu V Tranquilseas se ka\u017ed\u00fd den sna\u017e\u00edme o to, aby na\u0161e p\u016fsoben\u00ed m\u011blo co nejmen\u0161\u00ed vliv na ostrov, mo\u0159e, ale i m\u00edstn\u00ed obyvatelstvo. Sna\u017e\u00edme se podporovat udr\u017eiteln\u00fd rozvoj, zam\u011bstnanost, ale tak\u00e9 zvy\u0161ovat pov\u011bdom\u00ed o ekologii, p\u0159\u00edstupu k\u00a0p\u0159\u00edrod\u011b a zdroj\u016fm, kter\u00e9 ostrov nab\u00edz\u00ed. V\u00a0Tranquilseas funguje mnoho z\u00e1chytn\u00fdch n\u00e1dr\u017e\u00ed na de\u0161\u0165ovou vodu a&hellip;<\/p>\n","protected":false},"author":1,"featured_media":0,"parent":2134,"menu_order":0,"comment_status":"closed","ping_status":"closed","template":"","meta":{"_acf_changed":false,"footnotes":""},"class_list":["post-2524","page","type-page","status-publish","hentry"],"acf":[],"yoast_head":"<!-- This site is optimized with the Yoast SEO plugin v25.0 - https:\/\/yoast.com\/wordpress\/plugins\/seo\/ -->\n<title>Eco Lodge | Tranquilseas Hotel Resort Roatan<\/title>\n<meta name=\"description\" content=\"Je ve va\u0161em hled\u00e1\u010dku dovolen\u00e1 v\u00a0Karibiku? M\u016f\u017eete ji pro\u017e\u00edt takov\u00fdm zp\u016fsobem, aby va\u0161e cesta nezanechala \u017e\u00e1dnou stopu na n\u00e1dhern\u00fdch ostrovech Karibsk\u00e9ho mo\u0159e.\" \/>\n<meta name=\"robots\" content=\"noindex, follow, max-snippet:-1, max-image-preview:large, max-video-preview:-1\" \/>\n<meta property=\"og:locale\" content=\"cs_CZ\" \/>\n<meta property=\"og:type\" content=\"article\" \/>\n<meta property=\"og:title\" content=\"Eco Lodge | Tranquilseas Hotel Resort Roatan\" \/>\n<meta property=\"og:description\" content=\"Je ve va\u0161em hled\u00e1\u010dku dovolen\u00e1 v\u00a0Karibiku? M\u016f\u017eete ji pro\u017e\u00edt takov\u00fdm zp\u016fsobem, aby va\u0161e cesta nezanechala \u017e\u00e1dnou stopu na n\u00e1dhern\u00fdch ostrovech Karibsk\u00e9ho mo\u0159e.\" \/>\n<meta property=\"og:url\" content=\"https:\/\/tranquilseas.two.testovaciverze.cz\/cs\/eco-lodge\/\" \/>\n<meta property=\"og:site_name\" content=\"Tranquilseas Hotel Resort Roatan\" \/>\n<meta property=\"article:publisher\" content=\"https:\/\/www.facebook.com\/tranquilseasecolodge\/\" \/>\n<meta property=\"article:modified_time\" content=\"2019-12-07T10:40:25+00:00\" \/>\n<meta property=\"og:image\" content=\"https:\/\/tranquilseas.two.testovaciverze.cz\/wp-content\/uploads\/2019\/11\/eco-lodge-rozcestnik.jpg\" \/>\n\t<meta property=\"og:image:width\" content=\"750\" \/>\n\t<meta property=\"og:image:height\" content=\"420\" \/>\n\t<meta property=\"og:image:type\" content=\"image\/jpeg\" \/>\n<meta name=\"twitter:card\" content=\"summary_large_image\" \/>\n<meta name=\"twitter:site\" content=\"@tranquilseas\" \/>\n<meta name=\"twitter:label1\" content=\"Odhadovan\u00e1 doba \u010dten\u00ed\" \/>\n\t<meta name=\"twitter:data1\" content=\"2 minuty\" \/>\n<script type=\"application\/ld+json\" class=\"yoast-schema-graph\">{\"@context\":\"https:\/\/schema.org\",\"@graph\":[{\"@type\":\"WebPage\",\"@id\":\"https:\/\/tranquilseas.two.testovaciverze.cz\/cs\/eco-lodge\/\",\"url\":\"https:\/\/tranquilseas.two.testovaciverze.cz\/cs\/eco-lodge\/\",\"name\":\"Eco Lodge | Tranquilseas Hotel Resort Roatan\",\"isPartOf\":{\"@id\":\"https:\/\/tranquilseas.two.testovaciverze.cz\/cs\/#website\"},\"primaryImageOfPage\":{\"@id\":\"https:\/\/tranquilseas.two.testovaciverze.cz\/cs\/eco-lodge\/#primaryimage\"},\"image\":{\"@id\":\"https:\/\/tranquilseas.two.testovaciverze.cz\/cs\/eco-lodge\/#primaryimage\"},\"thumbnailUrl\":\"https:\/\/tranquilseas.two.testovaciverze.cz\/wp-content\/uploads\/2018\/03\/divider2.png\",\"datePublished\":\"2019-10-14T14:47:03+00:00\",\"dateModified\":\"2019-12-07T10:40:25+00:00\",\"description\":\"Je ve va\u0161em hled\u00e1\u010dku dovolen\u00e1 v\u00a0Karibiku? M\u016f\u017eete ji pro\u017e\u00edt takov\u00fdm zp\u016fsobem, aby va\u0161e cesta nezanechala \u017e\u00e1dnou stopu na n\u00e1dhern\u00fdch ostrovech Karibsk\u00e9ho mo\u0159e.\",\"breadcrumb\":{\"@id\":\"https:\/\/tranquilseas.two.testovaciverze.cz\/cs\/eco-lodge\/#breadcrumb\"},\"inLanguage\":\"cs\",\"potentialAction\":[{\"@type\":\"ReadAction\",\"target\":[\"https:\/\/tranquilseas.two.testovaciverze.cz\/cs\/eco-lodge\/\"]}]},{\"@type\":\"ImageObject\",\"inLanguage\":\"cs\",\"@id\":\"https:\/\/tranquilseas.two.testovaciverze.cz\/cs\/eco-lodge\/#primaryimage\",\"url\":\"https:\/\/tranquilseas.two.testovaciverze.cz\/wp-content\/uploads\/2018\/03\/divider2.png\",\"contentUrl\":\"https:\/\/tranquilseas.two.testovaciverze.cz\/wp-content\/uploads\/2018\/03\/divider2.png\"},{\"@type\":\"BreadcrumbList\",\"@id\":\"https:\/\/tranquilseas.two.testovaciverze.cz\/cs\/eco-lodge\/#breadcrumb\",\"itemListElement\":[{\"@type\":\"ListItem\",\"position\":1,\"name\":\"Home\",\"item\":\"https:\/\/tranquilseas.two.testovaciverze.cz\/cs\/\"},{\"@type\":\"ListItem\",\"position\":2,\"name\":\"O n\u00e1s\",\"item\":\"https:\/\/tranquilseas.two.testovaciverze.cz\/cs\/o-nas\/\"},{\"@type\":\"ListItem\",\"position\":3,\"name\":\"Eco Lodge\"}]},{\"@type\":\"WebSite\",\"@id\":\"https:\/\/tranquilseas.two.testovaciverze.cz\/cs\/#website\",\"url\":\"https:\/\/tranquilseas.two.testovaciverze.cz\/cs\/\",\"name\":\"Tranquilseas Hotel Resort Roatan\",\"description\":\"\",\"publisher\":{\"@id\":\"https:\/\/tranquilseas.two.testovaciverze.cz\/cs\/#organization\"},\"potentialAction\":[{\"@type\":\"SearchAction\",\"target\":{\"@type\":\"EntryPoint\",\"urlTemplate\":\"https:\/\/tranquilseas.two.testovaciverze.cz\/cs\/?s={search_term_string}\"},\"query-input\":{\"@type\":\"PropertyValueSpecification\",\"valueRequired\":true,\"valueName\":\"search_term_string\"}}],\"inLanguage\":\"cs\"},{\"@type\":\"Organization\",\"@id\":\"https:\/\/tranquilseas.two.testovaciverze.cz\/cs\/#organization\",\"name\":\"Tranquilseas Hotel Resort\",\"url\":\"https:\/\/tranquilseas.two.testovaciverze.cz\/cs\/\",\"logo\":{\"@type\":\"ImageObject\",\"inLanguage\":\"cs\",\"@id\":\"https:\/\/tranquilseas.two.testovaciverze.cz\/cs\/#\/schema\/logo\/image\/\",\"url\":\"https:\/\/tranquilseas.two.testovaciverze.cz\/wp-content\/uploads\/2019\/11\/tranquilseas-eco-lodge-and-dive-center-logo.jpg\",\"contentUrl\":\"https:\/\/tranquilseas.two.testovaciverze.cz\/wp-content\/uploads\/2019\/11\/tranquilseas-eco-lodge-and-dive-center-logo.jpg\",\"width\":320,\"height\":320,\"caption\":\"Tranquilseas Hotel Resort\"},\"image\":{\"@id\":\"https:\/\/tranquilseas.two.testovaciverze.cz\/cs\/#\/schema\/logo\/image\/\"},\"sameAs\":[\"https:\/\/www.facebook.com\/tranquilseasecolodge\/\",\"https:\/\/x.com\/tranquilseas\"]}]}<\/script>\n<!-- \/ Yoast SEO plugin. -->","yoast_head_json":{"title":"Eco Lodge | Tranquilseas Hotel Resort Roatan","description":"Je ve va\u0161em hled\u00e1\u010dku dovolen\u00e1 v\u00a0Karibiku? M\u016f\u017eete ji pro\u017e\u00edt takov\u00fdm zp\u016fsobem, aby va\u0161e cesta nezanechala \u017e\u00e1dnou stopu na n\u00e1dhern\u00fdch ostrovech Karibsk\u00e9ho mo\u0159e.","robots":{"index":"noindex","follow":"follow","max-snippet":"max-snippet:-1","max-image-preview":"max-image-preview:large","max-video-preview":"max-video-preview:-1"},"og_locale":"cs_CZ","og_type":"article","og_title":"Eco Lodge | Tranquilseas Hotel Resort Roatan","og_description":"Je ve va\u0161em hled\u00e1\u010dku dovolen\u00e1 v\u00a0Karibiku? M\u016f\u017eete ji pro\u017e\u00edt takov\u00fdm zp\u016fsobem, aby va\u0161e cesta nezanechala \u017e\u00e1dnou stopu na n\u00e1dhern\u00fdch ostrovech Karibsk\u00e9ho mo\u0159e.","og_url":"https:\/\/tranquilseas.two.testovaciverze.cz\/cs\/eco-lodge\/","og_site_name":"Tranquilseas Hotel Resort Roatan","article_publisher":"https:\/\/www.facebook.com\/tranquilseasecolodge\/","article_modified_time":"2019-12-07T10:40:25+00:00","og_image":[{"width":750,"height":420,"url":"https:\/\/tranquilseas.two.testovaciverze.cz\/wp-content\/uploads\/2019\/11\/eco-lodge-rozcestnik.jpg","type":"image\/jpeg"}],"twitter_card":"summary_large_image","twitter_site":"@tranquilseas","twitter_misc":{"Odhadovan\u00e1 doba \u010dten\u00ed":"2 minuty"},"schema":{"@context":"https:\/\/schema.org","@graph":[{"@type":"WebPage","@id":"https:\/\/tranquilseas.two.testovaciverze.cz\/cs\/eco-lodge\/","url":"https:\/\/tranquilseas.two.testovaciverze.cz\/cs\/eco-lodge\/","name":"Eco Lodge | Tranquilseas Hotel Resort Roatan","isPartOf":{"@id":"https:\/\/tranquilseas.two.testovaciverze.cz\/cs\/#website"},"primaryImageOfPage":{"@id":"https:\/\/tranquilseas.two.testovaciverze.cz\/cs\/eco-lodge\/#primaryimage"},"image":{"@id":"https:\/\/tranquilseas.two.testovaciverze.cz\/cs\/eco-lodge\/#primaryimage"},"thumbnailUrl":"https:\/\/tranquilseas.two.testovaciverze.cz\/wp-content\/uploads\/2018\/03\/divider2.png","datePublished":"2019-10-14T14:47:03+00:00","dateModified":"2019-12-07T10:40:25+00:00","description":"Je ve va\u0161em hled\u00e1\u010dku dovolen\u00e1 v\u00a0Karibiku? M\u016f\u017eete ji pro\u017e\u00edt takov\u00fdm zp\u016fsobem, aby va\u0161e cesta nezanechala \u017e\u00e1dnou stopu na n\u00e1dhern\u00fdch ostrovech Karibsk\u00e9ho mo\u0159e.","breadcrumb":{"@id":"https:\/\/tranquilseas.two.testovaciverze.cz\/cs\/eco-lodge\/#breadcrumb"},"inLanguage":"cs","potentialAction":[{"@type":"ReadAction","target":["https:\/\/tranquilseas.two.testovaciverze.cz\/cs\/eco-lodge\/"]}]},{"@type":"ImageObject","inLanguage":"cs","@id":"https:\/\/tranquilseas.two.testovaciverze.cz\/cs\/eco-lodge\/#primaryimage","url":"https:\/\/tranquilseas.two.testovaciverze.cz\/wp-content\/uploads\/2018\/03\/divider2.png","contentUrl":"https:\/\/tranquilseas.two.testovaciverze.cz\/wp-content\/uploads\/2018\/03\/divider2.png"},{"@type":"BreadcrumbList","@id":"https:\/\/tranquilseas.two.testovaciverze.cz\/cs\/eco-lodge\/#breadcrumb","itemListElement":[{"@type":"ListItem","position":1,"name":"Home","item":"https:\/\/tranquilseas.two.testovaciverze.cz\/cs\/"},{"@type":"ListItem","position":2,"name":"O n\u00e1s","item":"https:\/\/tranquilseas.two.testovaciverze.cz\/cs\/o-nas\/"},{"@type":"ListItem","position":3,"name":"Eco Lodge"}]},{"@type":"WebSite","@id":"https:\/\/tranquilseas.two.testovaciverze.cz\/cs\/#website","url":"https:\/\/tranquilseas.two.testovaciverze.cz\/cs\/","name":"Tranquilseas Hotel Resort Roatan","description":"","publisher":{"@id":"https:\/\/tranquilseas.two.testovaciverze.cz\/cs\/#organization"},"potentialAction":[{"@type":"SearchAction","target":{"@type":"EntryPoint","urlTemplate":"https:\/\/tranquilseas.two.testovaciverze.cz\/cs\/?s={search_term_string}"},"query-input":{"@type":"PropertyValueSpecification","valueRequired":true,"valueName":"search_term_string"}}],"inLanguage":"cs"},{"@type":"Organization","@id":"https:\/\/tranquilseas.two.testovaciverze.cz\/cs\/#organization","name":"Tranquilseas Hotel Resort","url":"https:\/\/tranquilseas.two.testovaciverze.cz\/cs\/","logo":{"@type":"ImageObject","inLanguage":"cs","@id":"https:\/\/tranquilseas.two.testovaciverze.cz\/cs\/#\/schema\/logo\/image\/","url":"https:\/\/tranquilseas.two.testovaciverze.cz\/wp-content\/uploads\/2019\/11\/tranquilseas-eco-lodge-and-dive-center-logo.jpg","contentUrl":"https:\/\/tranquilseas.two.testovaciverze.cz\/wp-content\/uploads\/2019\/11\/tranquilseas-eco-lodge-and-dive-center-logo.jpg","width":320,"height":320,"caption":"Tranquilseas Hotel Resort"},"image":{"@id":"https:\/\/tranquilseas.two.testovaciverze.cz\/cs\/#\/schema\/logo\/image\/"},"sameAs":["https:\/\/www.facebook.com\/tranquilseasecolodge\/","https:\/\/x.com\/tranquilseas"]}]}},"_links":{"self":[{"href":"https:\/\/tranquilseas.two.testovaciverze.cz\/cs\/wp-json\/wp\/v2\/pages\/2524","targetHints":{"allow":["GET"]}}],"collection":[{"href":"https:\/\/tranquilseas.two.testovaciverze.cz\/cs\/wp-json\/wp\/v2\/pages"}],"about":[{"href":"https:\/\/tranquilseas.two.testovaciverze.cz\/cs\/wp-json\/wp\/v2\/types\/page"}],"author":[{"embeddable":true,"href":"https:\/\/tranquilseas.two.testovaciverze.cz\/cs\/wp-json\/wp\/v2\/users\/1"}],"replies":[{"embeddable":true,"href":"https:\/\/tranquilseas.two.testovaciverze.cz\/cs\/wp-json\/wp\/v2\/comments?post=2524"}],"version-history":[{"count":1,"href":"https:\/\/tranquilseas.two.testovaciverze.cz\/cs\/wp-json\/wp\/v2\/pages\/2524\/revisions"}],"predecessor-version":[{"id":5576,"href":"https:\/\/tranquilseas.two.testovaciverze.cz\/cs\/wp-json\/wp\/v2\/pages\/2524\/revisions\/5576"}],"up":[{"embeddable":true,"href":"https:\/\/tranquilseas.two.testovaciverze.cz\/cs\/wp-json\/wp\/v2\/pages\/2134"}],"wp:attachment":[{"href":"https:\/\/tranquilseas.two.testovaciverze.cz\/cs\/wp-json\/wp\/v2\/media?parent=2524"}],"curies":[{"name":"wp","href":"https:\/\/api.w.org\/{rel}","templated":true}]}}