{"id":1878,"date":"2019-07-03T13:56:20","date_gmt":"2019-07-03T11:56:20","guid":{"rendered":"https:\/\/tranquilseas.two.testovaciverze.cz\/?page_id=1878"},"modified":"2020-09-21T11:50:51","modified_gmt":"2020-09-21T09:50:51","slug":"rezervace","status":"publish","type":"page","link":"https:\/\/tranquilseas.two.testovaciverze.cz\/cs\/rezervace\/","title":{"rendered":"Rezervace"},"content":{"rendered":"\t\t<div data-elementor-type=\"wp-post\" data-elementor-id=\"1878\" class=\"elementor elementor-1878\" data-elementor-post-type=\"page\">\n\t\t\t\t\t\t<section class=\"elementor-section elementor-top-section elementor-element elementor-element-0752adc elementor-section-stretched elementor-section-full_width elementor-section-height-min-height elementor-section-height-default elementor-section-items-middle\" data-id=\"0752adc\" data-element_type=\"section\" data-settings=\"{&quot;stretch_section&quot;:&quot;section-stretched&quot;,&quot;background_background&quot;:&quot;classic&quot;}\">\n\t\t\t\t\t\t\t<div class=\"elementor-background-overlay\"><\/div>\n\t\t\t\t\t\t\t<div class=\"elementor-container elementor-column-gap-no\">\n\t\t\t\t\t<div class=\"elementor-column elementor-col-100 elementor-top-column elementor-element elementor-element-38f6d2c\" data-id=\"38f6d2c\" data-element_type=\"column\">\n\t\t\t<div class=\"elementor-widget-wrap elementor-element-populated\">\n\t\t\t\t\t\t<div class=\"elementor-element elementor-element-2f43ff1 elementor-widget elementor-widget-heading\" data-id=\"2f43ff1\" data-element_type=\"widget\" data-widget_type=\"heading.default\">\n\t\t\t\t<div class=\"elementor-widget-container\">\n\t\t\t<h1 class=\"elementor-heading-title elementor-size-default\">REZERVACE<\/h1>\t\t<\/div>\n\t\t\t\t<\/div>\n\t\t\t\t<div class=\"elementor-element elementor-element-8acf4ef elementor-align-center elementor-widget elementor-widget-breadcrumbs\" data-id=\"8acf4ef\" data-element_type=\"widget\" data-widget_type=\"breadcrumbs.default\">\n\t\t\t\t<div class=\"elementor-widget-container\">\n\t\t\t<div id=\"breadcrumbs\"><span><span><a href=\"https:\/\/tranquilseas.two.testovaciverze.cz\/cs\/\">Home<\/a><\/span><\/span><\/div>\t\t<\/div>\n\t\t\t\t<\/div>\n\t\t\t\t\t<\/div>\n\t\t<\/div>\n\t\t\t\t\t<\/div>\n\t\t<\/section>\n\t\t\t\t<section class=\"elementor-section elementor-top-section elementor-element elementor-element-ede8e6e elementor-section-boxed elementor-section-height-default elementor-section-height-default\" data-id=\"ede8e6e\" data-element_type=\"section\">\n\t\t\t\t\t\t<div class=\"elementor-container elementor-column-gap-default\">\n\t\t\t\t\t<div class=\"elementor-column elementor-col-100 elementor-top-column elementor-element elementor-element-06cced1\" data-id=\"06cced1\" data-element_type=\"column\">\n\t\t\t<div class=\"elementor-widget-wrap elementor-element-populated\">\n\t\t\t\t\t\t<div class=\"elementor-element elementor-element-27b2510 elementor-widget elementor-widget-html\" data-id=\"27b2510\" data-element_type=\"widget\" data-widget_type=\"html.default\">\n\t\t\t\t<div class=\"elementor-widget-container\">\n\t\t\t<!-- Reservation PLUS start -->\r\n<script type=\"text\/javascript\" src=\"https:\/\/booking.previo.cz\/iframe\/\"><\/script>\r\n<iframe src=\"https:\/\/booking.previo.cz\/?hotId=740328&lang=cs&stayPricesPerRoom=1\" scrolling=\"no\" frameborder=\"0\" width=\"100%\" height=\"2000\" name=\"previo-booking-iframe\" id=\"previo-booking-iframe\" allowTransparency=\"true\"><\/iframe>\r\n<!-- Reservation PLUS end -->\t\t<\/div>\n\t\t\t\t<\/div>\n\t\t\t\t<div class=\"elementor-element elementor-element-706d1cb elementor-widget elementor-widget-spacer\" data-id=\"706d1cb\" data-element_type=\"widget\" data-widget_type=\"spacer.default\">\n\t\t\t\t<div class=\"elementor-widget-container\">\n\t\t\t\t\t<div class=\"elementor-spacer\">\n\t\t\t<div class=\"elementor-spacer-inner\"><\/div>\n\t\t<\/div>\n\t\t\t\t<\/div>\n\t\t\t\t<\/div>\n\t\t\t\t\t<\/div>\n\t\t<\/div>\n\t\t\t\t\t<\/div>\n\t\t<\/section>\n\t\t\t\t<\/div>\n\t\t","protected":false},"excerpt":{"rendered":"<p>REZERVACE<\/p>\n","protected":false},"author":1,"featured_media":0,"parent":0,"menu_order":0,"comment_status":"closed","ping_status":"closed","template":"","meta":{"_acf_changed":false,"footnotes":""},"class_list":["post-1878","page","type-page","status-publish","hentry"],"acf":[],"yoast_head":"<!-- This site is optimized with the Yoast SEO plugin v25.0 - https:\/\/yoast.com\/wordpress\/plugins\/seo\/ -->\n<title>Rezervace | Tranquilseas Hotel Resort Roatan<\/title>\n<meta name=\"description\" content=\"Hled\u00e1te dovolenou v\u00a0Karibiku? Seznamte se s\u00a0resortem Traquilseas, kter\u00fd le\u017e\u00ed na pl\u00e1\u017ei ostrova Roatan. Eco-lodge, pot\u00e1p\u011bn\u00ed, skv\u011bl\u00e1 atmosf\u00e9ra a vysok\u00e9 hodnocen\u00ed.\" \/>\n<meta name=\"robots\" content=\"noindex, follow, max-snippet:-1, max-image-preview:large, max-video-preview:-1\" \/>\n<meta property=\"og:locale\" content=\"cs_CZ\" \/>\n<meta property=\"og:type\" content=\"article\" \/>\n<meta property=\"og:title\" content=\"Rezervace | Tranquilseas Hotel Resort Roatan\" \/>\n<meta property=\"og:description\" content=\"Hled\u00e1te dovolenou v\u00a0Karibiku? Seznamte se s\u00a0resortem Traquilseas, kter\u00fd le\u017e\u00ed na pl\u00e1\u017ei ostrova Roatan. Eco-lodge, pot\u00e1p\u011bn\u00ed, skv\u011bl\u00e1 atmosf\u00e9ra a vysok\u00e9 hodnocen\u00ed.\" \/>\n<meta property=\"og:url\" content=\"https:\/\/tranquilseas.two.testovaciverze.cz\/cs\/rezervace\/\" \/>\n<meta property=\"og:site_name\" content=\"Tranquilseas Hotel Resort Roatan\" \/>\n<meta property=\"article:publisher\" content=\"https:\/\/www.facebook.com\/tranquilseasecolodge\/\" \/>\n<meta property=\"article:modified_time\" content=\"2020-09-21T09:50:51+00:00\" \/>\n<meta property=\"og:image\" content=\"https:\/\/tranquilseas.two.testovaciverze.cz\/wp-content\/uploads\/2019\/10\/rezervace-background.jpg\" \/>\n\t<meta property=\"og:image:width\" content=\"1920\" \/>\n\t<meta property=\"og:image:height\" content=\"665\" \/>\n\t<meta property=\"og:image:type\" content=\"image\/jpeg\" \/>\n<meta name=\"twitter:card\" content=\"summary_large_image\" \/>\n<meta name=\"twitter:site\" content=\"@tranquilseas\" \/>\n<script type=\"application\/ld+json\" class=\"yoast-schema-graph\">{\"@context\":\"https:\/\/schema.org\",\"@graph\":[{\"@type\":\"WebPage\",\"@id\":\"https:\/\/tranquilseas.two.testovaciverze.cz\/cs\/rezervace\/\",\"url\":\"https:\/\/tranquilseas.two.testovaciverze.cz\/cs\/rezervace\/\",\"name\":\"Rezervace | Tranquilseas Hotel Resort Roatan\",\"isPartOf\":{\"@id\":\"https:\/\/tranquilseas.two.testovaciverze.cz\/cs\/#website\"},\"datePublished\":\"2019-07-03T11:56:20+00:00\",\"dateModified\":\"2020-09-21T09:50:51+00:00\",\"description\":\"Hled\u00e1te dovolenou v\u00a0Karibiku? Seznamte se s\u00a0resortem Traquilseas, kter\u00fd le\u017e\u00ed na pl\u00e1\u017ei ostrova Roatan. Eco-lodge, pot\u00e1p\u011bn\u00ed, skv\u011bl\u00e1 atmosf\u00e9ra a vysok\u00e9 hodnocen\u00ed.\",\"breadcrumb\":{\"@id\":\"https:\/\/tranquilseas.two.testovaciverze.cz\/cs\/rezervace\/#breadcrumb\"},\"inLanguage\":\"cs\",\"potentialAction\":[{\"@type\":\"ReadAction\",\"target\":[\"https:\/\/tranquilseas.two.testovaciverze.cz\/cs\/rezervace\/\"]}]},{\"@type\":\"BreadcrumbList\",\"@id\":\"https:\/\/tranquilseas.two.testovaciverze.cz\/cs\/rezervace\/#breadcrumb\",\"itemListElement\":[{\"@type\":\"ListItem\",\"position\":1,\"name\":\"Home\",\"item\":\"https:\/\/tranquilseas.two.testovaciverze.cz\/cs\/\"},{\"@type\":\"ListItem\",\"position\":2,\"name\":\"Rezervace\"}]},{\"@type\":\"WebSite\",\"@id\":\"https:\/\/tranquilseas.two.testovaciverze.cz\/cs\/#website\",\"url\":\"https:\/\/tranquilseas.two.testovaciverze.cz\/cs\/\",\"name\":\"Tranquilseas Hotel Resort Roatan\",\"description\":\"\",\"publisher\":{\"@id\":\"https:\/\/tranquilseas.two.testovaciverze.cz\/cs\/#organization\"},\"potentialAction\":[{\"@type\":\"SearchAction\",\"target\":{\"@type\":\"EntryPoint\",\"urlTemplate\":\"https:\/\/tranquilseas.two.testovaciverze.cz\/cs\/?s={search_term_string}\"},\"query-input\":{\"@type\":\"PropertyValueSpecification\",\"valueRequired\":true,\"valueName\":\"search_term_string\"}}],\"inLanguage\":\"cs\"},{\"@type\":\"Organization\",\"@id\":\"https:\/\/tranquilseas.two.testovaciverze.cz\/cs\/#organization\",\"name\":\"Tranquilseas Hotel Resort\",\"url\":\"https:\/\/tranquilseas.two.testovaciverze.cz\/cs\/\",\"logo\":{\"@type\":\"ImageObject\",\"inLanguage\":\"cs\",\"@id\":\"https:\/\/tranquilseas.two.testovaciverze.cz\/cs\/#\/schema\/logo\/image\/\",\"url\":\"https:\/\/tranquilseas.two.testovaciverze.cz\/wp-content\/uploads\/2019\/11\/tranquilseas-eco-lodge-and-dive-center-logo.jpg\",\"contentUrl\":\"https:\/\/tranquilseas.two.testovaciverze.cz\/wp-content\/uploads\/2019\/11\/tranquilseas-eco-lodge-and-dive-center-logo.jpg\",\"width\":320,\"height\":320,\"caption\":\"Tranquilseas Hotel Resort\"},\"image\":{\"@id\":\"https:\/\/tranquilseas.two.testovaciverze.cz\/cs\/#\/schema\/logo\/image\/\"},\"sameAs\":[\"https:\/\/www.facebook.com\/tranquilseasecolodge\/\",\"https:\/\/x.com\/tranquilseas\"]}]}<\/script>\n<!-- \/ Yoast SEO plugin. -->","yoast_head_json":{"title":"Rezervace | Tranquilseas Hotel Resort Roatan","description":"Hled\u00e1te dovolenou v\u00a0Karibiku? Seznamte se s\u00a0resortem Traquilseas, kter\u00fd le\u017e\u00ed na pl\u00e1\u017ei ostrova Roatan. Eco-lodge, pot\u00e1p\u011bn\u00ed, skv\u011bl\u00e1 atmosf\u00e9ra a vysok\u00e9 hodnocen\u00ed.","robots":{"index":"noindex","follow":"follow","max-snippet":"max-snippet:-1","max-image-preview":"max-image-preview:large","max-video-preview":"max-video-preview:-1"},"og_locale":"cs_CZ","og_type":"article","og_title":"Rezervace | Tranquilseas Hotel Resort Roatan","og_description":"Hled\u00e1te dovolenou v\u00a0Karibiku? Seznamte se s\u00a0resortem Traquilseas, kter\u00fd le\u017e\u00ed na pl\u00e1\u017ei ostrova Roatan. Eco-lodge, pot\u00e1p\u011bn\u00ed, skv\u011bl\u00e1 atmosf\u00e9ra a vysok\u00e9 hodnocen\u00ed.","og_url":"https:\/\/tranquilseas.two.testovaciverze.cz\/cs\/rezervace\/","og_site_name":"Tranquilseas Hotel Resort Roatan","article_publisher":"https:\/\/www.facebook.com\/tranquilseasecolodge\/","article_modified_time":"2020-09-21T09:50:51+00:00","og_image":[{"width":1920,"height":665,"url":"https:\/\/tranquilseas.two.testovaciverze.cz\/wp-content\/uploads\/2019\/10\/rezervace-background.jpg","type":"image\/jpeg"}],"twitter_card":"summary_large_image","twitter_site":"@tranquilseas","schema":{"@context":"https:\/\/schema.org","@graph":[{"@type":"WebPage","@id":"https:\/\/tranquilseas.two.testovaciverze.cz\/cs\/rezervace\/","url":"https:\/\/tranquilseas.two.testovaciverze.cz\/cs\/rezervace\/","name":"Rezervace | Tranquilseas Hotel Resort Roatan","isPartOf":{"@id":"https:\/\/tranquilseas.two.testovaciverze.cz\/cs\/#website"},"datePublished":"2019-07-03T11:56:20+00:00","dateModified":"2020-09-21T09:50:51+00:00","description":"Hled\u00e1te dovolenou v\u00a0Karibiku? Seznamte se s\u00a0resortem Traquilseas, kter\u00fd le\u017e\u00ed na pl\u00e1\u017ei ostrova Roatan. Eco-lodge, pot\u00e1p\u011bn\u00ed, skv\u011bl\u00e1 atmosf\u00e9ra a vysok\u00e9 hodnocen\u00ed.","breadcrumb":{"@id":"https:\/\/tranquilseas.two.testovaciverze.cz\/cs\/rezervace\/#breadcrumb"},"inLanguage":"cs","potentialAction":[{"@type":"ReadAction","target":["https:\/\/tranquilseas.two.testovaciverze.cz\/cs\/rezervace\/"]}]},{"@type":"BreadcrumbList","@id":"https:\/\/tranquilseas.two.testovaciverze.cz\/cs\/rezervace\/#breadcrumb","itemListElement":[{"@type":"ListItem","position":1,"name":"Home","item":"https:\/\/tranquilseas.two.testovaciverze.cz\/cs\/"},{"@type":"ListItem","position":2,"name":"Rezervace"}]},{"@type":"WebSite","@id":"https:\/\/tranquilseas.two.testovaciverze.cz\/cs\/#website","url":"https:\/\/tranquilseas.two.testovaciverze.cz\/cs\/","name":"Tranquilseas Hotel Resort Roatan","description":"","publisher":{"@id":"https:\/\/tranquilseas.two.testovaciverze.cz\/cs\/#organization"},"potentialAction":[{"@type":"SearchAction","target":{"@type":"EntryPoint","urlTemplate":"https:\/\/tranquilseas.two.testovaciverze.cz\/cs\/?s={search_term_string}"},"query-input":{"@type":"PropertyValueSpecification","valueRequired":true,"valueName":"search_term_string"}}],"inLanguage":"cs"},{"@type":"Organization","@id":"https:\/\/tranquilseas.two.testovaciverze.cz\/cs\/#organization","name":"Tranquilseas Hotel Resort","url":"https:\/\/tranquilseas.two.testovaciverze.cz\/cs\/","logo":{"@type":"ImageObject","inLanguage":"cs","@id":"https:\/\/tranquilseas.two.testovaciverze.cz\/cs\/#\/schema\/logo\/image\/","url":"https:\/\/tranquilseas.two.testovaciverze.cz\/wp-content\/uploads\/2019\/11\/tranquilseas-eco-lodge-and-dive-center-logo.jpg","contentUrl":"https:\/\/tranquilseas.two.testovaciverze.cz\/wp-content\/uploads\/2019\/11\/tranquilseas-eco-lodge-and-dive-center-logo.jpg","width":320,"height":320,"caption":"Tranquilseas Hotel Resort"},"image":{"@id":"https:\/\/tranquilseas.two.testovaciverze.cz\/cs\/#\/schema\/logo\/image\/"},"sameAs":["https:\/\/www.facebook.com\/tranquilseasecolodge\/","https:\/\/x.com\/tranquilseas"]}]}},"_links":{"self":[{"href":"https:\/\/tranquilseas.two.testovaciverze.cz\/cs\/wp-json\/wp\/v2\/pages\/1878","targetHints":{"allow":["GET"]}}],"collection":[{"href":"https:\/\/tranquilseas.two.testovaciverze.cz\/cs\/wp-json\/wp\/v2\/pages"}],"about":[{"href":"https:\/\/tranquilseas.two.testovaciverze.cz\/cs\/wp-json\/wp\/v2\/types\/page"}],"author":[{"embeddable":true,"href":"https:\/\/tranquilseas.two.testovaciverze.cz\/cs\/wp-json\/wp\/v2\/users\/1"}],"replies":[{"embeddable":true,"href":"https:\/\/tranquilseas.two.testovaciverze.cz\/cs\/wp-json\/wp\/v2\/comments?post=1878"}],"version-history":[{"count":4,"href":"https:\/\/tranquilseas.two.testovaciverze.cz\/cs\/wp-json\/wp\/v2\/pages\/1878\/revisions"}],"predecessor-version":[{"id":6056,"href":"https:\/\/tranquilseas.two.testovaciverze.cz\/cs\/wp-json\/wp\/v2\/pages\/1878\/revisions\/6056"}],"wp:attachment":[{"href":"https:\/\/tranquilseas.two.testovaciverze.cz\/cs\/wp-json\/wp\/v2\/media?parent=1878"}],"curies":[{"name":"wp","href":"https:\/\/api.w.org\/{rel}","templated":true}]}}